{"id":234565,"date":"2024-04-15T14:49:34","date_gmt":"2024-04-15T18:49:34","guid":{"rendered":"https:\/\/flexigolf.ca\/?post_type=product&#038;p=234565"},"modified":"2024-10-18T09:40:52","modified_gmt":"2024-10-18T13:40:52","slug":"tournoi-de-golf-funky-21-septembre-au-club-de-golf-val-des-sources","status":"publish","type":"product","link":"https:\/\/flexigolf.ca\/en\/product\/tournoi-de-golf-funky-21-septembre-au-club-de-golf-val-des-sources\/","title":{"rendered":"Tournoi de golf funky &#8211; 21 septembre au Club de golf Val-des-Sources"},"content":{"rendered":"","protected":false},"excerpt":{"rendered":"<p><span style=\"font-weight: 400;\">Tu as toujours r\u00eav\u00e9 d\u2019un tournoi de golf ax\u00e9 sur le plaisir de jouer? On te propose un concept fly\u00e9 cette ann\u00e9e!\u00a0<\/span><\/p>\n<p><span style=\"font-weight: 400;\">Chaque trou aura une formule de golf diff\u00e9rente pour mettre au d\u00e9fi les membres de ton \u00e9quipe! Ce sera l\u2019occasion de cr\u00e9er une strat\u00e9gie adapt\u00e9e sur chaque trou!<\/span><\/p>\n<p><span style=\"font-weight: 400;\">Vient te mettre au d\u00e9fi pour le plaisir de jouer au golf d\u2019une autre fa\u00e7on!<\/span><\/p>\n<p><span style=\"font-weight: 400;\">Formule : diff\u00e9rente \u00e0 chaque trou.. tu dois \u00eatre pr\u00e9sent pour le voir \ud83d\ude09<\/span><\/p>\n<p><span style=\"font-weight: 400;\">Des \u00e9quipes de 4 joueurs.\u00a0<\/span><\/p>\n<p><span style=\"font-weight: 400;\">Inscris-toi seul ou en \u00e9quipe!<\/span><\/p>\n<p><span style=\"font-weight: 400;\">Horaire :\u00a0<\/span><\/p>\n<ul>\n<li style=\"font-weight: 400;\" aria-level=\"1\"><span style=\"font-weight: 400;\">Accueil 10h30<\/span><\/li>\n<li style=\"font-weight: 400;\" aria-level=\"1\"><span style=\"font-weight: 400;\">Activit\u00e9s avant le d\u00e9part 11h00<\/span><\/li>\n<li style=\"font-weight: 400;\" aria-level=\"1\"><span style=\"font-weight: 400;\">Explication des trous 12h00<\/span><\/li>\n<li style=\"font-weight: 400;\" aria-level=\"1\"><span style=\"font-weight: 400;\">D\u00e9but du tournoi 12h30<\/span><\/li>\n<li style=\"font-weight: 400;\" aria-level=\"1\"><span style=\"font-weight: 400;\">Buffet froid et remise de prix 18h00<\/span><\/li>\n<\/ul>\n<p>&nbsp;<\/p>\n<p><span style=\"font-weight: 400;\">Votre billet inclus :\u00a0<\/span><\/p>\n<ul>\n<li style=\"font-weight: 400;\" aria-level=\"1\"><span style=\"font-weight: 400;\">Activit\u00e9s et animation sur le parcours<\/span><\/li>\n<li style=\"font-weight: 400;\" aria-level=\"1\"><span style=\"font-weight: 400;\">18 trous avec voiturette<\/span><\/li>\n<li style=\"font-weight: 400;\" aria-level=\"1\"><span style=\"font-weight: 400;\">Prix de participation<\/span><\/li>\n<li style=\"font-weight: 400;\" aria-level=\"1\"><span style=\"font-weight: 400;\">Buffet froid apr\u00e8s la partie<\/span><\/li>\n<li style=\"font-weight: 400;\" aria-level=\"1\"><span style=\"font-weight: 400;\">Plaisir garanti!<\/span><\/li>\n<li style=\"font-weight: 400;\" aria-level=\"1\"><span style=\"font-weight: 400;\">5$ \u00e0 la Fondation FlexiGolf par participation<\/span><\/li>\n<\/ul>\n","protected":false},"featured_media":234566,"template":"","meta":{"_et_pb_use_builder":"","_et_pb_old_content":"","_et_gb_content_width":""},"product_brand":[],"product_cat":[3754],"product_tag":[],"class_list":{"0":"post-234565","1":"product","2":"type-product","3":"status-publish","4":"has-post-thumbnail","6":"product_cat-terminee","8":"first","9":"outofstock","10":"downloadable","11":"taxable","12":"shipping-taxable","13":"purchasable","14":"product-type-simple"},"_links":{"self":[{"href":"https:\/\/flexigolf.ca\/en\/wp-json\/wp\/v2\/product\/234565","targetHints":{"allow":["GET"]}}],"collection":[{"href":"https:\/\/flexigolf.ca\/en\/wp-json\/wp\/v2\/product"}],"about":[{"href":"https:\/\/flexigolf.ca\/en\/wp-json\/wp\/v2\/types\/product"}],"wp:featuredmedia":[{"embeddable":true,"href":"https:\/\/flexigolf.ca\/en\/wp-json\/wp\/v2\/media\/234566"}],"wp:attachment":[{"href":"https:\/\/flexigolf.ca\/en\/wp-json\/wp\/v2\/media?parent=234565"}],"wp:term":[{"taxonomy":"product_brand","embeddable":true,"href":"https:\/\/flexigolf.ca\/en\/wp-json\/wp\/v2\/product_brand?post=234565"},{"taxonomy":"product_cat","embeddable":true,"href":"https:\/\/flexigolf.ca\/en\/wp-json\/wp\/v2\/product_cat?post=234565"},{"taxonomy":"product_tag","embeddable":true,"href":"https:\/\/flexigolf.ca\/en\/wp-json\/wp\/v2\/product_tag?post=234565"}],"curies":[{"name":"wp","href":"https:\/\/api.w.org\/{rel}","templated":true}]}}