{"id":234967,"date":"2024-04-21T07:36:54","date_gmt":"2024-04-21T11:36:54","guid":{"rendered":"https:\/\/flexigolf.ca\/?post_type=product&#038;p=234967"},"modified":"2025-07-15T07:53:37","modified_gmt":"2025-07-15T11:53:37","slug":"abonnement-golf-canada-tarif-exclusif-club-virtuel-flexigolf","status":"publish","type":"product","link":"https:\/\/flexigolf.ca\/en\/product\/abonnement-golf-canada-tarif-exclusif-club-virtuel-flexigolf\/","title":{"rendered":"Abonnement Golf Canada- Tarif exclusif &#8211; Club virtuel FlexiGolf 2025"},"content":{"rendered":"<h1>Abonnement Golf Canada- Tarif exclusif &#8211; Club virtuel FlexiGolf<\/h1>\n<p><span style=\"font-weight: 400;\">En plus d\u2019avoir un impact positif sur le golf au Qu\u00e9bec, votre cotisation annuelle vous donne droit \u00e0 des avantages!<\/span><\/p>\n<ol>\n<li style=\"font-weight: 400;\" aria-level=\"1\"><span style=\"font-weight: 400;\">Vous avez acc\u00e8s \u00e0 une protection d\u2019assurance qui couvre plusieurs choses importantes, dont notamment le vol ou la perte de vos b\u00e2tons. Vous \u00eates aussi couvert pour un bris caus\u00e9 par votre balle sur un terrain, que ce soit sur une vitre d\u2019auto ou encore celle d\u2019une r\u00e9sidence autour d\u2019un parcours de golf ou m\u00eame pour un bris de voiturette.<\/span><\/li>\n<li style=\"font-weight: 400;\" aria-level=\"1\"><span style=\"font-weight: 400;\">Vous avez acc\u00e8s \u00e0 un syst\u00e8me d\u2019handicap international qui vous permet de participer \u00e0 diff\u00e9rents tournois de la f\u00e9d\u00e9ration<\/span><\/li>\n<li style=\"font-weight: 400;\" aria-level=\"1\"><span style=\"font-weight: 400;\">Votre abonnement agit comme passeport de golf et vous permet de jouer dans des pays o\u00f9 le golf est plus r\u00e9glement\u00e9, comme par exemple la France.<\/span><\/li>\n<li style=\"font-weight: 400;\" aria-level=\"1\"><span style=\"font-weight: 400;\">Vous donne droit \u00e0 une formation en ligne gratuite sur les r\u00e8gles de golf<\/span><\/li>\n<li style=\"font-weight: 400;\" aria-level=\"1\"><span style=\"font-weight: 400;\">Vous donne un rabais de 25% sur vos locations d\u2019auto avec AVIS<\/span><\/li>\n<li style=\"font-weight: 400;\" aria-level=\"1\"><span style=\"font-weight: 400;\">Vous donne un rabais de 11% ou un surclassement gratuit dans les h\u00f4tels Hilton<\/span><\/li>\n<li style=\"font-weight: 400;\" aria-level=\"1\"><span style=\"font-weight: 400;\">Vous donne droit \u00e0 des \u00e9tiquettes d\u2019identification pour sac de golf<\/span><\/li>\n<\/ol>\n<p><span style=\"font-weight: 400;\">Pour conna\u00eetre tous les d\u00e9tails, consultez ce document\u00a0 https:\/\/cdn.golfcanada.ca\/app\/uploads\/golfcanada\/production\/2020\/01\/15160249\/Golf-Qu\u00e9bec-Booklet-2020-FR.pdf<\/span><\/p>\n<p><span style=\"font-weight: 400;\">Toute personne passionn\u00e9e par son sport est consciente de l\u2019importance de cr\u00e9er une rel\u00e8ve et surtout d\u2019avoir un sport en bonne sant\u00e9. C\u2019est exactement la mission de Golf Qu\u00e9bec. Abonnez-vous \u00e0 Golf Qu\u00e9bec dans notre club virtuel FlexiGolf en profitant de notre tarif pr\u00e9f\u00e9rentiel juste ici :\u00a0<\/span><\/p>\n<p>&nbsp;<\/p>\n","protected":false},"excerpt":{"rendered":"<h1>Abonnement Golf Canada- Tarif exclusif &#8211; Club virtuel FlexiGolf 2025<\/h1>\n<p>Abonnement d&#8217;un an au tarif pr\u00e9f\u00e9rentiel de FlexiGolf et devient membre de notre club de golf virtuel :<\/p>\n<p><span style=\"font-weight: 400;\">En plus d\u2019avoir un impact positif sur le golf au Qu\u00e9bec, votre cotisation annuelle vous donne droit \u00e0 des avantages!<\/span><\/p>\n<ol>\n<li style=\"font-weight: 400;\" aria-level=\"1\"><span style=\"font-weight: 400;\">Vous avez acc\u00e8s \u00e0 une protection d\u2019assurance qui couvre plusieurs choses importantes, dont notamment le vol ou la perte de vos b\u00e2tons. Vous \u00eates aussi couvert pour un bris caus\u00e9 par votre balle sur un terrain, que ce soit sur une vitre d\u2019auto ou encore celle d\u2019une r\u00e9sidence autour d\u2019un parcours de golf ou m\u00eame pour un bris de voiturette.<\/span><\/li>\n<li style=\"font-weight: 400;\" aria-level=\"1\"><span style=\"font-weight: 400;\">Vous avez acc\u00e8s \u00e0 un syst\u00e8me d\u2019handicap international qui vous permet de participer \u00e0 diff\u00e9rents tournois<\/span><\/li>\n<li style=\"font-weight: 400;\" aria-level=\"1\"><span style=\"font-weight: 400;\">Votre abonnement agit comme passeport de golf et vous permet de jouer dans des pays o\u00f9 le golf est plus r\u00e9glement\u00e9, comme par exemple la France.<\/span><\/li>\n<li style=\"font-weight: 400;\" aria-level=\"1\"><span style=\"font-weight: 400;\">Vous donne droit \u00e0 une formation en ligne gratuite sur les r\u00e8gles de golf<\/span><\/li>\n<li style=\"font-weight: 400;\" aria-level=\"1\"><span style=\"font-weight: 400;\">Vous donne un rabais de 25% sur vos locations d\u2019auto avec AVIS<\/span><\/li>\n<li style=\"font-weight: 400;\" aria-level=\"1\"><span style=\"font-weight: 400;\">Vous donne un rabais de 11% ou un surclassement gratuit dans les h\u00f4tels Hilton<\/span><\/li>\n<li style=\"font-weight: 400;\" aria-level=\"1\"><span style=\"font-weight: 400;\">Vous donne droit \u00e0 des \u00e9tiquettes d\u2019identification pour sac de golf<\/span><\/li>\n<\/ol>\n<p><span style=\"font-weight: 400;\">Pour conna\u00eetre tous les d\u00e9tails, consultez ce document\u00a0 https:\/\/cdn.golfcanada.ca\/app\/uploads\/golfcanada\/production\/2020\/01\/15160249\/Golf-Qu\u00e9bec-Booklet-2020-FR.pdf<\/span><\/p>\n<p>Tu recevras un courriel avec ton num\u00e9ro temporaire de code. Apr\u00e8s ton achat, tu \u00e9cris \u00e0 Olivier@flexigolf.ca en lui mentionnant :<\/p>\n<ul>\n<li>Ton code de billet<\/li>\n<li>Ta date de naissance<\/li>\n<li>Si tu as d\u00e9j\u00e0 \u00e9t\u00e9 membre, \u00e9cris nous aussi ton ancien num\u00e9ro de membre<\/li>\n<li>Tu recevras un courriel avec toutes les informations de votre compte par la suite.<\/li>\n<\/ul>\n","protected":false},"featured_media":234968,"template":"","meta":{"_et_pb_use_builder":"","_et_pb_old_content":"","_et_gb_content_width":""},"product_brand":[],"product_cat":[3897],"product_tag":[],"class_list":{"0":"post-234967","1":"product","2":"type-product","3":"status-publish","4":"has-post-thumbnail","6":"product_cat-abonnement-golf-canada","8":"first","9":"instock","10":"sale","11":"downloadable","12":"taxable","13":"shipping-taxable","14":"purchasable","15":"product-type-simple"},"_links":{"self":[{"href":"https:\/\/flexigolf.ca\/en\/wp-json\/wp\/v2\/product\/234967","targetHints":{"allow":["GET"]}}],"collection":[{"href":"https:\/\/flexigolf.ca\/en\/wp-json\/wp\/v2\/product"}],"about":[{"href":"https:\/\/flexigolf.ca\/en\/wp-json\/wp\/v2\/types\/product"}],"wp:featuredmedia":[{"embeddable":true,"href":"https:\/\/flexigolf.ca\/en\/wp-json\/wp\/v2\/media\/234968"}],"wp:attachment":[{"href":"https:\/\/flexigolf.ca\/en\/wp-json\/wp\/v2\/media?parent=234967"}],"wp:term":[{"taxonomy":"product_brand","embeddable":true,"href":"https:\/\/flexigolf.ca\/en\/wp-json\/wp\/v2\/product_brand?post=234967"},{"taxonomy":"product_cat","embeddable":true,"href":"https:\/\/flexigolf.ca\/en\/wp-json\/wp\/v2\/product_cat?post=234967"},{"taxonomy":"product_tag","embeddable":true,"href":"https:\/\/flexigolf.ca\/en\/wp-json\/wp\/v2\/product_tag?post=234967"}],"curies":[{"name":"wp","href":"https:\/\/api.w.org\/{rel}","templated":true}]}}