{"id":237118,"date":"2024-05-13T21:26:14","date_gmt":"2024-05-14T01:26:14","guid":{"rendered":"https:\/\/flexigolf.ca\/?post_type=product&#038;p=237118"},"modified":"2024-10-18T09:17:51","modified_gmt":"2024-10-18T13:17:51","slug":"club-de-golf-boule-rock-golf-et-voiturette-utilisable-lundi-au-vendredi-pour-le-mois-de-mai","status":"publish","type":"product","link":"https:\/\/flexigolf.ca\/en\/product\/club-de-golf-boule-rock-golf-et-voiturette-utilisable-lundi-au-vendredi-pour-le-mois-de-mai\/","title":{"rendered":"Club de golf Boule Rock &#8211; Golf et voiturette (utilisable lundi au vendredi pour le mois de mai)"},"content":{"rendered":"<h1>Club de golf Boule Rock,\u00a0Gasp\u00e9sie<\/h1>\n<h3>18 trous, normale 72<\/h3>\n<p>Le club de golf Boule Rock un parcours de golf de 18 trous situ\u00e9 \u00e0 M\u00e9tis-sur-mer dans la village les Boules sera vous charmer par son c\u00f4t\u00e9 golf panoramique! En effet, vous aurez une vue sur le st-Laurent sur la majorit\u00e9 des trous, ce qui en fait un moment de pl\u00e9nitude parfait pour le golf. Surtout lorsqu\u2019on est loin de tomber dedans &#x1f609;<\/p>\n<p>Les all\u00e9es sont pour la plupart permissives mais les verts assez prot\u00e9g\u00e9s! Les arbres sont matures, ce qui lui donne un cachet unique. Il est un des plus vieux clubs de golf de la r\u00e9gion, soit construit officiellement en 1919, mais de r\u00e9centes d\u00e9couvertes suppose plut\u00f4t 1910 comme date de cr\u00e9ation. \u00c0 l\u2019\u00e9poque, il s\u2019agissait d\u2019un 9 trous.<\/p>\n","protected":false},"excerpt":{"rendered":"<p>Profitez de cette offre au Club de golf Boule Rock pour le mois de mai 2024!<\/p>\n<p>D\u00e9couvrez ce club de golf avec cette offre qui inclus :<\/p>\n<ul>\n<li>1 Ronde de golf 18 trous \u00e0 pied<\/li>\n<\/ul>\n<p>Vous pouvez r\u00e9server votre offre 14 jours \u00e0 l&#8217;avance.<\/p>\n<p><strong>Cette offre est utilisable en tout temps du lundi au vendredi pour le mois de mai 2024.<\/strong><\/p>\n","protected":false},"featured_media":24464,"template":"","meta":{"_et_pb_use_builder":"","_et_pb_old_content":"","_et_gb_content_width":""},"product_brand":[],"product_cat":[3912],"product_tag":[3914],"class_list":{"0":"post-237118","1":"product","2":"type-product","3":"status-publish","4":"has-post-thumbnail","6":"product_cat-completed","7":"product_tag-beginning-of-the-season","9":"first","10":"outofstock","11":"downloadable","12":"taxable","13":"shipping-taxable","14":"purchasable","15":"product-type-simple"},"_links":{"self":[{"href":"https:\/\/flexigolf.ca\/en\/wp-json\/wp\/v2\/product\/237118","targetHints":{"allow":["GET"]}}],"collection":[{"href":"https:\/\/flexigolf.ca\/en\/wp-json\/wp\/v2\/product"}],"about":[{"href":"https:\/\/flexigolf.ca\/en\/wp-json\/wp\/v2\/types\/product"}],"wp:featuredmedia":[{"embeddable":true,"href":"https:\/\/flexigolf.ca\/en\/wp-json\/wp\/v2\/media\/24464"}],"wp:attachment":[{"href":"https:\/\/flexigolf.ca\/en\/wp-json\/wp\/v2\/media?parent=237118"}],"wp:term":[{"taxonomy":"product_brand","embeddable":true,"href":"https:\/\/flexigolf.ca\/en\/wp-json\/wp\/v2\/product_brand?post=237118"},{"taxonomy":"product_cat","embeddable":true,"href":"https:\/\/flexigolf.ca\/en\/wp-json\/wp\/v2\/product_cat?post=237118"},{"taxonomy":"product_tag","embeddable":true,"href":"https:\/\/flexigolf.ca\/en\/wp-json\/wp\/v2\/product_tag?post=237118"}],"curies":[{"name":"wp","href":"https:\/\/api.w.org\/{rel}","templated":true}]}}