{"id":237250,"date":"2024-05-16T10:45:15","date_gmt":"2024-05-16T14:45:15","guid":{"rendered":"https:\/\/flexigolf.ca\/?post_type=product&#038;p=237250"},"modified":"2024-08-01T15:43:11","modified_gmt":"2024-08-01T19:43:11","slug":"13-juillet-journee-decouverte-du-golf-tous-age-au-golf-du-peps-de-luniversite-laval-quebec","status":"publish","type":"product","link":"https:\/\/flexigolf.ca\/en\/product\/13-juillet-journee-decouverte-du-golf-tous-age-au-golf-du-peps-de-luniversite-laval-quebec\/","title":{"rendered":"13 juillet &#8211; Journ\u00e9e d\u00e9couverte du golf (tous \u00e2ge) &#8211; Au golf du Peps de l&#8217;Universit\u00e9 Laval (qu\u00e9bec)"},"content":{"rendered":"<div>Tu veux commencer le golf cet\u00a0\u00e9t\u00e9? Tu veux t&#8217;initier ou approfondir tes connaissances\u00a0? On a l&#8217;activit\u00e9 parfaite pour toi!<\/div>\n<div><\/div>\n<div>Quand : 13 juillet \u00e0 13h00<\/div>\n<div>O\u00f9 : golf du PEPS de L&#8217;universit\u00e9 Laval.<\/div>\n<div>Cible : Les familles avec enfants et les adultes<\/div>\n<div><\/div>\n<div>Tu dis, il y a un golf l\u00e0? Et oui! C&#8217;est un endroit parfait pour se pratiquer : champ de pratique avec plusieurs airs de frappes, trappes de sables et vert de pratique. Il y a m\u00eame\u00a0un espace familial pour se d\u00e9tendre.<\/div>\n<div><\/div>\n<div><i>Au menu lors de l&#8217;activit\u00e9 :\u00a0<\/i><\/div>\n<div>&#8211; balles de pratique<\/div>\n<div>&#8211; acc\u00e8s au mini-putt et aux aires de pratiques de jeu court<\/div>\n<div>&#8211; animation<\/div>\n<div>&#8211; un clinique offerte par un enseignant de golf<\/div>\n<div>&#8211; prix de pr\u00e9sence<\/div>\n<div><\/div>\n<div>Viens t&#8217;initier au golf pour la saison! Inscris-toi seul ou entre ami(e)s! Fais vite, les places sont limit\u00e9es!<\/div>\n","protected":false},"excerpt":{"rendered":"<p><em><strong>Tu veux commencer le golf cet\u00a0\u00e9t\u00e9? Tu veux t&#8217;initier ou approfondir tes connaissances\u00a0? On a l&#8217;activit\u00e9 parfaite pour toi!<\/strong><\/em><\/p>\n<h3>Quand : 13 juillet \u00e0 13h00<\/h3>\n<h3>O\u00f9 : golf du PEPS de L&#8217;universit\u00e9 Laval.<\/h3>\n<div>Tu dis, il y a un golf l\u00e0? Et oui! C&#8217;est un endroit parfait pour se pratiquer : champ de pratique avec plusieurs airs de frappes, trappes de sables et vert de pratique. Il y a m\u00eame\u00a0un espace familial pour se d\u00e9tendre.<\/div>\n<div><\/div>\n<div>Cible : Les familles avec enfants et les adultes<\/div>\n<div>Prix : 25$ (pour un adulte ou un adulte avec enfants)<\/div>\n<div><i>Au menu lors de l&#8217;activit\u00e9 :\u00a0<\/i><\/div>\n<ul>\n<li>balles de pratique<\/li>\n<li>acc\u00e8s au mini-putt et aux aires de pratiques de jeu court<\/li>\n<li>animation<\/li>\n<li>un clinique offerte par un enseignant de golf<\/li>\n<li>prix de pr\u00e9sence<\/li>\n<\/ul>\n<div><\/div>\n<div>Viens t&#8217;initier au golf pour la saison! Inscris-toi seul ou entre ami(e)s! Fais vite, les places sont limit\u00e9es!<\/div>\n","protected":false},"featured_media":239113,"template":"","meta":{"_et_pb_use_builder":"","_et_pb_old_content":"","_et_gb_content_width":""},"product_brand":[],"product_cat":[3912],"product_tag":[],"class_list":{"0":"post-237250","1":"product","2":"type-product","3":"status-publish","4":"has-post-thumbnail","6":"product_cat-completed","8":"first","9":"instock","10":"downloadable","11":"taxable","12":"shipping-taxable","13":"purchasable","14":"product-type-simple"},"_links":{"self":[{"href":"https:\/\/flexigolf.ca\/en\/wp-json\/wp\/v2\/product\/237250","targetHints":{"allow":["GET"]}}],"collection":[{"href":"https:\/\/flexigolf.ca\/en\/wp-json\/wp\/v2\/product"}],"about":[{"href":"https:\/\/flexigolf.ca\/en\/wp-json\/wp\/v2\/types\/product"}],"wp:featuredmedia":[{"embeddable":true,"href":"https:\/\/flexigolf.ca\/en\/wp-json\/wp\/v2\/media\/239113"}],"wp:attachment":[{"href":"https:\/\/flexigolf.ca\/en\/wp-json\/wp\/v2\/media?parent=237250"}],"wp:term":[{"taxonomy":"product_brand","embeddable":true,"href":"https:\/\/flexigolf.ca\/en\/wp-json\/wp\/v2\/product_brand?post=237250"},{"taxonomy":"product_cat","embeddable":true,"href":"https:\/\/flexigolf.ca\/en\/wp-json\/wp\/v2\/product_cat?post=237250"},{"taxonomy":"product_tag","embeddable":true,"href":"https:\/\/flexigolf.ca\/en\/wp-json\/wp\/v2\/product_tag?post=237250"}],"curies":[{"name":"wp","href":"https:\/\/api.w.org\/{rel}","templated":true}]}}