{"id":241380,"date":"2024-07-03T10:20:21","date_gmt":"2024-07-03T14:20:21","guid":{"rendered":"https:\/\/flexigolf.ca\/?post_type=product&#038;p=241380"},"modified":"2025-01-27T15:23:36","modified_gmt":"2025-01-27T20:23:36","slug":"club-de-golf-la-faune-1-joueur-18-trous-avec-voiturette-entre-14h00-et-16h00","status":"publish","type":"product","link":"https:\/\/flexigolf.ca\/en\/product\/club-de-golf-la-faune-1-joueur-18-trous-avec-voiturette-entre-14h00-et-16h00\/","title":{"rendered":"Club de golf La Faune &#8211; 1 joueur 18 trous &#8211; avec voiturette  (entre 14h00 et 16h00)"},"content":{"rendered":"<h1>Club de golf La Faune<\/h1>\n<h2>18 trous, capitale-nationale<\/h2>\n<p><span style=\"font-weight: 400;\">Un parcours de 18 trous de style links situ\u00e9 \u00e0 quelques minutes du centre-ville de Qu\u00e9bec. La qualit\u00e9 est toujours au rendez-vous lors d\u2019une visite au Club de golf La Faune, du service client au terrain! Vous serez enchant\u00e9 par votre partie et celle-ci sera une exp\u00e9rience unique.\u00a0<\/span><\/p>\n<p><span style=\"font-weight: 400;\">Le parcours sera vous offrir un d\u00e9fi golfique avec ses all\u00e9es plut\u00f4t serr\u00e9s ainsi que les verts bien prot\u00e9g\u00e9s et rapide. Le golf strat\u00e9gique sera ici une option int\u00e9ressante pour la r\u00e9ussite \ud83d\ude09\u00a0<\/span><\/p>\n<p><span style=\"font-weight: 400;\">Un arr\u00eat apr\u00e8s la ronde est une excellente id\u00e9e au restaurant de l\u2019h\u00f4tel sur la magnifique terrasse. Un endroit id\u00e9al aussi pour une escapade de golf avec h\u00e9bergement!<\/span><\/p>\n","protected":false},"excerpt":{"rendered":"<p>D\u00e9couvrez ce superbe club de golf \u00e0 proximit\u00e9 de la ville de Qu\u00e9bec dot\u00e9 de superbes installations golfiques!<\/p>\n<ul>\n<li>Une ronde de 18 trous<\/li>\n<li>Avec la voiturette (partag\u00e9e)<\/li>\n<\/ul>\n<p><strong>Utilisable tous les jours du lundi au dimanche avant 14h00 et 16h00 pour la saison 2024 (sauf le vendredi).<\/strong><\/p>\n<p>Vous pouvez r\u00e9server vos d\u00e9parts 6 jours \u00e0 l&#8217;avance!<\/p>\n","protected":false},"featured_media":222604,"template":"","meta":{"_et_pb_use_builder":"","_et_pb_old_content":"","_et_gb_content_width":""},"product_brand":[],"product_cat":[3701],"product_tag":[3785],"class_list":{"0":"post-241380","1":"product","2":"type-product","3":"status-publish","4":"has-post-thumbnail","6":"product_cat-unclassified","7":"product_tag-at-all-times-en","9":"first","10":"outofstock","11":"downloadable","12":"taxable","13":"shipping-taxable","14":"purchasable","15":"product-type-simple"},"_links":{"self":[{"href":"https:\/\/flexigolf.ca\/en\/wp-json\/wp\/v2\/product\/241380","targetHints":{"allow":["GET"]}}],"collection":[{"href":"https:\/\/flexigolf.ca\/en\/wp-json\/wp\/v2\/product"}],"about":[{"href":"https:\/\/flexigolf.ca\/en\/wp-json\/wp\/v2\/types\/product"}],"wp:featuredmedia":[{"embeddable":true,"href":"https:\/\/flexigolf.ca\/en\/wp-json\/wp\/v2\/media\/222604"}],"wp:attachment":[{"href":"https:\/\/flexigolf.ca\/en\/wp-json\/wp\/v2\/media?parent=241380"}],"wp:term":[{"taxonomy":"product_brand","embeddable":true,"href":"https:\/\/flexigolf.ca\/en\/wp-json\/wp\/v2\/product_brand?post=241380"},{"taxonomy":"product_cat","embeddable":true,"href":"https:\/\/flexigolf.ca\/en\/wp-json\/wp\/v2\/product_cat?post=241380"},{"taxonomy":"product_tag","embeddable":true,"href":"https:\/\/flexigolf.ca\/en\/wp-json\/wp\/v2\/product_tag?post=241380"}],"curies":[{"name":"wp","href":"https:\/\/api.w.org\/{rel}","templated":true}]}}