{"id":244663,"date":"2024-08-01T07:53:04","date_gmt":"2024-08-01T11:53:04","guid":{"rendered":"https:\/\/flexigolf.ca\/?post_type=product&#038;p=244663"},"modified":"2024-10-18T09:00:33","modified_gmt":"2024-10-18T13:00:33","slug":"golf-des-lacs-12-trous-lundi-au-jeudi-pour-4-joueurs","status":"publish","type":"product","link":"https:\/\/flexigolf.ca\/en\/product\/golf-des-lacs-12-trous-lundi-au-jeudi-pour-4-joueurs\/","title":{"rendered":"Golf des lacs &#8211; 12 trous en voiturette &#8211; lundi au jeudi pour 4 joueurs"},"content":{"rendered":"<h1>Golf des Lacs<\/h1>\n<p><em><strong>12 trous<\/strong><\/em><\/p>\n<p>Le Golf des Lacs est un magnifique parcours de golf situ\u00e9 \u00e0 Bromont. Avec ses 12 trous, il offre une exp\u00e9rience de jeu stimulante pour tous les niveaux de golfeurs, du d\u00e9butant \u00e0 l\u2019avanc\u00e9.<\/p>\n<p>Le terrain est impeccablement entretenu, avec plusieurs lacs qui ajoutent un d\u00e9fi suppl\u00e9mentaire pour les joueurs.<\/p>\n<p>Que vous soyez \u00e0 la recherche d\u2019un parcours pour am\u00e9liorer votre jeu ou simplement pour passer une journ\u00e9e agr\u00e9able, le Golf des Lacs est l\u2019endroit parfait pour vous.<\/p>\n","protected":false},"excerpt":{"rendered":"<p>Profitez de cette offre pour d\u00e9couvrir le Club de golf des Lacs situ\u00e9 en Estrie<\/p>\n<p>Cette offre inclus :<\/p>\n<ul>\n<li>4 joueurs ronde de 18 trous<\/li>\n<li>Avec voiturette<\/li>\n<\/ul>\n<p><strong>Utilisable du lundi au jeudi apr\u00e8s 13h00. Vous pouvez r\u00e9server votre d\u00e9part 24h \u00e0 l&#8217;avance.\u00a0<\/strong><\/p>\n","protected":false},"featured_media":244730,"template":"","meta":{"_et_pb_use_builder":"","_et_pb_old_content":"","_et_gb_content_width":""},"product_brand":[],"product_cat":[3754],"product_tag":[],"class_list":{"0":"post-244663","1":"product","2":"type-product","3":"status-publish","4":"has-post-thumbnail","6":"product_cat-terminee","8":"first","9":"outofstock","10":"downloadable","11":"taxable","12":"shipping-taxable","13":"purchasable","14":"product-type-simple"},"_links":{"self":[{"href":"https:\/\/flexigolf.ca\/en\/wp-json\/wp\/v2\/product\/244663","targetHints":{"allow":["GET"]}}],"collection":[{"href":"https:\/\/flexigolf.ca\/en\/wp-json\/wp\/v2\/product"}],"about":[{"href":"https:\/\/flexigolf.ca\/en\/wp-json\/wp\/v2\/types\/product"}],"wp:featuredmedia":[{"embeddable":true,"href":"https:\/\/flexigolf.ca\/en\/wp-json\/wp\/v2\/media\/244730"}],"wp:attachment":[{"href":"https:\/\/flexigolf.ca\/en\/wp-json\/wp\/v2\/media?parent=244663"}],"wp:term":[{"taxonomy":"product_brand","embeddable":true,"href":"https:\/\/flexigolf.ca\/en\/wp-json\/wp\/v2\/product_brand?post=244663"},{"taxonomy":"product_cat","embeddable":true,"href":"https:\/\/flexigolf.ca\/en\/wp-json\/wp\/v2\/product_cat?post=244663"},{"taxonomy":"product_tag","embeddable":true,"href":"https:\/\/flexigolf.ca\/en\/wp-json\/wp\/v2\/product_tag?post=244663"}],"curies":[{"name":"wp","href":"https:\/\/api.w.org\/{rel}","templated":true}]}}