{"id":249779,"date":"2024-11-16T00:00:39","date_gmt":"2024-11-16T05:00:39","guid":{"rendered":"https:\/\/flexigolf.ca\/?post_type=product&#038;p=249779"},"modified":"2025-09-12T10:20:05","modified_gmt":"2025-09-12T14:20:05","slug":"club-de-golf-hemmingford-parcours-village-prive-duo-de-golfeur-a-pied-en-tout-temps-saison-2025","status":"publish","type":"product","link":"https:\/\/flexigolf.ca\/en\/product\/club-de-golf-hemmingford-parcours-village-prive-duo-de-golfeur-a-pied-en-tout-temps-saison-2025\/","title":{"rendered":"Club de golf Hemmingford &#8211; Parcours village (priv\u00e9) &#8211; Duo de golfeur \u00e0 pied (en tout temps saison 2025)"},"content":{"rendered":"<h1>Club de golf Hemmingford, Mont\u00e9r\u00e9gie, 18 trous<\/h1>\n<p>Le Golf Hemmingford poss\u00e8de de superbes installations de golf pour tous les golfeurs! Offrant 2 parcours de golf, l&#8217;un priv\u00e9 avec de grands verts ondul\u00e9s et l&#8217;autre public plus restraint avec de petits verts.<\/p>\n<p>Un club qui figure parmi les plus beaux du Qu\u00e9bec! Situ\u00e9 en Mont\u00e9r\u00e9gie, \u00e0 moins de 50 minutes de montr\u00e9al et tout pr\u00e8s des lignes am\u00e9ricaines se trouve un magnifique endroit pour une escapade de golf : Le Club de golf Hemmingford. D\u00e8s votre arriv\u00e9e vous n\u2019avez qu\u2019une envie ; commencer votre partie! Le d\u00e9cor et les installations sont digne de mention. Le parcours accessible aux visiteurs offre un excellent d\u00e9fi et est toujours entretenu avec le plus grand soin. L\u2019histoire derri\u00e8re ce lieu lui donne un cachet et une maturit\u00e9 d\u00e8s plus int\u00e9ressante.<\/p>\n<p>On a dit qu&#8217; on a envie de commencer notre partie d\u00e8s notre arriv\u00e9e.. c&#8217;est aussi parce que le restaurant et la terrasse nous interpelle d\u00e8s qu&#8217;on termine la partie! Le restaurant est un incontournable apr\u00e8s votre ronde, vous devez aller vous d\u00e9tendre dans cet endroit d\u00e8s plus accueillant et o\u00f9 les bons produits sont \u00e0 l\u2019honneur! Quoi dire de la terrasse? Une visite vous convaincra d\u2019en faire un incontournable \u00e0 chaque saison!<\/p>\n<p>Une escapade au Club de golf Hemmingford, c&#8217;est une escapade de golf r\u00e9ussie!<\/p>\n<p>D\u00e9couvrez en plus sur le club ici : <a href='https:\/\/flexigolf.ca\/categorie-produit\/club-de-golf-hemmingford\/' class='small-button smallsilver'>Le profil du club<\/a><\/p>\n","protected":false},"excerpt":{"rendered":"<p>Offrez une escapade de golf sur le terrain priv\u00e9e du Club de golf Hemmingofrd. D&#8217;immenses verts ondul\u00e9s attendent le golfeur ainsi qu&#8217;un magnifique chalet.<\/p>\n<p>Cette offre inclus :<\/p>\n<ul>\n<li>Duo de golfeurs 18 trous parcours village (priv\u00e9)<\/li>\n<li>\u00e0 pied<\/li>\n<\/ul>\n<p><strong>Utilisable en tout temps du lundi au dimanche pour la saison 2025.<\/strong><\/p>\n<p>Vous pouvez r\u00e9server vos d\u00e9parts 7 jours \u00e0 l&#8217;avance.<\/p>\n","protected":false},"featured_media":244371,"template":"","meta":{"_et_pb_use_builder":"","_et_pb_old_content":"","_et_gb_content_width":""},"product_brand":[],"product_cat":[706],"product_tag":[],"class_list":{"0":"post-249779","1":"product","2":"type-product","3":"status-publish","4":"has-post-thumbnail","6":"product_cat-non-classe","8":"first","9":"outofstock","10":"downloadable","11":"taxable","12":"shipping-taxable","13":"purchasable","14":"product-type-simple"},"_links":{"self":[{"href":"https:\/\/flexigolf.ca\/en\/wp-json\/wp\/v2\/product\/249779","targetHints":{"allow":["GET"]}}],"collection":[{"href":"https:\/\/flexigolf.ca\/en\/wp-json\/wp\/v2\/product"}],"about":[{"href":"https:\/\/flexigolf.ca\/en\/wp-json\/wp\/v2\/types\/product"}],"wp:featuredmedia":[{"embeddable":true,"href":"https:\/\/flexigolf.ca\/en\/wp-json\/wp\/v2\/media\/244371"}],"wp:attachment":[{"href":"https:\/\/flexigolf.ca\/en\/wp-json\/wp\/v2\/media?parent=249779"}],"wp:term":[{"taxonomy":"product_brand","embeddable":true,"href":"https:\/\/flexigolf.ca\/en\/wp-json\/wp\/v2\/product_brand?post=249779"},{"taxonomy":"product_cat","embeddable":true,"href":"https:\/\/flexigolf.ca\/en\/wp-json\/wp\/v2\/product_cat?post=249779"},{"taxonomy":"product_tag","embeddable":true,"href":"https:\/\/flexigolf.ca\/en\/wp-json\/wp\/v2\/product_tag?post=249779"}],"curies":[{"name":"wp","href":"https:\/\/api.w.org\/{rel}","templated":true}]}}