{"id":249810,"date":"2024-11-16T00:00:36","date_gmt":"2024-11-16T05:00:36","guid":{"rendered":"https:\/\/flexigolf.ca\/?post_type=product&#038;p=249810"},"modified":"2025-10-10T09:17:11","modified_gmt":"2025-10-10T13:17:11","slug":"le-royal-bromont-forfait-escapade-1-joueur-golf-voiturette-et-souper-3-services-saison-2025","status":"publish","type":"product","link":"https:\/\/flexigolf.ca\/en\/product\/le-royal-bromont-forfait-escapade-1-joueur-golf-voiturette-et-souper-3-services-saison-2025\/","title":{"rendered":"Le Royal Bromont &#8211; Forfait escapade 1 joueur- Golf, voiturette et souper 3 services (saison 2025)"},"content":{"rendered":"<h1>Le Royal Bromont<\/h1>\n<h3>18 trous, normale 72<\/h3>\n<p>Le Royal Bromont et ses installations vous offre une belle option de destination pour une escapade de golf \u00e0 Bromont. Son h\u00f4tel bien r\u00e9put\u00e9 et son restaurant le Cellier du Roy vous offre une belle qualit\u00e9 pour satisfaire vos envies! Un souper de qualit\u00e9 avec une magnifique vue sur le golf. Une escapade r\u00e9ussie !<\/p>\n<p>Le parcours de golf du Royal Bromont est des plus appr\u00e9ci\u00e9 par les amateurs tant par sa qualit\u00e9 que par son design unique.<\/p>\n<p>C&#8217;est une destination \u00e0 d\u00e9couvrir assur\u00e9ment!<\/p>\n","protected":false},"excerpt":{"rendered":"<p>Offrez vous la totale pour visiter un tr\u00e8s beau parcours de l&#8217;Estrie! Profitez de cette offre pour d\u00e9couvrir ce terrain de la r\u00e9gion de l&#8217;Estrie, situ\u00e9 id\u00e9alement \u00e0 Bromont avec une table exceptionnelle de son restaurant le Cellier du Roi.<\/p>\n<p>Cette offre inclus :<\/p>\n<ul>\n<li>1 joueur ronde de 18 trous<\/li>\n<li>Voiturette \u00e9lectrique partag\u00e9e<\/li>\n<li>Souper 3 services (service inclus) du restaurant le Cellier du Roi<\/li>\n<\/ul>\n<p><strong>Cette offre est utilisable en tout temps pour la saison 2025.\u00a0<\/strong><\/p>\n<p>R\u00e9servation jusqu&#8217;\u00e0 30 jours \u00e0 l\u2019avance (selon disponibilit\u00e9)<\/p>\n<p>&nbsp;<\/p>\n","protected":false},"featured_media":211881,"template":"","meta":{"_et_pb_use_builder":"","_et_pb_old_content":"","_et_gb_content_width":""},"product_brand":[],"product_cat":[706],"product_tag":[],"class_list":{"0":"post-249810","1":"product","2":"type-product","3":"status-publish","4":"has-post-thumbnail","6":"product_cat-non-classe","8":"first","9":"outofstock","10":"downloadable","11":"taxable","12":"shipping-taxable","13":"purchasable","14":"product-type-simple"},"_links":{"self":[{"href":"https:\/\/flexigolf.ca\/en\/wp-json\/wp\/v2\/product\/249810","targetHints":{"allow":["GET"]}}],"collection":[{"href":"https:\/\/flexigolf.ca\/en\/wp-json\/wp\/v2\/product"}],"about":[{"href":"https:\/\/flexigolf.ca\/en\/wp-json\/wp\/v2\/types\/product"}],"wp:featuredmedia":[{"embeddable":true,"href":"https:\/\/flexigolf.ca\/en\/wp-json\/wp\/v2\/media\/211881"}],"wp:attachment":[{"href":"https:\/\/flexigolf.ca\/en\/wp-json\/wp\/v2\/media?parent=249810"}],"wp:term":[{"taxonomy":"product_brand","embeddable":true,"href":"https:\/\/flexigolf.ca\/en\/wp-json\/wp\/v2\/product_brand?post=249810"},{"taxonomy":"product_cat","embeddable":true,"href":"https:\/\/flexigolf.ca\/en\/wp-json\/wp\/v2\/product_cat?post=249810"},{"taxonomy":"product_tag","embeddable":true,"href":"https:\/\/flexigolf.ca\/en\/wp-json\/wp\/v2\/product_tag?post=249810"}],"curies":[{"name":"wp","href":"https:\/\/api.w.org\/{rel}","templated":true}]}}