{"id":249852,"date":"2024-11-16T00:00:24","date_gmt":"2024-11-16T05:00:24","guid":{"rendered":"https:\/\/flexigolf.ca\/?post_type=product&#038;p=249852"},"modified":"2025-11-26T12:14:27","modified_gmt":"2025-11-26T17:14:27","slug":"club-de-golf-beaurivage-offre-1-2-ou-4-joueurs-a-pied-en-tout-temps-bonus-activite-hivernale-incluse","status":"publish","type":"product","link":"https:\/\/flexigolf.ca\/en\/product\/club-de-golf-beaurivage-offre-1-2-ou-4-joueurs-a-pied-en-tout-temps-bonus-activite-hivernale-incluse\/","title":{"rendered":"Club de golf Beaurivage &#8211; Offre 1-2 ou 4 joueurs \u00e0 pied (en tout temps) BONUS : activit\u00e9 hivernale incluse"},"content":{"rendered":"<h1>Club de golf Beaurivage, Chaudi\u00e8re-Appalaches<\/h1>\n<h2>9 trous, normale 36<\/h2>\n<p>Le Club de Golf Beaurivage propose un authentique parcours de neuf trous s\u2019immis\u00e7ant en for\u00eat et jalonn\u00e9 par quelques coud\u00e9s et obstacles qui s\u2019ajoutent au plaisir. Le golf offre un parcours de plus de 3 000 verges, des verts r\u00e9organis\u00e9s et agrandis ainsi qu\u2019un terrain bord\u00e9 par la rivi\u00e8re Beaurivage. Que ce soit entre amis, en couple, en famille ou pour affaires, chacun y trouve son compte au Club de Golf Beaurivage!<\/p>\n<p>Sur place vous trouvez un champ de pratique, vert de pratique et super chalet pour vous accueillir !<\/p>\n<p>Le Club de golf Beaurivage est un centre plein-air \u00e9t\u00e9 comme hiver! Son superbe sentier de patin \u00e9clair\u00e9s, vous pouvez faire de la raquette sur tous le parcours de golf et du Fat Bike sur une courte piste !<\/p>\n","protected":false},"excerpt":{"rendered":"<p>Nouveau partenaire dans la r\u00e9gion de Chaudi\u00e8re-Appalaches! D\u00e9couvrez ce parcours de 9 trous avec des d\u00e9fis pour tous les golfeurs!<\/p>\n<p>Votre offre inclus :<\/p>\n<ul>\n<li>Ronde de golf 9 trous \u00e0 pied<\/li>\n<li>Vous avez le choix de choisir 1 &#8211; 2 ou 4 joueurs.<\/li>\n<li><strong>Bonus des f\u00eates ; vous avez acc\u00e8s par joueur \u00a0au sentier de patin ou de raquette pour l&#8217;hiver 2024-2025 (location d&#8217;\u00e9quipement en sus)<\/strong><\/li>\n<\/ul>\n<p><em>Vous pouvez r\u00e9server 5 jours \u00e0 l&#8217;avance votre d\u00e9part. Utilisable en tout temps pour la saison 2025<\/em><\/p>\n<p><em><strong>Seulement 100 offres \u00e0 vendre.<\/strong><\/em><\/p>\n","protected":false},"featured_media":249841,"template":"","meta":{"_et_pb_use_builder":"","_et_pb_old_content":"","_et_gb_content_width":""},"product_brand":[],"product_cat":[706],"product_tag":[],"class_list":{"0":"post-249852","1":"product","2":"type-product","3":"status-publish","4":"has-post-thumbnail","6":"product_cat-non-classe","8":"first","9":"outofstock","10":"taxable","11":"shipping-taxable","12":"purchasable","13":"product-type-variable"},"_links":{"self":[{"href":"https:\/\/flexigolf.ca\/en\/wp-json\/wp\/v2\/product\/249852","targetHints":{"allow":["GET"]}}],"collection":[{"href":"https:\/\/flexigolf.ca\/en\/wp-json\/wp\/v2\/product"}],"about":[{"href":"https:\/\/flexigolf.ca\/en\/wp-json\/wp\/v2\/types\/product"}],"wp:featuredmedia":[{"embeddable":true,"href":"https:\/\/flexigolf.ca\/en\/wp-json\/wp\/v2\/media\/249841"}],"wp:attachment":[{"href":"https:\/\/flexigolf.ca\/en\/wp-json\/wp\/v2\/media?parent=249852"}],"wp:term":[{"taxonomy":"product_brand","embeddable":true,"href":"https:\/\/flexigolf.ca\/en\/wp-json\/wp\/v2\/product_brand?post=249852"},{"taxonomy":"product_cat","embeddable":true,"href":"https:\/\/flexigolf.ca\/en\/wp-json\/wp\/v2\/product_cat?post=249852"},{"taxonomy":"product_tag","embeddable":true,"href":"https:\/\/flexigolf.ca\/en\/wp-json\/wp\/v2\/product_tag?post=249852"}],"curies":[{"name":"wp","href":"https:\/\/api.w.org\/{rel}","templated":true}]}}