{"id":250234,"date":"2024-11-20T11:40:25","date_gmt":"2024-11-20T16:40:25","guid":{"rendered":"https:\/\/flexigolf.ca\/?post_type=product&#038;p=250234"},"modified":"2025-11-25T08:46:52","modified_gmt":"2025-11-25T13:46:52","slug":"club-de-golf-mont-orford-2-joueurs-et-voiturette-basse-saison-2025","status":"publish","type":"product","link":"https:\/\/flexigolf.ca\/en\/product\/club-de-golf-mont-orford-2-joueurs-et-voiturette-basse-saison-2025\/","title":{"rendered":"Club de golf Mont Orford &#8211; 2 joueurs et voiturette &#8211; Basse saison 2025"},"content":{"rendered":"<h1>Club de golf Mont Orford<\/h1>\n<h3>18 trous, normale 72<\/h3>\n<h3>Estrie<\/h3>\n<p>Situ\u00e9 en pleine nature, au c\u0153ur du Parc National, le Club de golf du Mont-Orford se classe parmi les plus beaux parcours panoramiques au Qu\u00e9bec. Vous serez confront\u00e9 \u00e0 de superbes vues tout au long de votre partie.<\/p>\n<p>Travers\u00e9 de vallons et de ruisseaux naturels, le parcours, d\u2019une normale 72, offre de multiples d\u00e9fis typiques des golfs de montagne. Il vous demandera un effort suppl\u00e9mentaire, mais la vue panoramique sur les montagnes environnantes r\u00e9compensera tous vos efforts.<\/p>\n<p>Vous serez emball\u00e9 par le d\u00e9fi de qualit\u00e9 de ce parcours! Ne manquez pas la saison des couleurs \u00e0 Orford!<\/p>\n","protected":false},"excerpt":{"rendered":"<p>Profitez de notre offre exclusive pour d\u00e9couvrir ce superbe club de golf r\u00e9gion de l&#8217;estrie, dans un environnement plus qu&#8217;enchanteur : le Parc National du Mont Orford!<\/p>\n<p>Cette offre inclus :<\/p>\n<ul>\n<li>2 joueurs et voiturette pour une ronde de 18 trous<\/li>\n<\/ul>\n<p>Cette offre est valide du lundi au jeudi OU du vendredi au dimanche. Uniquement utilisable dans cette p\u00e9riode : <strong>de l&#8217;ouverture jusqu&#8217;au 14 juin et du 21 septembre \u00e0 la fermeture (inclusivement)<\/strong><\/p>\n","protected":false},"featured_media":15241,"template":"","meta":{"_et_pb_use_builder":"","_et_pb_old_content":"","_et_gb_content_width":""},"product_brand":[],"product_cat":[706],"product_tag":[],"class_list":{"0":"post-250234","1":"product","2":"type-product","3":"status-publish","4":"has-post-thumbnail","6":"product_cat-non-classe","8":"first","9":"outofstock","10":"taxable","11":"shipping-taxable","12":"purchasable","13":"product-type-variable"},"_links":{"self":[{"href":"https:\/\/flexigolf.ca\/en\/wp-json\/wp\/v2\/product\/250234","targetHints":{"allow":["GET"]}}],"collection":[{"href":"https:\/\/flexigolf.ca\/en\/wp-json\/wp\/v2\/product"}],"about":[{"href":"https:\/\/flexigolf.ca\/en\/wp-json\/wp\/v2\/types\/product"}],"wp:featuredmedia":[{"embeddable":true,"href":"https:\/\/flexigolf.ca\/en\/wp-json\/wp\/v2\/media\/15241"}],"wp:attachment":[{"href":"https:\/\/flexigolf.ca\/en\/wp-json\/wp\/v2\/media?parent=250234"}],"wp:term":[{"taxonomy":"product_brand","embeddable":true,"href":"https:\/\/flexigolf.ca\/en\/wp-json\/wp\/v2\/product_brand?post=250234"},{"taxonomy":"product_cat","embeddable":true,"href":"https:\/\/flexigolf.ca\/en\/wp-json\/wp\/v2\/product_cat?post=250234"},{"taxonomy":"product_tag","embeddable":true,"href":"https:\/\/flexigolf.ca\/en\/wp-json\/wp\/v2\/product_tag?post=250234"}],"curies":[{"name":"wp","href":"https:\/\/api.w.org\/{rel}","templated":true}]}}