{"id":250579,"date":"2024-11-27T12:45:17","date_gmt":"2024-11-27T17:45:17","guid":{"rendered":"https:\/\/flexigolf.ca\/?post_type=product&#038;p=250579"},"modified":"2025-12-02T14:37:09","modified_gmt":"2025-12-02T19:37:09","slug":"golf-fort-prevel-2-joueurs-18-trous-balles-et-voiturette-en-tout-temps-basse-saison","status":"publish","type":"product","link":"https:\/\/flexigolf.ca\/en\/product\/golf-fort-prevel-2-joueurs-18-trous-balles-et-voiturette-en-tout-temps-basse-saison\/","title":{"rendered":"Golf Fort Pr\u00e9vel &#8211; 2 joueurs &#8211; 18 trous, balles et voiturette (en tout temps &#8211; basse saison)"},"content":{"rendered":"<h1>Club de golf Fort Pr\u00e9vel, Gasp\u00e9sie<\/h1>\n<h1>18 trous, normale 72<\/h1>\n<p>Nich\u00e9 sur une falaise, le Club de Golf Fort Pr\u00e9vel offre une vue spectaculaire sur l\u2019entr\u00e9e de la Baie de Gasp\u00e9! Le terrain vous offre un superbe d\u00e9fi, tous les trous ont leur charme. Que dire de leur normale 6, sur le premier 9? Sur le deuxi\u00e8me neuf, vous aurez de superbes vues sur l&#8217;eau, on ne se croit pas au Qu\u00e9bec&#8230;! Juch\u00e9 entre mer et montagnes, d\u00e9couvrez ce splendide terrain! Vous en garderez des souvenirs imp\u00e9rissables, avec le go\u00fbt d\u2019y revenir!<\/p>\n","protected":false},"excerpt":{"rendered":"<p><span style=\"font-weight: 400;\">Vous d\u00e9sirez \u00eatre d\u00e9pays\u00e9 au Qu\u00e9bec? C\u2019est votre destination d\u2019\u00e9merveillement golfique et touristique. Offrez en d\u00e9couverte le golf Fort-Pr\u00e9vel!<\/span><\/p>\n<p><span style=\"font-weight: 400;\">Cette offre exclusive pour un duo de golfeurs inclus :\u00a0<\/span><\/p>\n<ul>\n<li style=\"font-weight: 400;\" aria-level=\"1\"><span style=\"font-weight: 400;\">2 rondes de 18 trous avec voiturette<\/span><\/li>\n<li aria-level=\"1\">2 petits paniers de balles<\/li>\n<\/ul>\n<p><span style=\"font-weight: 400;\">Utilisable en tout temps avant le 20 juin et apr\u00e8s le 8 septembre pour la saison 2025 sans restriction dans les plages indiqu\u00e9es. Vous pouvez r\u00e9server votre d\u00e9part jusqu\u2019\u00e0 14 jours \u00e0 l\u2019avance.\u00a0<\/span><\/p>\n","protected":false},"featured_media":186098,"template":"","meta":{"_et_pb_use_builder":"","_et_pb_old_content":"","_et_gb_content_width":""},"product_brand":[],"product_cat":[706],"product_tag":[3763,3826],"class_list":{"0":"post-250579","1":"product","2":"type-product","3":"status-publish","4":"has-post-thumbnail","6":"product_cat-non-classe","7":"product_tag-at-all-times-2","8":"product_tag-debut-de-saison","10":"first","11":"outofstock","12":"sale","13":"downloadable","14":"taxable","15":"shipping-taxable","16":"purchasable","17":"product-type-simple"},"_links":{"self":[{"href":"https:\/\/flexigolf.ca\/en\/wp-json\/wp\/v2\/product\/250579","targetHints":{"allow":["GET"]}}],"collection":[{"href":"https:\/\/flexigolf.ca\/en\/wp-json\/wp\/v2\/product"}],"about":[{"href":"https:\/\/flexigolf.ca\/en\/wp-json\/wp\/v2\/types\/product"}],"wp:featuredmedia":[{"embeddable":true,"href":"https:\/\/flexigolf.ca\/en\/wp-json\/wp\/v2\/media\/186098"}],"wp:attachment":[{"href":"https:\/\/flexigolf.ca\/en\/wp-json\/wp\/v2\/media?parent=250579"}],"wp:term":[{"taxonomy":"product_brand","embeddable":true,"href":"https:\/\/flexigolf.ca\/en\/wp-json\/wp\/v2\/product_brand?post=250579"},{"taxonomy":"product_cat","embeddable":true,"href":"https:\/\/flexigolf.ca\/en\/wp-json\/wp\/v2\/product_cat?post=250579"},{"taxonomy":"product_tag","embeddable":true,"href":"https:\/\/flexigolf.ca\/en\/wp-json\/wp\/v2\/product_tag?post=250579"}],"curies":[{"name":"wp","href":"https:\/\/api.w.org\/{rel}","templated":true}]}}