{"id":254556,"date":"2025-01-23T14:46:46","date_gmt":"2025-01-23T19:46:46","guid":{"rendered":"https:\/\/flexigolf.ca\/?post_type=product&#038;p=254556"},"modified":"2025-11-25T07:27:15","modified_gmt":"2025-11-25T12:27:15","slug":"club-de-golf-terrebonne-2-joueurs-en-voiturette-samedi-et-dimanche-apres-12h30-saison-2025","status":"publish","type":"product","link":"https:\/\/flexigolf.ca\/en\/product\/club-de-golf-terrebonne-2-joueurs-en-voiturette-samedi-et-dimanche-apres-12h30-saison-2025\/","title":{"rendered":"Club de golf Terrebonne &#8211; 2 joueurs en voiturette &#8211; samedi et dimanche apr\u00e8s 12h30 saison 2025"},"content":{"rendered":"<h1>Club de golf Terrebonne<\/h1>\n<h2>27 trous, Lanaudi\u00e8re<\/h2>\n<p>Situ\u00e9 dans la r\u00e9gion de Lanaudi\u00e8re, le Club de golf Terrebonne vous offre une destination golf de qualit\u00e9 \u00e0 proximit\u00e9 des grands centres. Vous y trouverez toutes les installations n\u00e9cessaires pour avoir une agr\u00e9able partie! Champ de pratique, vert de pratique, 27 trous et un chaleureux chalet!<\/p>\n<p>Les trois parcours de 9 trous vous donne une vari\u00e9t\u00e9 de d\u00e9fi pour plaire au golfeur.<\/p>\n<p>Un parcours accessible \u00e0 tous les niveaux de golfeurs. Attendez-vous \u00e0 un deux parcours bois\u00e9s pour le plaisir de jouer en nature!<\/p>\n","protected":false},"excerpt":{"rendered":"<p>Un parcours de 27 trous de la r\u00e9gion de Lanaudi\u00e8re \u00e0 d\u00e9couvrir.<\/p>\n<p><em><strong>Cette offre inclus :<\/strong><\/em><\/p>\n<ul>\n<li>2 joueurs ronde de 18 trous<\/li>\n<li>voiturette partag\u00e9e<\/li>\n<\/ul>\n<p>Utilisable le samedi et dimanche apr\u00e8s 12h30. R\u00e9servation possible 5 jours \u00e0 l&#8217;avance.<\/p>\n<p>Valide pour la saison 2025.<\/p>\n","protected":false},"featured_media":227560,"template":"","meta":{"_et_pb_use_builder":"","_et_pb_old_content":"","_et_gb_content_width":""},"product_brand":[],"product_cat":[706],"product_tag":[3881],"class_list":{"0":"post-254556","1":"product","2":"type-product","3":"status-publish","4":"has-post-thumbnail","6":"product_cat-non-classe","7":"product_tag-samedi-et-dimanche-apres-12h30","9":"first","10":"outofstock","11":"downloadable","12":"taxable","13":"shipping-taxable","14":"purchasable","15":"product-type-simple"},"_links":{"self":[{"href":"https:\/\/flexigolf.ca\/en\/wp-json\/wp\/v2\/product\/254556","targetHints":{"allow":["GET"]}}],"collection":[{"href":"https:\/\/flexigolf.ca\/en\/wp-json\/wp\/v2\/product"}],"about":[{"href":"https:\/\/flexigolf.ca\/en\/wp-json\/wp\/v2\/types\/product"}],"wp:featuredmedia":[{"embeddable":true,"href":"https:\/\/flexigolf.ca\/en\/wp-json\/wp\/v2\/media\/227560"}],"wp:attachment":[{"href":"https:\/\/flexigolf.ca\/en\/wp-json\/wp\/v2\/media?parent=254556"}],"wp:term":[{"taxonomy":"product_brand","embeddable":true,"href":"https:\/\/flexigolf.ca\/en\/wp-json\/wp\/v2\/product_brand?post=254556"},{"taxonomy":"product_cat","embeddable":true,"href":"https:\/\/flexigolf.ca\/en\/wp-json\/wp\/v2\/product_cat?post=254556"},{"taxonomy":"product_tag","embeddable":true,"href":"https:\/\/flexigolf.ca\/en\/wp-json\/wp\/v2\/product_tag?post=254556"}],"curies":[{"name":"wp","href":"https:\/\/api.w.org\/{rel}","templated":true}]}}