{"id":254558,"date":"2025-01-23T14:56:42","date_gmt":"2025-01-23T19:56:42","guid":{"rendered":"https:\/\/flexigolf.ca\/?post_type=product&#038;p=254558"},"modified":"2025-03-03T10:39:54","modified_gmt":"2025-03-03T15:39:54","slug":"club-de-golf-lac-champlain-duo-de-golfeurs-avec-voiturette-et-credit-restauration-debut-de-saison-2025","status":"publish","type":"product","link":"https:\/\/flexigolf.ca\/en\/product\/club-de-golf-lac-champlain-duo-de-golfeurs-avec-voiturette-et-credit-restauration-debut-de-saison-2025\/","title":{"rendered":"Club de golf Lac Champlain &#8211; Duo de golfeurs avec voiturette et cr\u00e9dit restauration (d\u00e9but de saison 2025)"},"content":{"rendered":"<h1>Club de golf Lac Champlain, Estrie<\/h1>\n<h1>18 trous, normale 70<\/h1>\n<p>Le golf du Lac Champlain est situ\u00e9 sur la rive du magnifique Lac Champlain et \u00e0 proximit\u00e9 du complexe h\u00f4telier de La cache du Lac Champlain. \u00c0 45 minutes de Montr\u00e9al, le terrain de golf de 6357 verges est l\u00e9g\u00e8rement bois\u00e9 et ses larges all\u00e9es sont travers\u00e9es par quelques cours d\u2019eau : juste ce qu\u2019il faut pour mettre du piquant dans la partie sans pour autant ennuyer les joueurs.<\/p>\n<p>Le parcours de 18 trous d\u2019une normale de 70 se joue en un temps maximum de 4 h 15. Il est agr\u00e9able et facile \u00e0 marcher. Des voiturettes \u00e9lectriques sont aussi disponibles. Tout cela se joue dans une ambiance conviviale!<\/p>\n","protected":false},"excerpt":{"rendered":"<p>Nouveau partenaire! D\u00e9couvrez ce club de golf en Mont\u00e9r\u00e9gie, le club de golf Lac Champlain dans la merveilleuse ville de Venise en Qu\u00e9bec<\/p>\n<p>Cette offre inclus :<\/p>\n<ul>\n<li>2 joueurs avec voiturette ronde de 18 trous<\/li>\n<li>20$ en cr\u00e9dit de restauration \u00e9changeable au Bistro du Golf<\/li>\n<\/ul>\n<p><em><strong>Vous pouvez utiliser cette offre en tout temps du lundi au dimanche de l&#8217;ouverture du terrain jusqu&#8217;au 20 juin inclusivement.\u00a0<\/strong><\/em><\/p>\n<p>R\u00e9servation 7 jours \u00e0 l&#8217;avance.<\/p>\n","protected":false},"featured_media":250621,"template":"","meta":{"_et_pb_use_builder":"","_et_pb_old_content":"","_et_gb_content_width":""},"product_brand":[],"product_cat":[706],"product_tag":[],"class_list":{"0":"post-254558","1":"product","2":"type-product","3":"status-publish","4":"has-post-thumbnail","6":"product_cat-non-classe","8":"first","9":"outofstock","10":"downloadable","11":"taxable","12":"shipping-taxable","13":"purchasable","14":"product-type-simple"},"_links":{"self":[{"href":"https:\/\/flexigolf.ca\/en\/wp-json\/wp\/v2\/product\/254558","targetHints":{"allow":["GET"]}}],"collection":[{"href":"https:\/\/flexigolf.ca\/en\/wp-json\/wp\/v2\/product"}],"about":[{"href":"https:\/\/flexigolf.ca\/en\/wp-json\/wp\/v2\/types\/product"}],"wp:featuredmedia":[{"embeddable":true,"href":"https:\/\/flexigolf.ca\/en\/wp-json\/wp\/v2\/media\/250621"}],"wp:attachment":[{"href":"https:\/\/flexigolf.ca\/en\/wp-json\/wp\/v2\/media?parent=254558"}],"wp:term":[{"taxonomy":"product_brand","embeddable":true,"href":"https:\/\/flexigolf.ca\/en\/wp-json\/wp\/v2\/product_brand?post=254558"},{"taxonomy":"product_cat","embeddable":true,"href":"https:\/\/flexigolf.ca\/en\/wp-json\/wp\/v2\/product_cat?post=254558"},{"taxonomy":"product_tag","embeddable":true,"href":"https:\/\/flexigolf.ca\/en\/wp-json\/wp\/v2\/product_tag?post=254558"}],"curies":[{"name":"wp","href":"https:\/\/api.w.org\/{rel}","templated":true}]}}