{"id":256642,"date":"2025-03-01T13:46:14","date_gmt":"2025-03-01T18:46:14","guid":{"rendered":"https:\/\/flexigolf.ca\/?post_type=product&#038;p=256642"},"modified":"2025-03-25T17:40:28","modified_gmt":"2025-03-25T21:40:28","slug":"club-de-golf-vallee-des-forts-offre-1-joueur-a-pied-apres-14h00-saison-2025","status":"publish","type":"product","link":"https:\/\/flexigolf.ca\/en\/product\/club-de-golf-vallee-des-forts-offre-1-joueur-a-pied-apres-14h00-saison-2025\/","title":{"rendered":"Club de golf Vall\u00e9e des forts &#8211; Offre 1 joueur \u00e0 pied  apr\u00e8s 14h00 &#8211; Saison 2025"},"content":{"rendered":"<h1>Club de golf Vall\u00e9e des Forts, Mont\u00e9r\u00e9gie<\/h1>\n<h1>18 trous, normale 71<\/h1>\n<p>Le club de golf Vall\u00e9e des forts est un parcours de golf de 18 trous situ\u00e9 \u00e0 St-jean-sur-richelieu. En pleine nature, il offre au golfeur un parcours de qualit\u00e9 de championnat.<\/p>\n<p>Ces installations plairont au golfeur tout au long de la partie tout comme apr\u00e8s la ronde!<\/p>\n","protected":false},"excerpt":{"rendered":"<p>Cette offre <strong>de d\u00e9but de saison<\/strong> au Club de golf Vall\u00e9e des forts inclus :<\/p>\n<ul>\n<li>Une ronde de 18 trous voiturette<\/li>\n<\/ul>\n<p>Utilisable de<strong> 1er juin au 16 septembre apr\u00e8s 14h00 inclusivement saison 2025<\/strong>. Vous pouvez r\u00e9server vos d\u00e9parts 20 jours \u00e0 l&#8217;avance. (apr\u00e8s le 16 septembre, utilisable apr\u00e8s 13h00 au m\u00eame prix)<\/p>\n<p>&nbsp;<\/p>\n","protected":false},"featured_media":180219,"template":"","meta":{"_et_pb_use_builder":"","_et_pb_old_content":"","_et_gb_content_width":""},"product_brand":[],"product_cat":[706],"product_tag":[],"class_list":{"0":"post-256642","1":"product","2":"type-product","3":"status-publish","4":"has-post-thumbnail","6":"product_cat-non-classe","8":"first","9":"outofstock","10":"sale","11":"downloadable","12":"taxable","13":"shipping-taxable","14":"purchasable","15":"product-type-simple"},"_links":{"self":[{"href":"https:\/\/flexigolf.ca\/en\/wp-json\/wp\/v2\/product\/256642","targetHints":{"allow":["GET"]}}],"collection":[{"href":"https:\/\/flexigolf.ca\/en\/wp-json\/wp\/v2\/product"}],"about":[{"href":"https:\/\/flexigolf.ca\/en\/wp-json\/wp\/v2\/types\/product"}],"wp:featuredmedia":[{"embeddable":true,"href":"https:\/\/flexigolf.ca\/en\/wp-json\/wp\/v2\/media\/180219"}],"wp:attachment":[{"href":"https:\/\/flexigolf.ca\/en\/wp-json\/wp\/v2\/media?parent=256642"}],"wp:term":[{"taxonomy":"product_brand","embeddable":true,"href":"https:\/\/flexigolf.ca\/en\/wp-json\/wp\/v2\/product_brand?post=256642"},{"taxonomy":"product_cat","embeddable":true,"href":"https:\/\/flexigolf.ca\/en\/wp-json\/wp\/v2\/product_cat?post=256642"},{"taxonomy":"product_tag","embeddable":true,"href":"https:\/\/flexigolf.ca\/en\/wp-json\/wp\/v2\/product_tag?post=256642"}],"curies":[{"name":"wp","href":"https:\/\/api.w.org\/{rel}","templated":true}]}}