{"id":256663,"date":"2025-03-01T14:37:45","date_gmt":"2025-03-01T19:37:45","guid":{"rendered":"https:\/\/flexigolf.ca\/?post_type=product&#038;p=256663"},"modified":"2025-11-25T06:25:55","modified_gmt":"2025-11-25T11:25:55","slug":"club-de-golf-farnham-1-joueur-avec-voiturette-balles-de-pratique-et-consommation-saison-2025","status":"publish","type":"product","link":"https:\/\/flexigolf.ca\/en\/product\/club-de-golf-farnham-1-joueur-avec-voiturette-balles-de-pratique-et-consommation-saison-2025\/","title":{"rendered":"Club de golf Farnham &#8211; 1 joueur avec voiturette &#8211; balles de pratique et consommation (saison 2025)"},"content":{"rendered":"<h1>Club de golf Farnham, Estrie<\/h1>\n<h3>18 trous, normale 71<\/h3>\n<p>&nbsp;<\/p>\n","protected":false},"excerpt":{"rendered":"<p>Profitez de cette offre pour d\u00e9couvrir un superbe parcours de l&#8217;Estrie!<\/p>\n<p>Cette offre inclus :<\/p>\n<ul class=\"bulleted\">\n<li>Ronde de golf 18 trous pour 1 joueur<\/li>\n<li>La voiturette<\/li>\n<li>Balles de pratiques<\/li>\n<li>Une consommation<\/li>\n<li>15% de r\u00e9duction \u00e0 la boutique<\/li>\n<\/ul>\n<p>Utilisable en tout temps du lundi au jeudi et apr\u00e8s 14h du vendredi au dimanche pour la saison 2025.<\/p>\n<p>Vous pouvez r\u00e9server votre d\u00e9part 6 jours \u00e0 l&#8217;avance.<\/p>\n","protected":false},"featured_media":256581,"template":"","meta":{"_et_pb_use_builder":"","_et_pb_old_content":"","_et_gb_content_width":""},"product_brand":[],"product_cat":[706],"product_tag":[],"class_list":{"0":"post-256663","1":"product","2":"type-product","3":"status-publish","4":"has-post-thumbnail","6":"product_cat-non-classe","8":"first","9":"outofstock","10":"sale","11":"downloadable","12":"taxable","13":"shipping-taxable","14":"purchasable","15":"product-type-simple"},"_links":{"self":[{"href":"https:\/\/flexigolf.ca\/en\/wp-json\/wp\/v2\/product\/256663","targetHints":{"allow":["GET"]}}],"collection":[{"href":"https:\/\/flexigolf.ca\/en\/wp-json\/wp\/v2\/product"}],"about":[{"href":"https:\/\/flexigolf.ca\/en\/wp-json\/wp\/v2\/types\/product"}],"wp:featuredmedia":[{"embeddable":true,"href":"https:\/\/flexigolf.ca\/en\/wp-json\/wp\/v2\/media\/256581"}],"wp:attachment":[{"href":"https:\/\/flexigolf.ca\/en\/wp-json\/wp\/v2\/media?parent=256663"}],"wp:term":[{"taxonomy":"product_brand","embeddable":true,"href":"https:\/\/flexigolf.ca\/en\/wp-json\/wp\/v2\/product_brand?post=256663"},{"taxonomy":"product_cat","embeddable":true,"href":"https:\/\/flexigolf.ca\/en\/wp-json\/wp\/v2\/product_cat?post=256663"},{"taxonomy":"product_tag","embeddable":true,"href":"https:\/\/flexigolf.ca\/en\/wp-json\/wp\/v2\/product_tag?post=256663"}],"curies":[{"name":"wp","href":"https:\/\/api.w.org\/{rel}","templated":true}]}}