{"id":256664,"date":"2025-03-01T14:41:18","date_gmt":"2025-03-01T19:41:18","guid":{"rendered":"https:\/\/flexigolf.ca\/?post_type=product&#038;p=256664"},"modified":"2025-11-26T10:13:42","modified_gmt":"2025-11-26T15:13:42","slug":"club-de-golf-farnham-2-joueurs-forfait-golf-et-souper-avec-voiturette-saison-2025","status":"publish","type":"product","link":"https:\/\/flexigolf.ca\/en\/product\/club-de-golf-farnham-2-joueurs-forfait-golf-et-souper-avec-voiturette-saison-2025\/","title":{"rendered":"Club de golf Farnham &#8211; 2 joueurs forfait golf et souper avec voiturette &#8211;  (saison 2025)"},"content":{"rendered":"<h1>Club de golf Farnham, Estrie<\/h1>\n<h3>18 trous, normale 71<\/h3>\n<p>&nbsp;<\/p>\n","protected":false},"excerpt":{"rendered":"<p>Profitez de cette offre pour d\u00e9couvrir un superbe parcours de l&#8217;Estrie!<\/p>\n<p>Cette offre inclus :<\/p>\n<ul class=\"bulleted\">\n<li>Ronde de golf 18 trous pour 2 joueurs<\/li>\n<li>La voiturette<\/li>\n<li>Panier de balles par joueur<\/li>\n<li>Une consommation par joueur<\/li>\n<li>15% de r\u00e9duction \u00e0 la boutique<\/li>\n<li>Souper table d&#8217;h\u00f4te pour 2 joueurs<\/li>\n<\/ul>\n<p>Utilisable en tout temps du lundi au jeudi et apr\u00e8s 12h du vendredi au dimanche pour la saison 2025.<\/p>\n<p>Vous pouvez r\u00e9server votre d\u00e9part 6 jours \u00e0 l&#8217;avance.<\/p>\n<table class=\"entry-details-table \" cellspacing=\"0\">\n<tbody>\n<tr>\n<td class=\"entry-view-field-value\" colspan=\"2\">Forfait Duo Farnham \u2013 Vivez une exp\u00e9rience gastronomique et golfique exceptionnelle au Club de Golf de Farnham avec deux parties de golf incluant la voiturette, deux consommation Farnham Ale &amp; Lager ou breuvage r\u00e9gulier, ainsi qu\u2019un panier de balles de pratique par joueur. Apr\u00e8s votre partie, savourez un d\u00e9licieux repas de trois services et profitez de 15 % de rabais \u00e0 la boutique.<\/td>\n<\/tr>\n<\/tbody>\n<\/table>\n<p><span style=\"font-family: Arial;\">Important : Apr\u00e8s avoir r\u00e9serv\u00e9 votre d\u00e9part, veuillez obligatoirement r\u00e9server votre souper \u00e0 l\u2019adresse suivante :<\/span><\/p>\n<p><span style=\"font-family: Arial;\"><a href=\"mailto:restaurant@farnhamgolf.com\" target=\"_blank\" rel=\"noopener\">restaurant@farnhamgolf.com<\/a><\/span><\/p>\n","protected":false},"featured_media":256581,"template":"","meta":{"_et_pb_use_builder":"","_et_pb_old_content":"","_et_gb_content_width":""},"product_brand":[],"product_cat":[706],"product_tag":[],"class_list":{"0":"post-256664","1":"product","2":"type-product","3":"status-publish","4":"has-post-thumbnail","6":"product_cat-non-classe","8":"first","9":"outofstock","10":"sale","11":"downloadable","12":"taxable","13":"shipping-taxable","14":"purchasable","15":"product-type-simple"},"_links":{"self":[{"href":"https:\/\/flexigolf.ca\/en\/wp-json\/wp\/v2\/product\/256664","targetHints":{"allow":["GET"]}}],"collection":[{"href":"https:\/\/flexigolf.ca\/en\/wp-json\/wp\/v2\/product"}],"about":[{"href":"https:\/\/flexigolf.ca\/en\/wp-json\/wp\/v2\/types\/product"}],"wp:featuredmedia":[{"embeddable":true,"href":"https:\/\/flexigolf.ca\/en\/wp-json\/wp\/v2\/media\/256581"}],"wp:attachment":[{"href":"https:\/\/flexigolf.ca\/en\/wp-json\/wp\/v2\/media?parent=256664"}],"wp:term":[{"taxonomy":"product_brand","embeddable":true,"href":"https:\/\/flexigolf.ca\/en\/wp-json\/wp\/v2\/product_brand?post=256664"},{"taxonomy":"product_cat","embeddable":true,"href":"https:\/\/flexigolf.ca\/en\/wp-json\/wp\/v2\/product_cat?post=256664"},{"taxonomy":"product_tag","embeddable":true,"href":"https:\/\/flexigolf.ca\/en\/wp-json\/wp\/v2\/product_tag?post=256664"}],"curies":[{"name":"wp","href":"https:\/\/api.w.org\/{rel}","templated":true}]}}