{"id":259200,"date":"2025-03-31T12:06:15","date_gmt":"2025-03-31T16:06:15","guid":{"rendered":"https:\/\/flexigolf.ca\/?post_type=product&#038;p=259200"},"modified":"2025-12-02T12:08:09","modified_gmt":"2025-12-02T17:08:09","slug":"defi-solstice-72-trous-au-golf-les-boises-de-joly-26-juin-2025","status":"publish","type":"product","link":"https:\/\/flexigolf.ca\/en\/product\/defi-solstice-72-trous-au-golf-les-boises-de-joly-26-juin-2025\/","title":{"rendered":"(COMPLET) D\u00e9fi solstice 72 trous au Golf Les Bois\u00e9s de Joly &#8211; 26 juin 2025"},"content":{"rendered":"","protected":false},"excerpt":{"rendered":"<p>Pourquoi ne pas profiter du moment de l\u2019ann\u00e9e o\u00f9 le soleil se couche le plus tard pour jouer 4 rondes de golf? Oui oui, vous avez bien lu! 4 rondes de golf!<\/p>\n<p>Depuis 4 ans, des membres du Club de golf Les Bois\u00e9s de Joly rel\u00e8ve le d\u00e9fi! Pour une 2e \u00e9dition, les golfeurs nomades de FlexiGolf se joignent \u00e0 eux pour faire de cette journ\u00e9e une f\u00eate pour les passionn\u00e9s (ou fous??) de golf!!<\/p>\n<ul>\n<li>Date : 26 juin 2025\n<ul>\n<li>Maximum 88 personnes (le terrain est \u00e0 nous!)<\/li>\n<\/ul>\n<\/li>\n<li>O\u00f9 : Golf Les Bois\u00e9s de Joly<\/li>\n<\/ul>\n<p>Votre billet inclus :<span class=\"Apple-converted-space\">\u00a0<\/span><\/p>\n<ul>\n<li>4 rondes de golf de 18 trous dans la m\u00eame journ\u00e9e<\/li>\n<li>1 bo\u00eete \u00e0 lunch<\/li>\n<li>1 consommation apr\u00e8s la partie<\/li>\n<li>1 assiette du golfeur par quatuor<\/li>\n<li>Prix de pr\u00e9sence<\/li>\n<\/ul>\n<p>Shutgun 4h15 , et apr\u00e8s toujours en continu le restant de la journ\u00e9e<\/p>\n<p style=\"font-weight: 400;\"><strong><u>Infos pour les joueurs<\/u><\/strong><\/p>\n<ul>\n<li style=\"font-weight: 400;\">Aucune formule sp\u00e9cifique , le but est de survivre \u00e0 72 trous et de le faire \u00e0 pieds !!<\/li>\n<\/ul>\n<p style=\"font-weight: 400;\"><u>READY GOLF POUR AVOIR LE TEMPS DE TERMINER <\/u><\/p>\n<ul>\n<li style=\"font-weight: 400;\">Heure d\u2019arriv\u00e9e au golf 3h45 le temps de se rendre aux trous<\/li>\n<li style=\"font-weight: 400;\">Voiturettes \u00e9lectriques disponibles \u00e0 3h45 17,85$ + taxes prix fixe par personne pour toute la journ\u00e9e que ce soit pour <strong>1 ou 4<\/strong> 18 trous ( payable \u00e0 la boutique \u00e0 partir de 6h30 lorsque les golfeurs passent devant le chalet )<\/li>\n<li style=\"font-weight: 400;\">1 bo\u00eete \u00e0 lunch par joueur \u00e0 prendre quand ils veulent \u00e0 partir de 6h30 au restaurant.<\/li>\n<\/ul>\n<p style=\"font-weight: 400;\"><strong><u>Apr\u00e8s les 72 trous<\/u><\/strong><\/p>\n<ul>\n<li style=\"font-weight: 400;\">1 grande assiette bois\u00e9s de Joly par quatuor ( style ailes poulet , b\u00e2tonnets fromage , chips chaudes , crudit\u00e9s )<\/li>\n<li style=\"font-weight: 400;\">1 consommation par personne<\/li>\n<li style=\"font-weight: 400;\">Prix de pr\u00e9sence<\/li>\n<\/ul>\n<p>R\u00e9serve ta place!<\/p>\n","protected":false},"featured_media":259222,"template":"","meta":{"_et_pb_use_builder":"","_et_pb_old_content":"","_et_gb_content_width":""},"product_brand":[],"product_cat":[706],"product_tag":[],"class_list":{"0":"post-259200","1":"product","2":"type-product","3":"status-publish","4":"has-post-thumbnail","6":"product_cat-non-classe","8":"first","9":"instock","10":"downloadable","11":"taxable","12":"shipping-taxable","13":"purchasable","14":"product-type-simple"},"_links":{"self":[{"href":"https:\/\/flexigolf.ca\/en\/wp-json\/wp\/v2\/product\/259200","targetHints":{"allow":["GET"]}}],"collection":[{"href":"https:\/\/flexigolf.ca\/en\/wp-json\/wp\/v2\/product"}],"about":[{"href":"https:\/\/flexigolf.ca\/en\/wp-json\/wp\/v2\/types\/product"}],"wp:featuredmedia":[{"embeddable":true,"href":"https:\/\/flexigolf.ca\/en\/wp-json\/wp\/v2\/media\/259222"}],"wp:attachment":[{"href":"https:\/\/flexigolf.ca\/en\/wp-json\/wp\/v2\/media?parent=259200"}],"wp:term":[{"taxonomy":"product_brand","embeddable":true,"href":"https:\/\/flexigolf.ca\/en\/wp-json\/wp\/v2\/product_brand?post=259200"},{"taxonomy":"product_cat","embeddable":true,"href":"https:\/\/flexigolf.ca\/en\/wp-json\/wp\/v2\/product_cat?post=259200"},{"taxonomy":"product_tag","embeddable":true,"href":"https:\/\/flexigolf.ca\/en\/wp-json\/wp\/v2\/product_tag?post=259200"}],"curies":[{"name":"wp","href":"https:\/\/api.w.org\/{rel}","templated":true}]}}