{"id":261166,"date":"2025-04-23T14:24:17","date_gmt":"2025-04-23T18:24:17","guid":{"rendered":"https:\/\/flexigolf.ca\/?post_type=product&#038;p=261166"},"modified":"2025-11-24T10:59:29","modified_gmt":"2025-11-24T15:59:29","slug":"club-de-golf-mont-adstock-1-joueur-avec-voiturette-en-tout-temps-saison-2025","status":"publish","type":"product","link":"https:\/\/flexigolf.ca\/en\/product\/club-de-golf-mont-adstock-1-joueur-avec-voiturette-en-tout-temps-saison-2025\/","title":{"rendered":"Club de golf Mont Adstock &#8211; 1 joueur avec voiturette (en tout temps saison 2025)"},"content":{"rendered":"<h1>Club de golf Mont Adstock<\/h1>\n<h2>Chaudi\u00e8re-Appalaches, 18 trous<\/h2>\n<p><em>Un golf enchanteur au pied du Mont Adstock avec des all\u00e9es bien distinctes dans un site panoramique d&#8217;une grande beaut\u00e9 ! Une nouvelle administration est en place et investis beaucoup dans les infrastructures, mais aussi dans la qualit\u00e9 du terrain! Un parcours qui ne ressemble \u00e0 nul autre avec ces d\u00e9nivel\u00e9 et ces vues magnifiques!\u00a0<\/em><\/p>\n<p><em>Adstock, c&#8217;est dix-huit paysages diff\u00e9rents, un d\u00e9nivel\u00e9 unique au 8e trou, cinq lacs en jeu, un vert de pratique, un service de location d&#8217;\u00e9quipements et de voiturettes et un personnel pour qui bien vous accueillir est LA priorit\u00e9. C&#8217;est un parcours \u00e0 d\u00e9couvrir avec un excellent rapport qualit\u00e9-prix!<\/em><\/p>\n<p><em>Venez vivre l&#8217;exp\u00e9rience Adstock !<\/em><\/p>\n<p>&nbsp;<\/p>\n","protected":false},"excerpt":{"rendered":"<p>Profitez de cette offre au tarif unique!<\/p>\n<p><strong>Cette offre au Club de golf Mont Adstock inclus :\u00a0<\/strong><\/p>\n<ul>\n<li>1 joueurs ronde de 18 trous<\/li>\n<li>Voiturette partag\u00e9e<\/li>\n<\/ul>\n<p><strong><em>Cette offre est utilisable en tout temps et est valide toute la saison 2025. Non valide lors de tournois de golf ou \u00e9v\u00e9nement sp\u00e9ciaux.<\/em><\/strong><\/p>\n<p>Vous pouvez r\u00e9server votre temps de d\u00e9part jusqu&#8217;\u00e0 7 jours \u00e0 l&#8217;avance.<\/p>\n","protected":false},"featured_media":219042,"template":"","meta":{"_et_pb_use_builder":"","_et_pb_old_content":"","_et_gb_content_width":""},"product_brand":[],"product_cat":[706],"product_tag":[],"class_list":{"0":"post-261166","1":"product","2":"type-product","3":"status-publish","4":"has-post-thumbnail","6":"product_cat-non-classe","8":"first","9":"outofstock","10":"sale","11":"downloadable","12":"taxable","13":"shipping-taxable","14":"purchasable","15":"product-type-simple"},"_links":{"self":[{"href":"https:\/\/flexigolf.ca\/en\/wp-json\/wp\/v2\/product\/261166","targetHints":{"allow":["GET"]}}],"collection":[{"href":"https:\/\/flexigolf.ca\/en\/wp-json\/wp\/v2\/product"}],"about":[{"href":"https:\/\/flexigolf.ca\/en\/wp-json\/wp\/v2\/types\/product"}],"wp:featuredmedia":[{"embeddable":true,"href":"https:\/\/flexigolf.ca\/en\/wp-json\/wp\/v2\/media\/219042"}],"wp:attachment":[{"href":"https:\/\/flexigolf.ca\/en\/wp-json\/wp\/v2\/media?parent=261166"}],"wp:term":[{"taxonomy":"product_brand","embeddable":true,"href":"https:\/\/flexigolf.ca\/en\/wp-json\/wp\/v2\/product_brand?post=261166"},{"taxonomy":"product_cat","embeddable":true,"href":"https:\/\/flexigolf.ca\/en\/wp-json\/wp\/v2\/product_cat?post=261166"},{"taxonomy":"product_tag","embeddable":true,"href":"https:\/\/flexigolf.ca\/en\/wp-json\/wp\/v2\/product_tag?post=261166"}],"curies":[{"name":"wp","href":"https:\/\/api.w.org\/{rel}","templated":true}]}}