{"id":262047,"date":"2025-05-01T16:21:25","date_gmt":"2025-05-01T20:21:25","guid":{"rendered":"https:\/\/flexigolf.ca\/?post_type=product&#038;p=262047"},"modified":"2025-11-24T10:32:05","modified_gmt":"2025-11-24T15:32:05","slug":"golf-le-meandre-2-joueurs-ronde-de-9-trous-vendredi-au-dimanche-saison-2025","status":"publish","type":"product","link":"https:\/\/flexigolf.ca\/en\/product\/golf-le-meandre-2-joueurs-ronde-de-9-trous-vendredi-au-dimanche-saison-2025\/","title":{"rendered":"Golf Le M\u00e9andre &#8211; 2 joueurs ronde de 9 trous (vendredi au dimanche saison 2025)"},"content":{"rendered":"<h1>Golf le M\u00e9andre, C\u00f4te Nord<\/h1>\n<h3>Parcours de 9 trous, normale 36<\/h3>\n<p>Cr\u00e9ation de l\u2019architecte Darrel Huxham (Manoir Richelieu, Fontainbleau), \u00ab\u00a0Le bijou de la C\u00f4te-Nord\u00a0\u00bb n\u2019a pas la r\u00e9putation d\u2019\u00eatre un \u00ab\u00a0p\u2019tit 9 trous\u00a0\u00bb. Verts ondul\u00e9s, all\u00e9es qui demande de la pr\u00e9cision accompagnent les paysages typiques de la C\u00f4te-Nord, entre le fleuve St-Laurent, le m\u00e9andre de la rivi\u00e8re Sault-au-Cochon et la for\u00eat bor\u00e9ale. Jouer un 9 trous et vous voudrez de nouveau relever le d\u00e9fi du M\u00e9andre.<br \/>\nOr, Le M\u00e9andre, un p\u2019tit 9 tu penses? T\u2019es pas game!<\/p>\n","protected":false},"excerpt":{"rendered":"<p>Profitez de ce nouveau partenaire sur la C\u00f4te-Nord pour d\u00e9couvrir une r\u00e9gion et un magnifique golf!<\/p>\n<p>Cette offre pour 2 personnes inclus :<\/p>\n<ul>\n<li>1 ronde de golf 9 trous par personne<\/li>\n<li>\u00c0 pied ou \u00e0 voiturette selon le forfait choisi<\/li>\n<li>Un panier de balles pour 2<\/li>\n<\/ul>\n<p><strong>Utilisable en tout temps du vendredi au dimanche ainsi que les jours f\u00e9ri\u00e9s pour la saison 2025. R\u00e9servation \u00e0 l&#8217;avance possible.<\/strong><\/p>\n","protected":false},"featured_media":262033,"template":"","meta":{"_et_pb_use_builder":"","_et_pb_old_content":"","_et_gb_content_width":""},"product_brand":[],"product_cat":[706],"product_tag":[],"class_list":{"0":"post-262047","1":"product","2":"type-product","3":"status-publish","4":"has-post-thumbnail","6":"product_cat-non-classe","8":"first","9":"outofstock","10":"taxable","11":"shipping-taxable","12":"purchasable","13":"product-type-variable"},"_links":{"self":[{"href":"https:\/\/flexigolf.ca\/en\/wp-json\/wp\/v2\/product\/262047","targetHints":{"allow":["GET"]}}],"collection":[{"href":"https:\/\/flexigolf.ca\/en\/wp-json\/wp\/v2\/product"}],"about":[{"href":"https:\/\/flexigolf.ca\/en\/wp-json\/wp\/v2\/types\/product"}],"wp:featuredmedia":[{"embeddable":true,"href":"https:\/\/flexigolf.ca\/en\/wp-json\/wp\/v2\/media\/262033"}],"wp:attachment":[{"href":"https:\/\/flexigolf.ca\/en\/wp-json\/wp\/v2\/media?parent=262047"}],"wp:term":[{"taxonomy":"product_brand","embeddable":true,"href":"https:\/\/flexigolf.ca\/en\/wp-json\/wp\/v2\/product_brand?post=262047"},{"taxonomy":"product_cat","embeddable":true,"href":"https:\/\/flexigolf.ca\/en\/wp-json\/wp\/v2\/product_cat?post=262047"},{"taxonomy":"product_tag","embeddable":true,"href":"https:\/\/flexigolf.ca\/en\/wp-json\/wp\/v2\/product_tag?post=262047"}],"curies":[{"name":"wp","href":"https:\/\/api.w.org\/{rel}","templated":true}]}}