{"id":280197,"date":"2025-09-10T14:49:21","date_gmt":"2025-09-10T18:49:21","guid":{"rendered":"https:\/\/flexigolf.ca\/?post_type=product&#038;p=280197"},"modified":"2025-11-21T13:19:51","modified_gmt":"2025-11-21T18:19:51","slug":"club-de-golf-hemmingford-duo-de-golfeur-a-pied-frontiere-lundi-au-vendredi-automne-2025","status":"publish","type":"product","link":"https:\/\/flexigolf.ca\/en\/product\/club-de-golf-hemmingford-duo-de-golfeur-a-pied-frontiere-lundi-au-vendredi-automne-2025\/","title":{"rendered":"Club de golf Hemmingford &#8211; Duo de golfeur \u00e0 pied (FRONTI\u00c8RE) (lundi au vendredi &#8211; automne 2025)"},"content":{"rendered":"<h1>Club de golf Hemmingford, Mont\u00e9r\u00e9gie, 18 trous<\/h1>\n<p>Un club qui figure parmi les plus beaux du Qu\u00e9bec! Situ\u00e9 en Mont\u00e9r\u00e9gie, \u00e0 moins de 50 minutes de montr\u00e9al et tout pr\u00e8s des lignes am\u00e9ricaines se trouve un magnifique endroit pour une escapade de golf : Le Club de golf Hemmingford. D\u00e8s votre arriv\u00e9e vous n\u2019avez qu\u2019une envie ; commencer votre partie! Le d\u00e9cor et les installations sont digne de mention. Le parcours accessible aux visiteurs offre un excellent d\u00e9fi et est toujours entretenu avec le plus grand soin. L\u2019histoire derri\u00e8re ce lieu lui donne un cachet et une maturit\u00e9 d\u00e8s plus int\u00e9ressante.<\/p>\n<p>On a dit qu&#8217; on a envie de commencer notre partie d\u00e8s notre arriv\u00e9e.. c&#8217;est aussi parce que le restaurant et la terrasse nous interpelle d\u00e8s qu&#8217;on termine la partie! Le restaurant est un incontournable apr\u00e8s votre ronde, vous devez aller vous d\u00e9tendre dans cet endroit d\u00e8s plus accueillant et o\u00f9 les bons produits sont \u00e0 l\u2019honneur! Quoi dire de la terrasse? Une visite vous convaincra d\u2019en faire un incontournable \u00e0 chaque saison!<\/p>\n<p>Une escapade au Club de golf Hemmingford, c&#8217;est une escapade de golf r\u00e9ussie!<\/p>\n<p>D\u00e9couvrez en plus sur le club ici : <a href='https:\/\/flexigolf.ca\/categorie-produit\/club-de-golf-hemmingford\/' class='small-button smallsilver'>Le profil du club<\/a><\/p>\n","protected":false},"excerpt":{"rendered":"<p>Partez \u00e0 la d\u00e9couverte du Club de golf Hemmingford et de ses magnifiques installations!<\/p>\n<p>Cette offre inclus :<\/p>\n<ul>\n<li>Duo de golfeur ronde 18 trous sur le parcours fronti\u00e8re<\/li>\n<li>\u00c0 pied<\/li>\n<\/ul>\n<p><strong>Utilisable en tout temps du lundi au vendredi pour la saison 2025<\/strong>.<\/p>\n","protected":false},"featured_media":222626,"template":"","meta":{"_et_pb_use_builder":"","_et_pb_old_content":"","_et_gb_content_width":""},"product_brand":[],"product_cat":[706],"product_tag":[2535],"class_list":{"0":"post-280197","1":"product","2":"type-product","3":"status-publish","4":"has-post-thumbnail","6":"product_cat-non-classe","7":"product_tag-en-tout-temps","9":"first","10":"outofstock","11":"taxable","12":"shipping-taxable","13":"purchasable","14":"product-type-simple"},"_links":{"self":[{"href":"https:\/\/flexigolf.ca\/en\/wp-json\/wp\/v2\/product\/280197","targetHints":{"allow":["GET"]}}],"collection":[{"href":"https:\/\/flexigolf.ca\/en\/wp-json\/wp\/v2\/product"}],"about":[{"href":"https:\/\/flexigolf.ca\/en\/wp-json\/wp\/v2\/types\/product"}],"wp:featuredmedia":[{"embeddable":true,"href":"https:\/\/flexigolf.ca\/en\/wp-json\/wp\/v2\/media\/222626"}],"wp:attachment":[{"href":"https:\/\/flexigolf.ca\/en\/wp-json\/wp\/v2\/media?parent=280197"}],"wp:term":[{"taxonomy":"product_brand","embeddable":true,"href":"https:\/\/flexigolf.ca\/en\/wp-json\/wp\/v2\/product_brand?post=280197"},{"taxonomy":"product_cat","embeddable":true,"href":"https:\/\/flexigolf.ca\/en\/wp-json\/wp\/v2\/product_cat?post=280197"},{"taxonomy":"product_tag","embeddable":true,"href":"https:\/\/flexigolf.ca\/en\/wp-json\/wp\/v2\/product_tag?post=280197"}],"curies":[{"name":"wp","href":"https:\/\/api.w.org\/{rel}","templated":true}]}}