{"id":282197,"date":"2025-11-25T10:02:16","date_gmt":"2025-11-25T15:02:16","guid":{"rendered":"https:\/\/flexigolf.ca\/?post_type=product&#038;p=282197"},"modified":"2026-03-06T12:30:37","modified_gmt":"2026-03-06T17:30:37","slug":"club-de-golf-orleans-1-joueur-9-trous-a-pied-et-balles-de-pratique-en-tout-temps-saison-2026","status":"publish","type":"product","link":"https:\/\/flexigolf.ca\/en\/product\/club-de-golf-orleans-1-joueur-9-trous-a-pied-et-balles-de-pratique-en-tout-temps-saison-2026\/","title":{"rendered":"Club de golf Orl\u00e9ans &#8211; 1 joueur &#8211; 9 trous \u00e0 pied et balles de pratique (en tout temps saison 2026)"},"content":{"rendered":"<h2>&#x26f3; Club de golf Orl\u00e9ans, Capitale-Nationale<\/h2>\n<h2>9 trous<\/h2>\n<p>D\u00e9couvrez un des plus vieux parcours de golf en Am\u00e9rique du Nord! Situ\u00e9 dans un d\u00e9cor enchanteur, ce sera une exp\u00e9rience golfique d\u00e8s plus agr\u00e9able pour vous et votre partenaire de jeu. Un parcours de 9 trous bien emm\u00e9nag\u00e9, mature et de qualit\u00e9! Vous serez charm\u00e9 par le c\u00f4t\u00e9 pittoresque de l&#8217;endroit. Une belle escapade de golf vous attend et il y a surtout pleins de d\u00e9couvertes \u00e0 faire sur cette \u00eele !<\/p>\n<p><a class=\"small-button smallsilver\" href=\"http:\/\/flexigolf.ca\/categorie-produit\/club-de-golf\/club-de-golf-orleans\/\">D\u00e9couvrir le club et ses autres offres<\/a><\/p>\n","protected":false},"excerpt":{"rendered":"<p><span style=\"font-weight: 400;\">D\u00e9couvrez un golf pittoresque dans un endroit charmeur, l&#8217;\u00cele d&#8217;Orl\u00e9ans.\u00a0<\/span><\/p>\n<ul>\n<li style=\"font-weight: 400;\" aria-level=\"1\"><span style=\"font-weight: 400;\">1 joueur \u00e0 pied ronde de 9 trous<\/span><\/li>\n<li style=\"font-weight: 400;\" aria-level=\"1\"><span style=\"font-weight: 400;\">Petit panier de balles<\/span><\/li>\n<\/ul>\n<p><span style=\"font-weight: 400;\">Utilisable en tout temps pour la saison 2026, <\/span><span style=\"font-weight: 400;\">SANS RESTRICTION<\/span><span style=\"font-weight: 400;\">!\u00a0<\/span><\/p>\n<p><span style=\"font-weight: 400;\">R\u00e9servation possible 3 jours \u00e0 l\u2019avance. Non-valide lors de tournois.<\/span><\/p>\n","protected":false},"featured_media":186027,"template":"","meta":{"_et_pb_use_builder":"","_et_pb_old_content":"","_et_gb_content_width":""},"product_brand":[],"product_cat":[3701,3912],"product_tag":[3785],"class_list":{"0":"post-282197","1":"product","2":"type-product","3":"status-publish","4":"has-post-thumbnail","6":"product_cat-unclassified","7":"product_cat-completed","8":"product_tag-at-all-times-en","10":"first","11":"outofstock","12":"downloadable","13":"taxable","14":"shipping-taxable","15":"purchasable","16":"product-type-simple"},"_links":{"self":[{"href":"https:\/\/flexigolf.ca\/en\/wp-json\/wp\/v2\/product\/282197","targetHints":{"allow":["GET"]}}],"collection":[{"href":"https:\/\/flexigolf.ca\/en\/wp-json\/wp\/v2\/product"}],"about":[{"href":"https:\/\/flexigolf.ca\/en\/wp-json\/wp\/v2\/types\/product"}],"wp:featuredmedia":[{"embeddable":true,"href":"https:\/\/flexigolf.ca\/en\/wp-json\/wp\/v2\/media\/186027"}],"wp:attachment":[{"href":"https:\/\/flexigolf.ca\/en\/wp-json\/wp\/v2\/media?parent=282197"}],"wp:term":[{"taxonomy":"product_brand","embeddable":true,"href":"https:\/\/flexigolf.ca\/en\/wp-json\/wp\/v2\/product_brand?post=282197"},{"taxonomy":"product_cat","embeddable":true,"href":"https:\/\/flexigolf.ca\/en\/wp-json\/wp\/v2\/product_cat?post=282197"},{"taxonomy":"product_tag","embeddable":true,"href":"https:\/\/flexigolf.ca\/en\/wp-json\/wp\/v2\/product_tag?post=282197"}],"curies":[{"name":"wp","href":"https:\/\/api.w.org\/{rel}","templated":true}]}}