{"id":282242,"date":"2025-11-25T12:03:51","date_gmt":"2025-11-25T17:03:51","guid":{"rendered":"https:\/\/flexigolf.ca\/?post_type=product&#038;p=282242"},"modified":"2026-03-06T15:54:15","modified_gmt":"2026-03-06T20:54:15","slug":"golf-griffon-des-sources-18-trous-a-pied-valide-pour-la-saison-2026","status":"publish","type":"product","link":"https:\/\/flexigolf.ca\/en\/product\/golf-griffon-des-sources-18-trous-a-pied-valide-pour-la-saison-2026\/","title":{"rendered":"Golf Griffon des Sources &#8211; 18 trous \u00e0 pied &#8211; Valide pour la saison 2026"},"content":{"rendered":"<h1>Golf Griffon des Sources<\/h1>\n<h3>Laurentides, 18 trous normale 72<\/h3>\n<p>Nich\u00e9 au sein d\u2019une verdure luxuriante et des sources naturelles sur une propri\u00e9t\u00e9 de 250 acres dans les magnifiques Basses-Laurentides du Qu\u00e9bec, le Griffon des Sources est un v\u00e9ritable tr\u00e9sor canadien.<\/p>\n<p>Ce parcours de 18 trous (normale 72) \u00e9tendus sur 7536 verges (6890 m) aux all\u00e9es immacul\u00e9es, aux trappes de sable judicieusement dispers\u00e9es et aux verts minutieusement entretenus; promet aux golfeurs et golfeuses de tous les niveaux autant de plaisirs que d&#8217;excitants d\u00e9fis \u00e0 relever. C&#8217;est l&#8217;un des plus longs parcours de golf du Canada.<\/p>\n<p>L&#8217;unique topographie du parcours avec ses plans et d\u00e9nivel\u00e9s permettra aux adeptes de profiter d&#8217;une exp\u00e9rience de jeu m\u00e9morable ou les trous s&#8217;encha\u00eenent et les paysages se multiplient. Les d\u00e9parts au 10 minutes compl\u00e8te votre exp\u00e9rience de jeu!<\/p>\n","protected":false},"excerpt":{"rendered":"<p>Nouveau partenaire dans la r\u00e9gion des Laurentides! Le magnifique Golf Le Griffon des Sources ouvre la porte \u00e0 vous les golfeurs et golfeuses nomades! Offrez cette superbe destination golf en cadeau, tous les golfeurs seront ravis!<\/p>\n<p>Cette offre inclus :<\/p>\n<ul>\n<li>1 joueur \u00e0 pied<\/li>\n<\/ul>\n<p>Utilisable selon les modalit\u00e9 choisies (lundi au jeudi ou vendredi au dimanche et jours f\u00e9ri\u00e9s).<\/p>\n<p>R\u00e9servation \u00e0 l&#8217;avance possible.<\/p>\n","protected":false},"featured_media":282187,"template":"","meta":{"_et_pb_use_builder":"","_et_pb_old_content":"","_et_gb_content_width":""},"product_brand":[],"product_cat":[3701],"product_tag":[],"class_list":{"0":"post-282242","1":"product","2":"type-product","3":"status-publish","4":"has-post-thumbnail","6":"product_cat-unclassified","8":"first","9":"outofstock","10":"sale","11":"taxable","12":"shipping-taxable","13":"purchasable","14":"product-type-variable"},"_links":{"self":[{"href":"https:\/\/flexigolf.ca\/en\/wp-json\/wp\/v2\/product\/282242","targetHints":{"allow":["GET"]}}],"collection":[{"href":"https:\/\/flexigolf.ca\/en\/wp-json\/wp\/v2\/product"}],"about":[{"href":"https:\/\/flexigolf.ca\/en\/wp-json\/wp\/v2\/types\/product"}],"wp:featuredmedia":[{"embeddable":true,"href":"https:\/\/flexigolf.ca\/en\/wp-json\/wp\/v2\/media\/282187"}],"wp:attachment":[{"href":"https:\/\/flexigolf.ca\/en\/wp-json\/wp\/v2\/media?parent=282242"}],"wp:term":[{"taxonomy":"product_brand","embeddable":true,"href":"https:\/\/flexigolf.ca\/en\/wp-json\/wp\/v2\/product_brand?post=282242"},{"taxonomy":"product_cat","embeddable":true,"href":"https:\/\/flexigolf.ca\/en\/wp-json\/wp\/v2\/product_cat?post=282242"},{"taxonomy":"product_tag","embeddable":true,"href":"https:\/\/flexigolf.ca\/en\/wp-json\/wp\/v2\/product_tag?post=282242"}],"curies":[{"name":"wp","href":"https:\/\/api.w.org\/{rel}","templated":true}]}}