{"id":282269,"date":"2025-11-25T12:55:34","date_gmt":"2025-11-25T17:55:34","guid":{"rendered":"https:\/\/flexigolf.ca\/?post_type=product&#038;p=282269"},"modified":"2026-03-09T14:35:36","modified_gmt":"2026-03-09T18:35:36","slug":"golf-lac-st-jean-2-joueurs-en-voiturette-valide-en-tout-temps-pour-la-saison-2026","status":"publish","type":"product","link":"https:\/\/flexigolf.ca\/en\/product\/golf-lac-st-jean-2-joueurs-en-voiturette-valide-en-tout-temps-pour-la-saison-2026\/","title":{"rendered":"Golf Lac St-Jean &#8211; 2 joueurs en voiturette &#8211; Valide en tout temps pour la saison 2026"},"content":{"rendered":"<h1>Golf Lac St-Jean<\/h1>\n<div class=\"et_pb_fullwidth_header_container center\">\n<div class=\"header-content-container center\">\n<h4 class=\"header-content\"><span class=\"et_pb_fullwidth_header_subhead\">Lac-St-Jean, 18 trous<\/span><\/h4>\n<div><\/div>\n<div class=\"et_pb_header_content_wrapper\"><span style=\"color: #666666; font-size: 14px;\">Le Golf Lac St-Jean est un parcours incontournable <\/span><span class=\"h1-subtitle\" style=\"color: #666666; font-size: 14px;\">dans la r\u00e9gion du Saguenay \u2013 Lac St-Jean.<\/span><\/div>\n<\/div>\n<\/div>\n<p>Le parcours de 18 trous aux abords du Lac-Saint-Jean offre des trous vari\u00e9s remplis de d\u00e9fis permettant aux golfeurs et aux golfeuses d\u2019user de strat\u00e9gie tout en admirant le d\u00e9cor enchanteur.<\/p>\n<p>Le parcours comprend 4 normales 3, 10 normales 4 et 4 normales 5. Il offre une normale 72 sur une distance d\u2019un peu plus de 6700 verges.<\/p>\n","protected":false},"excerpt":{"rendered":"<p>Nouveau partenaire! Le Golf du Lac St-Jean fait maintenant partie des destination golfiques de FlexiGolf. Un endroit parfait pour pr\u00e9voir une escapade de golf cet \u00e9t\u00e9! Une destination \u00e0 s&#8217;offrir ou \u00e0 offrir!<\/p>\n<p>Cette offre inclus :<\/p>\n<ul>\n<li>2 joueurs avec voiturette<\/li>\n<\/ul>\n<p>Utilisable en tout temps du lundi du dimanche pour la saison 2026. R\u00e9servation possible 5 jours \u00e0 l&#8217;avance.<\/p>\n","protected":false},"featured_media":282229,"template":"","meta":{"_et_pb_use_builder":"","_et_pb_old_content":"","_et_gb_content_width":""},"product_brand":[],"product_cat":[1175,3515,1805,3954,1189,3523],"product_tag":[],"class_list":{"0":"post-282269","1":"product","2":"type-product","3":"status-publish","4":"has-post-thumbnail","6":"product_cat-18-trous","7":"product_cat-2-joueurs","8":"product_cat-avec-voiturette","9":"product_cat-golf-lac-st-jean","10":"product_cat-promotion","11":"product_cat-saguenay","13":"first","14":"instock","15":"sale","16":"downloadable","17":"taxable","18":"shipping-taxable","19":"purchasable","20":"product-type-simple"},"_links":{"self":[{"href":"https:\/\/flexigolf.ca\/en\/wp-json\/wp\/v2\/product\/282269","targetHints":{"allow":["GET"]}}],"collection":[{"href":"https:\/\/flexigolf.ca\/en\/wp-json\/wp\/v2\/product"}],"about":[{"href":"https:\/\/flexigolf.ca\/en\/wp-json\/wp\/v2\/types\/product"}],"wp:featuredmedia":[{"embeddable":true,"href":"https:\/\/flexigolf.ca\/en\/wp-json\/wp\/v2\/media\/282229"}],"wp:attachment":[{"href":"https:\/\/flexigolf.ca\/en\/wp-json\/wp\/v2\/media?parent=282269"}],"wp:term":[{"taxonomy":"product_brand","embeddable":true,"href":"https:\/\/flexigolf.ca\/en\/wp-json\/wp\/v2\/product_brand?post=282269"},{"taxonomy":"product_cat","embeddable":true,"href":"https:\/\/flexigolf.ca\/en\/wp-json\/wp\/v2\/product_cat?post=282269"},{"taxonomy":"product_tag","embeddable":true,"href":"https:\/\/flexigolf.ca\/en\/wp-json\/wp\/v2\/product_tag?post=282269"}],"curies":[{"name":"wp","href":"https:\/\/api.w.org\/{rel}","templated":true}]}}