{"id":282283,"date":"2025-11-25T13:39:21","date_gmt":"2025-11-25T18:39:21","guid":{"rendered":"https:\/\/flexigolf.ca\/?post_type=product&#038;p=282283"},"modified":"2026-03-06T10:20:25","modified_gmt":"2026-03-06T15:20:25","slug":"club-de-golf-lac-megantic-4joueurs-18-trous-en-voiturette-en-tout-temps-saison-2026","status":"publish","type":"product","link":"https:\/\/flexigolf.ca\/en\/product\/club-de-golf-lac-megantic-4joueurs-18-trous-en-voiturette-en-tout-temps-saison-2026\/","title":{"rendered":"Club de golf Lac M\u00e9gantic &#8211; 4joueurs &#8211; 18 trous en voiturette (en tout temps saison 2026)"},"content":{"rendered":"<h2>&#x26f3; Club de golf Lac M\u00e9gantic,18 trous, Estrie<\/h2>\n<p>Le club de golf Lac M\u00e9gantic est un parcours de 18 trous d&#8217;une distance de 6400 verges fond\u00e9 en 1965. Ce terrain est situ\u00e9 dans un secteur enchanteur qu&#8217;on nomme \u00ab la route des sommets \u00bb ce qui procure de tr\u00e8s beaux points de vue \u00e0 plusieurs endroits sur le parcours. Le parcours offre un d\u00e9fi complet et int\u00e9ressant pour tous les niveaux de golfeurs. Les all\u00e9es sont bien d\u00e9coup\u00e9es et les obstacles bien plac\u00e9es pour vous donner un peu de d\u00e9fi!<\/p>\n<p>N&#8217;importe quel amateur sera certainement charm\u00e9 tant par la qualit\u00e9 du terrain, la nature environnante, que par les paysages sur les montagnes du Maine et du Lac M\u00e9gantic. \u00c0 d\u00e9couvrir ou red\u00e9couvrir cet \u00e9t\u00e9! Une belle escapade golfique entre amis ou en famille \u00e0 offrir en cadeau pour No\u00ebl!<\/p>\n<a href='https:\/\/flexigolf.ca\/categorie-produit\/club-de-golf\/club-de-golf-lac-megantic\/' class='small-button smallsilver'>Voir le profil du club<\/a>\n","protected":false},"excerpt":{"rendered":"<p><span style=\"font-weight: 400;\">D\u00e9couvrez ce superbe parcours partenaire de FlexiGolf situ\u00e9 en Estrie.\u00a0<\/span><\/p>\n<p><span style=\"font-weight: 400;\">Cette offre exclusive inclus :\u00a0<\/span><\/p>\n<ul>\n<li style=\"font-weight: 400;\" aria-level=\"1\"><span style=\"font-weight: 400;\">Quatuor de golfeurs ronde de golf 18 trous en voiturette<\/span><\/li>\n<\/ul>\n<p><span style=\"font-weight: 400;\">Cette offre est utilisable en tout temps pour la saison 2026 et ce, sans restriction. Vous pouvez r\u00e9server votre d\u00e9part jusqu\u2019\u00e0 4 jours \u00e0 l\u2019avance. <\/span><\/p>\n","protected":false},"featured_media":12549,"template":"","meta":{"_et_pb_use_builder":"","_et_pb_old_content":"","_et_gb_content_width":""},"product_brand":[],"product_cat":[3701,3912],"product_tag":[],"class_list":{"0":"post-282283","1":"product","2":"type-product","3":"status-publish","4":"has-post-thumbnail","6":"product_cat-unclassified","7":"product_cat-completed","9":"first","10":"outofstock","11":"sale","12":"downloadable","13":"taxable","14":"shipping-taxable","15":"purchasable","16":"product-type-simple"},"_links":{"self":[{"href":"https:\/\/flexigolf.ca\/en\/wp-json\/wp\/v2\/product\/282283","targetHints":{"allow":["GET"]}}],"collection":[{"href":"https:\/\/flexigolf.ca\/en\/wp-json\/wp\/v2\/product"}],"about":[{"href":"https:\/\/flexigolf.ca\/en\/wp-json\/wp\/v2\/types\/product"}],"wp:featuredmedia":[{"embeddable":true,"href":"https:\/\/flexigolf.ca\/en\/wp-json\/wp\/v2\/media\/12549"}],"wp:attachment":[{"href":"https:\/\/flexigolf.ca\/en\/wp-json\/wp\/v2\/media?parent=282283"}],"wp:term":[{"taxonomy":"product_brand","embeddable":true,"href":"https:\/\/flexigolf.ca\/en\/wp-json\/wp\/v2\/product_brand?post=282283"},{"taxonomy":"product_cat","embeddable":true,"href":"https:\/\/flexigolf.ca\/en\/wp-json\/wp\/v2\/product_cat?post=282283"},{"taxonomy":"product_tag","embeddable":true,"href":"https:\/\/flexigolf.ca\/en\/wp-json\/wp\/v2\/product_tag?post=282283"}],"curies":[{"name":"wp","href":"https:\/\/api.w.org\/{rel}","templated":true}]}}