{"id":282316,"date":"2025-11-25T14:54:07","date_gmt":"2025-11-25T19:54:07","guid":{"rendered":"https:\/\/flexigolf.ca\/?post_type=product&#038;p=282316"},"modified":"2026-03-25T16:20:28","modified_gmt":"2026-03-25T20:20:28","slug":"club-de-golf-coaticook-1-joueur-18-trous-avec-voiturette-en-tout-temps-saison-2026","status":"publish","type":"product","link":"https:\/\/flexigolf.ca\/en\/product\/club-de-golf-coaticook-1-joueur-18-trous-avec-voiturette-en-tout-temps-saison-2026\/","title":{"rendered":"Club de golf Coaticook &#8211; 1 joueur &#8211; 18 trous avec voiturette (en tout temps saison 2026)"},"content":{"rendered":"<h1>Club de golf Coaticook, Estrie<\/h1>\n<h2>Estrie, 18 trous<\/h2>\n<p>\u00c0 quelques minutes du centre-ville, fi\u00e8rement install\u00e9e sur les hauteurs de la ville, se trouve le Club de golf Coaticook. Un parcours de 18 trous fond\u00e9e en 1962 sous la forme d\u2019un 9 trous. Le parcours de 18 trous tel que l\u2019on connait aujourd\u2019hui a \u00e9t\u00e9 inaugur\u00e9 en 1991.<\/p>\n<p>Les golfeurs peuvent jouer sur une distance variant de 6 000 \u00e0 4 500 verges avec \u00e0 leur choix 4 possibilit\u00e9s de tertre de d\u00e9part.<\/p>\n","protected":false},"excerpt":{"rendered":"<p><span style=\"font-weight: 400;\">D\u00e9couvrez ce parcours qui vaut le d\u00e9tour en Estrie!\u00a0<\/span><\/p>\n<p><span style=\"font-weight: 400;\">Cette offre exclusive inclus :\u00a0<\/span><\/p>\n<ul>\n<li style=\"font-weight: 400;\" aria-level=\"1\"><span style=\"font-weight: 400;\">1 Ronde de 18 trous avec voiturette\u00a0<\/span><\/li>\n<li style=\"font-weight: 400;\" aria-level=\"1\"><span style=\"font-weight: 400;\">Une consommation par personne (apr\u00e8s la partie)<\/span><\/li>\n<\/ul>\n<p><span style=\"font-weight: 400;\">Cette offre est utilisable en tout temps pour la saison 2026 et ce, sans restriction. Vous pouvez r\u00e9server votre d\u00e9part jusqu\u2019\u00e0 7 jours \u00e0 l\u2019avance.\u00a0<\/span><\/p>\n","protected":false},"featured_media":222669,"template":"","meta":{"_et_pb_use_builder":"","_et_pb_old_content":"","_et_gb_content_width":""},"product_brand":[],"product_cat":[1199,3531,1175,1805,3822,1189],"product_tag":[3763,3852],"class_list":{"0":"post-282316","1":"product","2":"type-product","3":"status-publish","4":"has-post-thumbnail","6":"product_cat-estrie","7":"product_cat-1-joueur-nombre-de-joueur","8":"product_cat-18-trous","9":"product_cat-avec-voiturette","10":"product_cat-club-de-golf-coaticook","11":"product_cat-promotion","12":"product_tag-at-all-times-2","13":"product_tag-inclus-consommation","15":"first","16":"instock","17":"sale","18":"downloadable","19":"taxable","20":"shipping-taxable","21":"purchasable","22":"product-type-simple"},"_links":{"self":[{"href":"https:\/\/flexigolf.ca\/en\/wp-json\/wp\/v2\/product\/282316","targetHints":{"allow":["GET"]}}],"collection":[{"href":"https:\/\/flexigolf.ca\/en\/wp-json\/wp\/v2\/product"}],"about":[{"href":"https:\/\/flexigolf.ca\/en\/wp-json\/wp\/v2\/types\/product"}],"wp:featuredmedia":[{"embeddable":true,"href":"https:\/\/flexigolf.ca\/en\/wp-json\/wp\/v2\/media\/222669"}],"wp:attachment":[{"href":"https:\/\/flexigolf.ca\/en\/wp-json\/wp\/v2\/media?parent=282316"}],"wp:term":[{"taxonomy":"product_brand","embeddable":true,"href":"https:\/\/flexigolf.ca\/en\/wp-json\/wp\/v2\/product_brand?post=282316"},{"taxonomy":"product_cat","embeddable":true,"href":"https:\/\/flexigolf.ca\/en\/wp-json\/wp\/v2\/product_cat?post=282316"},{"taxonomy":"product_tag","embeddable":true,"href":"https:\/\/flexigolf.ca\/en\/wp-json\/wp\/v2\/product_tag?post=282316"}],"curies":[{"name":"wp","href":"https:\/\/api.w.org\/{rel}","templated":true}]}}