{"id":282335,"date":"2025-11-25T15:20:16","date_gmt":"2025-11-25T20:20:16","guid":{"rendered":"https:\/\/flexigolf.ca\/?post_type=product&#038;p=282335"},"modified":"2026-03-09T14:29:41","modified_gmt":"2026-03-09T18:29:41","slug":"golf-carleton-sur-mer-1-joueur-avec-voiturette-en-tout-temps-saison-2026","status":"publish","type":"product","link":"https:\/\/flexigolf.ca\/en\/product\/golf-carleton-sur-mer-1-joueur-avec-voiturette-en-tout-temps-saison-2026\/","title":{"rendered":"Golf Carleton-Sur-Mer &#8211; 1 joueur avec voiturette   (en tout temps saison 2026)"},"content":{"rendered":"<h1>Golf Carleton-Sur-Mer, Gasp\u00e9sie<\/h1>\n<h2>18 trous, normale 72<\/h2>\n<p>Berc\u00e9 au sud par la mer et prot\u00e9g\u00e9 au nord par la montagne, ce parcours de 18 trous sera toujours un terrain \u00e0 faire r\u00eaver. Que vous soyez d\u00e9butants ou golfeurs chevronn\u00e9s, ce golf vous fera passer par toute une gamme d\u2019\u00e9motions.<\/p>\n<p>Le golf de Carleton-sur-Mer attire chaque ann\u00e9e des milliers de visiteurs et jouit d\u2019un prestige et d\u2019une renomm\u00e9e in\u00e9gal\u00e9e depuis 1928. Ses points de vue pittoresques et son architecture avec ses nouveaux d\u00e9fis vous laisseront un souvenir imp\u00e9rissable. Aucun handicap sur le plan du paysage!<\/p>\n","protected":false},"excerpt":{"rendered":"<p><span style=\"font-weight: 400;\">Un club de golf de bord de mer dans un endroit enchanteur au Qu\u00e9bec, oui c\u2019est possible au golf Carleton-sur-mer!<\/span><\/p>\n<p><span style=\"font-weight: 400;\">Cette offre exclusive pour un golfeur inclus :\u00a0<\/span><\/p>\n<ul>\n<li style=\"font-weight: 400;\" aria-level=\"1\"><span style=\"font-weight: 400;\">1 joueurs ronde de 18 trous en voiturette<\/span><\/li>\n<li style=\"font-weight: 400;\" aria-level=\"1\"><span style=\"font-weight: 400;\">L\u2019acc\u00e8s au champ de pratique\u00a0<\/span><\/li>\n<\/ul>\n<p><strong>Cette offre est utilisable en tout temps pour la saison 2026 et ce, sans restriction. Vous pouvez r\u00e9server votre d\u00e9part jusqu\u2019\u00e0 14 jours \u00e0 l\u2019avance.\u00a0<\/strong><\/p>\n","protected":false},"featured_media":222686,"template":"","meta":{"_et_pb_use_builder":"","_et_pb_old_content":"","_et_gb_content_width":""},"product_brand":[],"product_cat":[3531,1175,1805,3824,3468,1189],"product_tag":[3763],"class_list":{"0":"post-282335","1":"product","2":"type-product","3":"status-publish","4":"has-post-thumbnail","6":"product_cat-1-joueur-nombre-de-joueur","7":"product_cat-18-trous","8":"product_cat-avec-voiturette","9":"product_cat-club-de-golf-carleton-sur-mer","10":"product_cat-gaspesie","11":"product_cat-promotion","12":"product_tag-at-all-times-2","14":"first","15":"instock","16":"sale","17":"downloadable","18":"taxable","19":"shipping-taxable","20":"purchasable","21":"product-type-simple"},"_links":{"self":[{"href":"https:\/\/flexigolf.ca\/en\/wp-json\/wp\/v2\/product\/282335","targetHints":{"allow":["GET"]}}],"collection":[{"href":"https:\/\/flexigolf.ca\/en\/wp-json\/wp\/v2\/product"}],"about":[{"href":"https:\/\/flexigolf.ca\/en\/wp-json\/wp\/v2\/types\/product"}],"wp:featuredmedia":[{"embeddable":true,"href":"https:\/\/flexigolf.ca\/en\/wp-json\/wp\/v2\/media\/222686"}],"wp:attachment":[{"href":"https:\/\/flexigolf.ca\/en\/wp-json\/wp\/v2\/media?parent=282335"}],"wp:term":[{"taxonomy":"product_brand","embeddable":true,"href":"https:\/\/flexigolf.ca\/en\/wp-json\/wp\/v2\/product_brand?post=282335"},{"taxonomy":"product_cat","embeddable":true,"href":"https:\/\/flexigolf.ca\/en\/wp-json\/wp\/v2\/product_cat?post=282335"},{"taxonomy":"product_tag","embeddable":true,"href":"https:\/\/flexigolf.ca\/en\/wp-json\/wp\/v2\/product_tag?post=282335"}],"curies":[{"name":"wp","href":"https:\/\/api.w.org\/{rel}","templated":true}]}}