{"id":282438,"date":"2025-11-26T09:34:40","date_gmt":"2025-11-26T14:34:40","guid":{"rendered":"https:\/\/flexigolf.ca\/?post_type=product&#038;p=282438"},"modified":"2026-04-19T12:01:28","modified_gmt":"2026-04-19T16:01:28","slug":"golf-hemmingford-parcours-frontiere-duo-de-golfeur-voiturette-valide-lundi-au-vendredi-saison-2026","status":"publish","type":"product","link":"https:\/\/flexigolf.ca\/en\/product\/golf-hemmingford-parcours-frontiere-duo-de-golfeur-voiturette-valide-lundi-au-vendredi-saison-2026\/","title":{"rendered":"Golf Hemmingford &#8211; Parcours Fronti\u00e8re &#8211; Duo de golfeur voiturette (Valide lundi au vendredi saison 2026)"},"content":{"rendered":"<h1>Golf Hemmingford, Mont\u00e9r\u00e9gie, 18 trous<\/h1>\n<p>Un club qui figure parmi les plus beaux du Qu\u00e9bec! Situ\u00e9 en Mont\u00e9r\u00e9gie, \u00e0 moins de 50 minutes de montr\u00e9al et tout pr\u00e8s des lignes am\u00e9ricaines se trouve un magnifique endroit pour une escapade de golf : Le Club de golf Hemmingford. D\u00e8s votre arriv\u00e9e vous n\u2019avez qu\u2019une envie ; commencer votre partie! Le d\u00e9cor et les installations sont digne de mention. Le parcours accessible aux visiteurs offre un excellent d\u00e9fi et est toujours entretenu avec le plus grand soin. L\u2019histoire derri\u00e8re ce lieu lui donne un cachet et une maturit\u00e9 d\u00e8s plus int\u00e9ressante.<\/p>\n<p>Le Parcours fronti\u00e8re est le parcours avec le plus d&#8217;histoire sur place. On y retrouve des all\u00e9es assez larges, mais parfois \u00e9troites, avec de plus petits verts. Il faut \u00eatre pr\u00e9cis! De magnifiques arbres matures sont bien dispos\u00e9s sur ce parcours.<\/p>\n<p>Sur le parcours village, le parcours originellement exclusivement pour les membres, offre un d\u00e9fi de golf plus moderne, avec des grands verts ondul\u00e9s, qui offre certainement un d\u00e9fi d&#8217;un autre degr\u00e9.<\/p>\n<p>On a dit qu&#8217; on a envie de commencer notre partie d\u00e8s notre arriv\u00e9e.. c&#8217;est aussi parce que le restaurant et la terrasse nous interpelle d\u00e8s qu&#8217;on termine la partie! Le restaurant est un incontournable apr\u00e8s votre ronde, vous devez aller vous d\u00e9tendre dans cet endroit d\u00e8s plus accueillant et o\u00f9 les bons produits sont \u00e0 l\u2019honneur! Quoi dire de la terrasse? Une visite vous convaincra d\u2019en faire un incontournable \u00e0 chaque saison!<\/p>\n<p>Une escapade au Club de golf Hemmingford, c&#8217;est une escapade de golf r\u00e9ussie!<\/p>\n<p>D\u00e9couvrez en plus sur le club ici : <a href='https:\/\/flexigolf.ca\/categorie-produit\/club-de-golf-hemmingford\/' class='small-button smallsilver'>Le profil du club<\/a><\/p>\n","protected":false},"excerpt":{"rendered":"<p>Partez \u00e0 la d\u00e9couverte du Golf Hemmingford et de ses magnifiques installations! Le parcours fronti\u00e8re vous attends.<\/p>\n<p>Cette offre inclus :<\/p>\n<ul>\n<li>Duo de golfeur ronde 18 trous sur le parcours fronti\u00e8re<\/li>\n<li>Avec voiturette<\/li>\n<\/ul>\n<p><strong>Utilisable en tout temps du lundi au vendredi pour la saison 2026<\/strong>. Vous pouvez r\u00e9server votre d\u00e9part 5 jours \u00e0 l&#8217;avance.<\/p>\n<p><strong>L&#8217;offre est en ligne jusqu&#8217;au 30 avril uniquement!<\/strong><\/p>\n","protected":false},"featured_media":222628,"template":"","meta":{"_et_pb_use_builder":"","_et_pb_old_content":"","_et_gb_content_width":""},"product_brand":[],"product_cat":[3515,1175,1805,3461,1597,1189],"product_tag":[2535],"class_list":{"0":"post-282438","1":"product","2":"type-product","3":"status-publish","4":"has-post-thumbnail","6":"product_cat-2-joueurs","7":"product_cat-18-trous","8":"product_cat-avec-voiturette","9":"product_cat-club-de-golf-hemmingford","10":"product_cat-monteregie","11":"product_cat-promotion","12":"product_tag-en-tout-temps","14":"first","15":"instock","16":"sale","17":"downloadable","18":"taxable","19":"shipping-taxable","20":"purchasable","21":"product-type-simple"},"_links":{"self":[{"href":"https:\/\/flexigolf.ca\/en\/wp-json\/wp\/v2\/product\/282438","targetHints":{"allow":["GET"]}}],"collection":[{"href":"https:\/\/flexigolf.ca\/en\/wp-json\/wp\/v2\/product"}],"about":[{"href":"https:\/\/flexigolf.ca\/en\/wp-json\/wp\/v2\/types\/product"}],"wp:featuredmedia":[{"embeddable":true,"href":"https:\/\/flexigolf.ca\/en\/wp-json\/wp\/v2\/media\/222628"}],"wp:attachment":[{"href":"https:\/\/flexigolf.ca\/en\/wp-json\/wp\/v2\/media?parent=282438"}],"wp:term":[{"taxonomy":"product_brand","embeddable":true,"href":"https:\/\/flexigolf.ca\/en\/wp-json\/wp\/v2\/product_brand?post=282438"},{"taxonomy":"product_cat","embeddable":true,"href":"https:\/\/flexigolf.ca\/en\/wp-json\/wp\/v2\/product_cat?post=282438"},{"taxonomy":"product_tag","embeddable":true,"href":"https:\/\/flexigolf.ca\/en\/wp-json\/wp\/v2\/product_tag?post=282438"}],"curies":[{"name":"wp","href":"https:\/\/api.w.org\/{rel}","templated":true}]}}