{"id":282441,"date":"2025-11-26T10:13:52","date_gmt":"2025-11-26T15:13:52","guid":{"rendered":"https:\/\/flexigolf.ca\/?post_type=product&#038;p=282441"},"modified":"2026-03-26T15:02:15","modified_gmt":"2026-03-26T19:02:15","slug":"club-de-golf-farnham-duo-de-golfeurs-avec-voiturette-bonus-cadeau-valide-pour-la-saison-2026","status":"publish","type":"product","link":"https:\/\/flexigolf.ca\/en\/product\/club-de-golf-farnham-duo-de-golfeurs-avec-voiturette-bonus-cadeau-valide-pour-la-saison-2026\/","title":{"rendered":"Club de golf Farnham &#8211; Duo de golfeurs avec voiturette +Bonus cadeau (Valide pour la saison 2026)"},"content":{"rendered":"<h1>Club de golf Farnham, Estrie<\/h1>\n<h3>18 trous, normale 71<\/h3>\n<p>Du grand golf, une valeur s\u00fbre!<\/p>\n<p>Situ\u00e9 en Estrie, \u00e0 seulement 45 minutes de Montr\u00e9al, le Club de Golf de Farnham est un terrain semi-priv\u00e9 qui s\u00e9duit les golfeurs de tous niveaux. Son trac\u00e9 classique, bord\u00e9 d\u2019arbres matures, marie beaut\u00e9 naturelle et d\u00e9fi strat\u00e9gique. Reconnu pour son rythme de jeu optimal et la qualit\u00e9 impeccable de ses verts rapides et soign\u00e9s, Farnham est une destination incontournable pour les passionn\u00e9s.<\/p>\n<p>Avec une normale de 71, ce parcours de 18 trous propose six jalons de d\u00e9part, offrant \u00e0 chaque golfeur une exp\u00e9rience adapt\u00e9e \u00e0 son style de jeu. Que vous souhaitiez repousser vos limites ou simplement profiter d\u2019un moment de golf en toute d\u00e9tente, Farnham saura vous s\u00e9duire.<\/p>\n<p>Un parcours \u00e0 d\u00e9couvrir, une exp\u00e9rience qui donne envie de revenir. Venez explorer ce joyau cach\u00e9\u2026 ou red\u00e9couvrir pourquoi tant de golfeurs en font leur destination privil\u00e9gi\u00e9e saison apr\u00e8s saison !<\/p>\n","protected":false},"excerpt":{"rendered":"<p>Profitez de cette offre pour d\u00e9couvrir un superbe parcours de l&#8217;Estrie!<\/p>\n<p><em>\u00a0Ce carnet est enti\u00e8rement transf\u00e9rable et constitue un cadeau id\u00e9al pour les amateurs de golf. Une occasion parfaite de d\u00e9couvrir (ou red\u00e9couvrir) le Club de Golf de Farnham \u2014 un parcours appr\u00e9ci\u00e9 pour sa qualit\u00e9, son accueil chaleureux et son ambiance unique. \u2013 Quantit\u00e9s limit\u00e9es.<\/em><\/p>\n<p><strong>Cette offre inclus :<\/strong><\/p>\n<ul class=\"bulleted\">\n<li>Duo de golfeur avec voiturette*<\/li>\n<li>1 partie de golf \u00e0 pied valide d\u00e8s septembre 2026<\/li>\n<\/ul>\n<p><em>Valide d\u00e8s l\u2019ouverture de la saison 2026<\/em><strong><em>. *<\/em>Utilisable en tout temps du lundi au vendredi et apr\u00e8s 13h samedi et dimanche pour la saison 2026.<\/strong><\/p>\n<p>Vous pouvez r\u00e9server votre d\u00e9part 6 jours \u00e0 l&#8217;avance.<\/p>\n<p>En vente exclusivement jusqu&#8217;au 1 janvier 2026.<\/p>\n","protected":false},"featured_media":256581,"template":"","meta":{"_et_pb_use_builder":"","_et_pb_old_content":"","_et_gb_content_width":""},"product_brand":[],"product_cat":[1199,706,3754],"product_tag":[],"class_list":{"0":"post-282441","1":"product","2":"type-product","3":"status-publish","4":"has-post-thumbnail","6":"product_cat-estrie","7":"product_cat-non-classe","8":"product_cat-terminee","10":"first","11":"instock","12":"sale","13":"downloadable","14":"taxable","15":"shipping-taxable","16":"purchasable","17":"product-type-simple"},"_links":{"self":[{"href":"https:\/\/flexigolf.ca\/en\/wp-json\/wp\/v2\/product\/282441","targetHints":{"allow":["GET"]}}],"collection":[{"href":"https:\/\/flexigolf.ca\/en\/wp-json\/wp\/v2\/product"}],"about":[{"href":"https:\/\/flexigolf.ca\/en\/wp-json\/wp\/v2\/types\/product"}],"wp:featuredmedia":[{"embeddable":true,"href":"https:\/\/flexigolf.ca\/en\/wp-json\/wp\/v2\/media\/256581"}],"wp:attachment":[{"href":"https:\/\/flexigolf.ca\/en\/wp-json\/wp\/v2\/media?parent=282441"}],"wp:term":[{"taxonomy":"product_brand","embeddable":true,"href":"https:\/\/flexigolf.ca\/en\/wp-json\/wp\/v2\/product_brand?post=282441"},{"taxonomy":"product_cat","embeddable":true,"href":"https:\/\/flexigolf.ca\/en\/wp-json\/wp\/v2\/product_cat?post=282441"},{"taxonomy":"product_tag","embeddable":true,"href":"https:\/\/flexigolf.ca\/en\/wp-json\/wp\/v2\/product_tag?post=282441"}],"curies":[{"name":"wp","href":"https:\/\/api.w.org\/{rel}","templated":true}]}}