{"id":282706,"date":"2025-11-27T11:02:00","date_gmt":"2025-11-27T16:02:00","guid":{"rendered":"https:\/\/flexigolf.ca\/?post_type=product&#038;p=282706"},"modified":"2026-03-31T16:36:23","modified_gmt":"2026-03-31T20:36:23","slug":"club-de-golf-riviere-rouge-2-joueurs-a-pied-valide-vendredi-au-dimanche-saison-2026","status":"publish","type":"product","link":"https:\/\/flexigolf.ca\/en\/product\/club-de-golf-riviere-rouge-2-joueurs-a-pied-valide-vendredi-au-dimanche-saison-2026\/","title":{"rendered":"Club de golf Rivi\u00e8re-Rouge &#8211; 2 joueurs \u00e0 pied (Valide vendredi au dimanche saison 2026)"},"content":{"rendered":"<h1>Club de golf Rivi\u00e8re-Rouge<\/h1>\n<h2>Mont\u00e9r\u00e9gie, 18 trous normale 72<\/h2>\n<p>Situ\u00e9 en Mont\u00e9r\u00e9gie, ce parcours de 18 trous d&#8217;une normale 72 qui offrira du plaisir \u00e0 tous les niveaux de golfeurs.<\/p>\n<p>Un paysage \u00e0 couper le souffle vous attends! Le terrain attire autant le d\u00e9butant que l\u2019expert golfeur. La multitude d\u2019arbres matures, certaines all\u00e9es \u00e9troites, et des obstacles d\u2019eau sauront stimuler les plus avides golfeurs.<\/p>\n<p>\u00c0 d\u00e9couvrir!<\/p>\n","protected":false},"excerpt":{"rendered":"<p>Profitez de cette offre pour d\u00e9couvrir Le Golf Rivi\u00e8re-Rouge, une destination golf \u00e0 proximit\u00e9 de Montr\u00e9al!<\/p>\n<p>Cette offre inclus :<\/p>\n<ul>\n<li>Duo de golfeurs \u00e0 pied<\/li>\n<li>Avec un gros panier de balles \u00e0 partager<\/li>\n<\/ul>\n<p>Valide vendredi au dimanche (et f\u00e9ri\u00e9s) saison 2026 selon les moments choisis : avant midi \/ apr\u00e8s 12h00<\/p>\n<p>Vous pouvez r\u00e9server vos d\u00e9parts 5 jours \u00e0 l&#8217;avance.<\/p>\n<p><strong>L&#8217;offre est en ligne jusqu&#8217;au 30 avril uniquement!<\/strong><\/p>\n","protected":false},"featured_media":238921,"template":"","meta":{"_et_pb_use_builder":"","_et_pb_old_content":"","_et_gb_content_width":""},"product_brand":[],"product_cat":[1175,3515,2537,3906,1597,1189],"product_tag":[],"class_list":{"0":"post-282706","1":"product","2":"type-product","3":"status-publish","4":"has-post-thumbnail","6":"product_cat-18-trous","7":"product_cat-2-joueurs","8":"product_cat-a-pieds","9":"product_cat-club-de-golf-riviere-rouge","10":"product_cat-monteregie","11":"product_cat-promotion","13":"first","14":"instock","15":"sale","16":"taxable","17":"shipping-taxable","18":"purchasable","19":"product-type-variable"},"_links":{"self":[{"href":"https:\/\/flexigolf.ca\/en\/wp-json\/wp\/v2\/product\/282706","targetHints":{"allow":["GET"]}}],"collection":[{"href":"https:\/\/flexigolf.ca\/en\/wp-json\/wp\/v2\/product"}],"about":[{"href":"https:\/\/flexigolf.ca\/en\/wp-json\/wp\/v2\/types\/product"}],"wp:featuredmedia":[{"embeddable":true,"href":"https:\/\/flexigolf.ca\/en\/wp-json\/wp\/v2\/media\/238921"}],"wp:attachment":[{"href":"https:\/\/flexigolf.ca\/en\/wp-json\/wp\/v2\/media?parent=282706"}],"wp:term":[{"taxonomy":"product_brand","embeddable":true,"href":"https:\/\/flexigolf.ca\/en\/wp-json\/wp\/v2\/product_brand?post=282706"},{"taxonomy":"product_cat","embeddable":true,"href":"https:\/\/flexigolf.ca\/en\/wp-json\/wp\/v2\/product_cat?post=282706"},{"taxonomy":"product_tag","embeddable":true,"href":"https:\/\/flexigolf.ca\/en\/wp-json\/wp\/v2\/product_tag?post=282706"}],"curies":[{"name":"wp","href":"https:\/\/api.w.org\/{rel}","templated":true}]}}