{"id":287492,"date":"2026-01-24T09:39:34","date_gmt":"2026-01-24T14:39:34","guid":{"rendered":"https:\/\/flexigolf.ca\/?post_type=product&#038;p=287492"},"modified":"2026-04-13T13:39:47","modified_gmt":"2026-04-13T17:39:47","slug":"club-de-golf-godefroy-2-joueurs-voiturette-valide-en-tout-temps-saison-2026","status":"publish","type":"product","link":"https:\/\/flexigolf.ca\/en\/product\/club-de-golf-godefroy-2-joueurs-voiturette-valide-en-tout-temps-saison-2026\/","title":{"rendered":"Club de golf Godefroy &#8211; 2 joueurs voiturette &#8211; Valide en tout temps saison 2026"},"content":{"rendered":"<h1>Club de golf Godefroy, Mauricie<\/h1>\n<h3>18 trous, normale 71<\/h3>\n<p>Laissez-vous tenter par une petite partie sur notre fabuleux terrain construit en 1974, situ\u00e9 en bordure du fleuve. L\u2019ambiance est conviviale, et le parcours, aux verts Bermuda Grass et aux all\u00e9es Blue Grass, vous offre un bel \u00e9quilibre entre la verdure, les arbres, les plans d\u2019eau, les fosses de sable et les d\u00e9nivel\u00e9s de terrain. \u00a0Situ\u00e9 \u00e0 quelques pas du Pont Laviolette, il est situ\u00e9 dans la r\u00e9gion de B\u00e9cancour. D\u00e9couvrez ce club parcours de golf agr\u00e9able convenant \u00e0 tous les types de golfeurs.<\/p>\n<p>Sur place, vous retrouvez un champ de pratique, un vert de pratique, une boutique ainsi qu&#8217;un restaurant.<\/p>\n","protected":false},"excerpt":{"rendered":"<p><em>D\u00e9couvrez le Club de golf Godefroy en Mauricie avec notre offre exclusive!\u00a0<\/em><\/p>\n<p>Cette offres inclus :<\/p>\n<ul>\n<li>2 joueurs en voiturette<\/li>\n<li>Ronde de 18 trous<\/li>\n<\/ul>\n<p><strong><em>Utilisable du lundi au dimanche apr\u00e8s 12h30 pour la saison 2026 (inclus les f\u00e9ri\u00e9s).<\/em><\/strong><\/p>\n<p><strong><em> R\u00e9servation 6 jours \u00e0 l&#8217;avance possible.<\/em><\/strong><\/p>\n<p><strong>L&#8217;offre est en ligne jusqu&#8217;au 30 avril uniquement!<\/strong><\/p>\n","protected":false},"featured_media":255319,"template":"","meta":{"_et_pb_use_builder":"","_et_pb_old_content":"","_et_gb_content_width":""},"product_brand":[],"product_cat":[1175,3515,1805,1208,3945,1189],"product_tag":[],"class_list":{"0":"post-287492","1":"product","2":"type-product","3":"status-publish","4":"has-post-thumbnail","6":"product_cat-18-trous","7":"product_cat-2-joueurs","8":"product_cat-avec-voiturette","9":"product_cat-centre-du-quebec","10":"product_cat-club-de-golf-godefroy","11":"product_cat-promotion","13":"first","14":"instock","15":"sale","16":"downloadable","17":"taxable","18":"shipping-taxable","19":"purchasable","20":"product-type-simple"},"_links":{"self":[{"href":"https:\/\/flexigolf.ca\/en\/wp-json\/wp\/v2\/product\/287492","targetHints":{"allow":["GET"]}}],"collection":[{"href":"https:\/\/flexigolf.ca\/en\/wp-json\/wp\/v2\/product"}],"about":[{"href":"https:\/\/flexigolf.ca\/en\/wp-json\/wp\/v2\/types\/product"}],"wp:featuredmedia":[{"embeddable":true,"href":"https:\/\/flexigolf.ca\/en\/wp-json\/wp\/v2\/media\/255319"}],"wp:attachment":[{"href":"https:\/\/flexigolf.ca\/en\/wp-json\/wp\/v2\/media?parent=287492"}],"wp:term":[{"taxonomy":"product_brand","embeddable":true,"href":"https:\/\/flexigolf.ca\/en\/wp-json\/wp\/v2\/product_brand?post=287492"},{"taxonomy":"product_cat","embeddable":true,"href":"https:\/\/flexigolf.ca\/en\/wp-json\/wp\/v2\/product_cat?post=287492"},{"taxonomy":"product_tag","embeddable":true,"href":"https:\/\/flexigolf.ca\/en\/wp-json\/wp\/v2\/product_tag?post=287492"}],"curies":[{"name":"wp","href":"https:\/\/api.w.org\/{rel}","templated":true}]}}