{"id":287529,"date":"2026-01-24T12:51:00","date_gmt":"2026-01-24T17:51:00","guid":{"rendered":"https:\/\/flexigolf.ca\/?post_type=product&#038;p=287529"},"modified":"2026-03-09T13:48:29","modified_gmt":"2026-03-09T17:48:29","slug":"club-de-golf-st-zotique-2-joueurs-9-trous-a-pied-apres-15h00-pour-la-saison-2026","status":"publish","type":"product","link":"https:\/\/flexigolf.ca\/en\/product\/club-de-golf-st-zotique-2-joueurs-9-trous-a-pied-apres-15h00-pour-la-saison-2026\/","title":{"rendered":"Club de golf St-Zotique &#8211; 2 joueurs, 9 trous \u00e0 pied avec pitou &#x1f43e; (apr\u00e8s 15h00 pour la saison 2026)"},"content":{"rendered":"<h1>Club de golf St-Zotique<\/h1>\n<h3>Mont\u00e9r\u00e9gie, 18 trous<\/h3>\n<p>Le Club de golf St-Zotique propose un parcours de 18 trous, mature et bien entretenu, avec des obstacles d&#8217;eau et de sable, offrant un d\u00e9fi pour tous les niveaux. Deux verts et un champ de pratique sont disponibles pour vous. Un service complet de bar et de restauration est disponible, en plus de la cantine strat\u00e9giquement situ\u00e9e sur le terrain. Le club est ouvert depuis 1954 et est maintenant g\u00e9r\u00e9 par la 3e g\u00e9n\u00e9ration de la famille Pilon.<\/p>\n","protected":false},"excerpt":{"rendered":"<p>Nouveau partenaire en Mont\u00e9r\u00e9gie! Profitez de cette offre pour un petit 9 de fin de journ\u00e9e cet \u00e9t\u00e9!<\/p>\n<p>Cette offre inclus :<\/p>\n<ul>\n<li>2 joueurs \u00e0 pied &#8211; ronde 9 trous<\/li>\n<li><b>avec pitou<\/b> <img decoding=\"async\" class=\"an1\" draggable=\"false\" src=\"https:\/\/fonts.gstatic.com\/s\/e\/notoemoji\/16.0\/1f43e\/72.png\" alt=\"&#x1f43e;\" data-emoji=\"&#x1f43e;\" aria-label=\"&#x1f43e;\" \/> (option) voir r\u00e8glement en cliquant ici<div class='et-learn-more clearfix'>\n\t\t\t\t\t<h3 class='heading-more'>Click here to learn more<span class='et_learnmore_arrow'><span><\/span><\/span><\/h3>\n\t\t\t\t\t<div class='learn-more-content'>R\u00e8glements \u2013 Golf avec pitou \u2013 Golf St-Zotique Plages autoris\u00e9es \uf0b7 Mardis et dimanches apr\u00e8s 15 h, sous r\u00e9serve de l\u2019horaire du club (tournois\/\u00e9v\u00e9nements\/achalandage). Chiens admissibles \uf0b7 Chiens de 30 lb et moins. \uf0b7 Comportement calme et silencieux requis : aucun jappement ou comportement perturbateur ne sera tol\u00e9r\u00e9. Contr\u00f4le &amp; s\u00e9curit\u00e9 \uf0b7 Le chien doit \u00eatre tenu en laisse en tout temps et demeurer sous le contr\u00f4le constant de son ma\u00eetre. \uf0b7 Le chien est sous la seule responsabilit\u00e9 du joueur\/ma\u00eetre. \uf0b7 Les excr\u00e9ments doivent \u00eatre ramass\u00e9s imm\u00e9diatement et jet\u00e9s ad\u00e9quatement. \uf0b7 Aucun chien sur les d\u00e9parts, les verts et les fosses de sable. \uf0b7 Tout signe d\u2019agressivit\u00e9 = retrait imm\u00e9diat. \uf0b7 Maximum 2 chiens par quatuor. Application \uf0b7 Aucun avertissement : toute infraction entra\u00eene une expulsion imm\u00e9diate (chien et groupe au besoin), sans remboursement. \uf0b7 Chiens d\u2019assistance autoris\u00e9s selon la r\u00e9glementation applicable. Clause de non-responsabilit\u00e9 Le Club de golf de Saint-Zotique, ses administrateurs, employ\u00e9s et partenaires ne peuvent en aucun cas \u00eatre tenus responsables de tout incident, accident, blessure, morsure, dommage mat\u00e9riel ou pr\u00e9judice caus\u00e9 par ou impliquant un chien, que ce soit envers des personnes, d\u2019autres animaux ou des biens. Le ma\u00eetre du chien assume l\u2019enti\u00e8re responsabilit\u00e9 civile et financi\u00e8re de son animal en tout temps, incluant les dommages caus\u00e9s au terrain, aux installations, \u00e0 l\u2019\u00e9quipement, aux autres joueurs ou aux tiers. Le Club de golf de Saint-Zotique se r\u00e9serve le droit de modifier, suspendre ou annuler cette activit\u00e9 \u00e0 tout moment, sans pr\u00e9avis, notamment pour des raisons de s\u00e9curit\u00e9, de conditions du terrain, d\u2019achalandage ou de non-respect des r\u00e8glements. En acc\u00e9dant au terrain avec un chien, le joueur confirme avoir pris connaissance de l\u2019ensemble des r\u00e8gles et conditions et s\u2019engage \u00e0 les respecter pleinement.<\/div>\n\t\t\t\t<\/div><\/li>\n<\/ul>\n<p>Utilisable mardi et dimanche apr\u00e8s 15h00 pour la saison 2026. R\u00e9servation 1 journ\u00e9e \u00e0 l&#8217;avance.<\/p>\n","protected":false},"featured_media":287525,"template":"","meta":{"_et_pb_use_builder":"","_et_pb_old_content":"","_et_gb_content_width":""},"product_brand":[],"product_cat":[3515,1200,2537,3955,1597,1189],"product_tag":[],"class_list":{"0":"post-287529","1":"product","2":"type-product","3":"status-publish","4":"has-post-thumbnail","6":"product_cat-2-joueurs","7":"product_cat-9-trous","8":"product_cat-a-pieds","9":"product_cat-club-de-golf-st-zotique","10":"product_cat-monteregie","11":"product_cat-promotion","13":"first","14":"instock","15":"sale","16":"downloadable","17":"taxable","18":"shipping-taxable","19":"purchasable","20":"product-type-simple"},"_links":{"self":[{"href":"https:\/\/flexigolf.ca\/en\/wp-json\/wp\/v2\/product\/287529","targetHints":{"allow":["GET"]}}],"collection":[{"href":"https:\/\/flexigolf.ca\/en\/wp-json\/wp\/v2\/product"}],"about":[{"href":"https:\/\/flexigolf.ca\/en\/wp-json\/wp\/v2\/types\/product"}],"wp:featuredmedia":[{"embeddable":true,"href":"https:\/\/flexigolf.ca\/en\/wp-json\/wp\/v2\/media\/287525"}],"wp:attachment":[{"href":"https:\/\/flexigolf.ca\/en\/wp-json\/wp\/v2\/media?parent=287529"}],"wp:term":[{"taxonomy":"product_brand","embeddable":true,"href":"https:\/\/flexigolf.ca\/en\/wp-json\/wp\/v2\/product_brand?post=287529"},{"taxonomy":"product_cat","embeddable":true,"href":"https:\/\/flexigolf.ca\/en\/wp-json\/wp\/v2\/product_cat?post=287529"},{"taxonomy":"product_tag","embeddable":true,"href":"https:\/\/flexigolf.ca\/en\/wp-json\/wp\/v2\/product_tag?post=287529"}],"curies":[{"name":"wp","href":"https:\/\/api.w.org\/{rel}","templated":true}]}}