{"id":288843,"date":"2026-02-10T13:51:26","date_gmt":"2026-02-10T18:51:26","guid":{"rendered":"https:\/\/flexigolf.ca\/?post_type=product&#038;p=288843"},"modified":"2026-04-12T08:50:21","modified_gmt":"2026-04-12T12:50:21","slug":"6-juin-2026-1ere-coupe-des-couples-flexigolf-au-golf-du-lac-champlain","status":"publish","type":"product","link":"https:\/\/flexigolf.ca\/en\/product\/6-juin-2026-1ere-coupe-des-couples-flexigolf-au-golf-du-lac-champlain\/","title":{"rendered":"6 juin 2026 &#8211; 1\u00e8re Coupe des couples FlexiGolf au Golf du Lac Champlain"},"content":{"rendered":"<p><span style=\"font-weight: 400;\">Viens te mettre au d\u00e9fi en couple dans un contexte unique o\u00f9 des dizaines de couples golfeurs passionn\u00e9s tout autant que vous viennent c\u00e9l\u00e9brer leur passion! Le Golf du Lac Champlain, situ\u00e9 \u00e0 Venise-en-Qu\u00e9bec re\u00e7oit la premi\u00e8re \u00e9dition de la saison de la coupe des couples! Une journ\u00e9e o\u00f9 le golf en couple est \u00e0 l\u2019honneur.\u00a0<\/span><\/p>\n<p><span style=\"font-weight: 400;\">L&#8217;objectif de l\u2019\u00e9v\u00e9nement est de se rassembler entre couples golfeurs ainsi que de se mettre au d\u00e9fi dans un contexte amical et un d\u00e9cor enchanteur pour c\u00e9l\u00e9brer le meilleur sport de couple : le golf!\u00a0<\/span><\/p>\n<p><span style=\"font-weight: 400;\">C\u2019est votre chance d\u2019avoir du plaisir entre couples golfeurs et de rencontrer de nouvelles personnes.<\/span><\/p>\n<p><i><span style=\"font-weight: 400;\">*Vous pouvez vous inscrire avec des couples d\u2019amis golfeurs, sinon on vous jumellera avec un autre couple!<\/span><\/i><\/p>\n<ul>\n<li><span style=\"font-weight: 400;\">Formule de jeu : V\u00e9gas \u00e0 2 (meilleure balle \u00e0 2)<\/span><\/li>\n<li><span style=\"font-weight: 400;\">Inscription : Golf et souper ou encore golf, souper et nuit\u00e9e. Et oui, le golf du Lac Champlain offre aux golfeurs sur place de superbes chambres d\u2019h\u00f4tel.\u00a0<\/span><\/li>\n<li><span style=\"font-weight: 400;\">Nombre de place : 72 \u00e9quipes de 2<\/span><\/li>\n<li>Date : 6 juin<\/li>\n<li>O\u00f9 : Golf du Lac Champlain<\/li>\n<\/ul>\n<p>Les jalons de d\u00e9parts :<\/p>\n<ul>\n<li>Homme avec handicap de 7 et &#8211; : bleu<\/li>\n<li>Homme avec handicap de 8 et + : blanc<\/li>\n<li>Femme (tout handicap confondu) : rouge<\/li>\n<\/ul>\n","protected":false},"excerpt":{"rendered":"<p><span style=\"font-weight: 400;\">Viens te mettre au d\u00e9fi en couple dans un contexte unique o\u00f9 des dizaines de couples golfeurs passionn\u00e9s tout autant que vous viennent c\u00e9l\u00e9brer leur passion! Le Golf du Lac Champlain, situ\u00e9 \u00e0 Venise-en-Qu\u00e9bec re\u00e7oit la premi\u00e8re \u00e9dition de la saison de la coupe des couples! Une journ\u00e9e o\u00f9 le golf en couple est \u00e0 l\u2019honneur.\u00a0<\/span><\/p>\n<p><span style=\"font-weight: 400;\">L&#8217;objectif de l\u2019\u00e9v\u00e9nement est de se rassembler entre couples golfeurs ainsi que de se mettre au d\u00e9fi dans un contexte amical et un d\u00e9cor enchanteur pour c\u00e9l\u00e9brer le meilleur sport de couple : le golf!\u00a0<\/span><\/p>\n<p><span style=\"font-weight: 400;\">C\u2019est votre chance d\u2019avoir du plaisir entre couples golfeurs et de rencontrer de nouvelles personnes.<\/span><\/p>\n<p><i><span style=\"font-weight: 400;\">*Vous pouvez vous inscrire avec des couples d\u2019amis golfeurs, sinon on vous jumellera avec un autre couple!<\/span><\/i><\/p>\n<ul>\n<li>Date : 6 juin<\/li>\n<li>O\u00f9 : Golf du Lac Champlain<\/li>\n<li><span style=\"font-weight: 400;\">Formule de jeu : V\u00e9gas \u00e0 2 (meilleure balle \u00e0 2)<\/span><\/li>\n<li><span style=\"font-weight: 400;\">Inscription : Golf et souper ou encore golf, souper et nuit\u00e9e. Et oui, le golf du Lac Champlain offre aux golfeurs sur place de superbes chambres d\u2019h\u00f4tel.\u00a0<\/span><\/li>\n<\/ul>\n<p><strong>Votre inscription inclus :\u00a0<\/strong><\/p>\n<ul>\n<li style=\"font-weight: 400;\" aria-level=\"1\"><span style=\"font-weight: 400;\">Golf 18 trous et voiturette<\/span><\/li>\n<li style=\"font-weight: 400;\" aria-level=\"1\"><span style=\"font-weight: 400;\">Souper 3 services<\/span><\/li>\n<li style=\"font-weight: 400;\" aria-level=\"1\"><span style=\"font-weight: 400;\">Animation &#8211; concours avant la partie<\/span><\/li>\n<li style=\"font-weight: 400;\" aria-level=\"1\"><span style=\"font-weight: 400;\">Concours sur le terrain<\/span><\/li>\n<li style=\"font-weight: 400;\" aria-level=\"1\"><span style=\"font-weight: 400;\">Prix de participation remis au souper<\/span><\/li>\n<li style=\"font-weight: 400;\" aria-level=\"1\"><span style=\"font-weight: 400;\">Prix pour les gagnants<\/span><\/li>\n<li style=\"font-weight: 400;\" aria-level=\"1\"><span style=\"font-weight: 400;\">5$ \u00e0 la Fondation FlexiGolf par participation<\/span><\/li>\n<li style=\"font-weight: 400;\" aria-level=\"1\"><span style=\"font-weight: 400;\">Chansonnier<\/span><\/li>\n<li>Option : nuit\u00e9e pour 2 personnes \u00e0 la Cache du Lac Champlain<\/li>\n<li aria-level=\"1\"><\/li>\n<\/ul>\n<p><strong>Horaire :\u00a0<\/strong><\/p>\n<ul>\n<li><span style=\"font-weight: 400;\">10h45 Ouverture accueil<\/span><\/li>\n<li><span style=\"font-weight: 400;\">11h15 D\u00e9but activit\u00e9s avant d\u00e9part<\/span><\/li>\n<li><span style=\"font-weight: 400;\">13h00 D\u00e9part en shotgun<\/span><\/li>\n<li><i><span style=\"font-weight: 400;\">17h30 : prise de possession des chambres (option)<\/span><\/i><\/li>\n<li><span style=\"font-weight: 400;\">19h30 Souper et remise des prix<\/span><\/li>\n<li><span style=\"font-weight: 400;\">Soir\u00e9e en musique<\/span><\/li>\n<\/ul>\n<p>&nbsp;<\/p>\n<ul>\n<li style=\"list-style-type: none;\"><\/li>\n<\/ul>\n","protected":false},"featured_media":288896,"template":"","meta":{"_et_pb_use_builder":"","_et_pb_old_content":"","_et_gb_content_width":""},"product_brand":[],"product_cat":[3860,1199,1595],"product_tag":[],"class_list":{"0":"post-288843","1":"product","2":"type-product","3":"status-publish","4":"has-post-thumbnail","6":"product_cat-coupe-des-couples","7":"product_cat-estrie","8":"product_cat-evenements","10":"first","11":"instock","12":"taxable","13":"shipping-taxable","14":"purchasable","15":"product-type-variable"},"_links":{"self":[{"href":"https:\/\/flexigolf.ca\/en\/wp-json\/wp\/v2\/product\/288843","targetHints":{"allow":["GET"]}}],"collection":[{"href":"https:\/\/flexigolf.ca\/en\/wp-json\/wp\/v2\/product"}],"about":[{"href":"https:\/\/flexigolf.ca\/en\/wp-json\/wp\/v2\/types\/product"}],"wp:featuredmedia":[{"embeddable":true,"href":"https:\/\/flexigolf.ca\/en\/wp-json\/wp\/v2\/media\/288896"}],"wp:attachment":[{"href":"https:\/\/flexigolf.ca\/en\/wp-json\/wp\/v2\/media?parent=288843"}],"wp:term":[{"taxonomy":"product_brand","embeddable":true,"href":"https:\/\/flexigolf.ca\/en\/wp-json\/wp\/v2\/product_brand?post=288843"},{"taxonomy":"product_cat","embeddable":true,"href":"https:\/\/flexigolf.ca\/en\/wp-json\/wp\/v2\/product_cat?post=288843"},{"taxonomy":"product_tag","embeddable":true,"href":"https:\/\/flexigolf.ca\/en\/wp-json\/wp\/v2\/product_tag?post=288843"}],"curies":[{"name":"wp","href":"https:\/\/api.w.org\/{rel}","templated":true}]}}