{"id":290383,"date":"2026-02-19T13:44:26","date_gmt":"2026-02-19T18:44:26","guid":{"rendered":"https:\/\/flexigolf.ca\/?post_type=product&#038;p=290383"},"modified":"2026-04-16T20:28:20","modified_gmt":"2026-04-17T00:28:20","slug":"27-juin-coupe-des-femmes-au-club-de-golf-acton-vale","status":"publish","type":"product","link":"https:\/\/flexigolf.ca\/en\/product\/27-juin-coupe-des-femmes-au-club-de-golf-acton-vale\/","title":{"rendered":"27 juin &#8211; Coupe des femmes au Club de golf Acton Vale"},"content":{"rendered":"<p><span style=\"font-weight: 400;\">Un \u00e9v\u00e9nement consacr\u00e9 exclusivement aux golfeuses organis\u00e9 par FlexiGolf : la coupe des femmes.\u00a0<\/span><\/p>\n<p><span style=\"font-weight: 400;\">Vient te mettre au d\u00e9fi le temps d\u2019un v\u00e9gas \u00e0 4! C\u2019est une belle fa\u00e7on de c\u00e9l\u00e9brer le plaisir de jouer au golf entre golfeuses!<\/span><\/p>\n<p><span style=\"font-weight: 400;\">Objectif : se rassembler entre femmes autour de notre passion le golf pour le plaisir de jouer ensemble et de faire nos pires ou meilleurs coups! Fous rires et plaisir garanti \ud83d\ude42<\/span><\/p>\n<p><span style=\"font-weight: 400;\">Animation avant le d\u00e9part, concours putting, tournoi v\u00e9gas, animation sur le parcours et souper et remise de prix!<\/span><\/p>\n<p><span style=\"font-weight: 400;\">Une belle journ\u00e9e attend les golfeuses!<\/span><\/p>\n<p><span style=\"font-weight: 400;\">Inscription : inscris-toi avec tes ami(es) ou seul et on te cr\u00e9er ton \u00e9quipe!<\/span><\/p>\n","protected":false},"excerpt":{"rendered":"<p><span style=\"font-weight: 400;\">Un \u00e9v\u00e9nement consacr\u00e9 exclusivement aux golfeuses organis\u00e9 par FlexiGolf : La coupe des femmes.<\/span><\/p>\n<ul>\n<li><span style=\"font-weight: 400;\">O\u00f9 : Club de golf Acton Vale, Mont\u00e9r\u00e9gie<\/span><\/li>\n<li><span style=\"font-weight: 400;\">Quand : 27 juin 2026<\/span><\/li>\n<li><span style=\"font-weight: 400;\">Formule : V\u00e9gas \u00e0 4 (meilleure balle)<\/span><\/li>\n<\/ul>\n<p><span style=\"font-weight: 400;\">Vient de mettre au d\u00e9fi le temps d\u2019un v\u00e9gas \u00e0 4! C\u2019est une belle fa\u00e7on de c\u00e9l\u00e9brer le plaisir de jouer au golf en \u00e9quipe ensemble!<\/span><\/p>\n<p><span style=\"font-weight: 400;\">Objectif : se rassembler entre femmes autour de notre passion le golf pour le plaisir de jouer ensemble et de faire nos pires ou meilleurs coups! Fous rires et plaisir garanti \ud83d\ude42<\/span><\/p>\n<p><span style=\"font-weight: 400;\">Animation avant le d\u00e9part, concours putting, tournoi v\u00e9gas, animation sur le parcours et souper et remise de prix!<\/span><\/p>\n<p><span style=\"font-weight: 400;\">Une belle journ\u00e9e attend les golfeuses!<\/span><\/p>\n<p><span style=\"font-weight: 400;\">Inscription : inscris-toi avec tes ami(es) ou seul et on te cr\u00e9er ton \u00e9quipe!<\/span><\/p>\n<p><b>L\u2019\u00e9v\u00e9nement inclus :<\/b><\/p>\n<ul>\n<li style=\"font-weight: 400;\" aria-level=\"1\"><span style=\"font-weight: 400;\">Concours avant la partie avec animation<\/span><\/li>\n<li style=\"font-weight: 400;\" aria-level=\"1\"><span style=\"font-weight: 400;\">Golf &amp; Voiturette : Format Vegas \u00e0 4<\/span><\/li>\n<li style=\"font-weight: 400;\" aria-level=\"1\"><span style=\"font-weight: 400;\">Concours sur le terrain<\/span><\/li>\n<li style=\"font-weight: 400;\" aria-level=\"1\"><span style=\"font-weight: 400;\">Prix de pr\u00e9sence<\/span><\/li>\n<li style=\"font-weight: 400;\" aria-level=\"1\"><span style=\"font-weight: 400;\">Prix pour les gagnantes<\/span><\/li>\n<li style=\"font-weight: 400;\" aria-level=\"1\"><span style=\"font-weight: 400;\">Souper buffet<\/span><\/li>\n<li style=\"font-weight: 400;\" aria-level=\"1\"><span style=\"font-weight: 400;\">5$ \u00e0 la Fondation FlexiGolf par participation<\/span><\/li>\n<\/ul>\n<p><b>Horaire :\u00a0<\/b><\/p>\n<ul>\n<li style=\"font-weight: 400;\" aria-level=\"1\"><span style=\"font-weight: 400;\">11h00 D\u00e9but Accueil<\/span><\/li>\n<li style=\"font-weight: 400;\" aria-level=\"1\"><span style=\"font-weight: 400;\">11h30 Activit\u00e9s avant d\u00e9part<\/span><\/li>\n<li style=\"font-weight: 400;\" aria-level=\"1\"><span style=\"font-weight: 400;\">13h00 D\u00e9part en shotgun<\/span><\/li>\n<li style=\"font-weight: 400;\" aria-level=\"1\"><span style=\"font-weight: 400;\">18h30 Souper et remise des prix<\/span><\/li>\n<\/ul>\n","protected":false},"featured_media":290692,"template":"","meta":{"_et_pb_use_builder":"","_et_pb_old_content":"","_et_gb_content_width":""},"product_brand":[],"product_cat":[3868,3807,1595,1597],"product_tag":[],"class_list":{"0":"post-290383","1":"product","2":"type-product","3":"status-publish","4":"has-post-thumbnail","6":"product_cat-club-de-golf-acton-vale","7":"product_cat-evenement-femmes","8":"product_cat-evenements","9":"product_cat-monteregie","11":"first","12":"instock","13":"downloadable","14":"taxable","15":"shipping-taxable","16":"purchasable","17":"product-type-simple"},"_links":{"self":[{"href":"https:\/\/flexigolf.ca\/en\/wp-json\/wp\/v2\/product\/290383","targetHints":{"allow":["GET"]}}],"collection":[{"href":"https:\/\/flexigolf.ca\/en\/wp-json\/wp\/v2\/product"}],"about":[{"href":"https:\/\/flexigolf.ca\/en\/wp-json\/wp\/v2\/types\/product"}],"wp:featuredmedia":[{"embeddable":true,"href":"https:\/\/flexigolf.ca\/en\/wp-json\/wp\/v2\/media\/290692"}],"wp:attachment":[{"href":"https:\/\/flexigolf.ca\/en\/wp-json\/wp\/v2\/media?parent=290383"}],"wp:term":[{"taxonomy":"product_brand","embeddable":true,"href":"https:\/\/flexigolf.ca\/en\/wp-json\/wp\/v2\/product_brand?post=290383"},{"taxonomy":"product_cat","embeddable":true,"href":"https:\/\/flexigolf.ca\/en\/wp-json\/wp\/v2\/product_cat?post=290383"},{"taxonomy":"product_tag","embeddable":true,"href":"https:\/\/flexigolf.ca\/en\/wp-json\/wp\/v2\/product_tag?post=290383"}],"curies":[{"name":"wp","href":"https:\/\/api.w.org\/{rel}","templated":true}]}}