{"id":290407,"date":"2026-02-23T12:50:22","date_gmt":"2026-02-23T17:50:22","guid":{"rendered":"https:\/\/flexigolf.ca\/?post_type=product&#038;p=290407"},"modified":"2026-03-16T06:53:49","modified_gmt":"2026-03-16T10:53:49","slug":"13-septembre-coupe-des-femmes-au-club-de-golf-dorchester","status":"publish","type":"product","link":"https:\/\/flexigolf.ca\/en\/product\/13-septembre-coupe-des-femmes-au-club-de-golf-dorchester\/","title":{"rendered":"13 septembre &#8211; Coupe des femmes au Club de golf Dorchester"},"content":{"rendered":"<p><span style=\"font-weight: 400;\">Un \u00e9v\u00e9nement consacr\u00e9 exclusivement aux golfeuses organis\u00e9 par FlexiGolf : la coupe des femmes.\u00a0<\/span><\/p>\n<p><span style=\"font-weight: 400;\">Vient de mettre au d\u00e9fi le temps d\u2019un v\u00e9gas \u00e0 4! C\u2019est une belle fa\u00e7on de c\u00e9l\u00e9brer le plaisir de jouer au golf entre golfeuses!<\/span><\/p>\n<p><span style=\"font-weight: 400;\">Objectif : se rassembler entre femmes autour de notre passion le golf pour le plaisir de jouer ensemble et de faire nos pires ou meilleurs coups! Fous rires et plaisir garanti \ud83d\ude42<\/span><\/p>\n<p><span style=\"font-weight: 400;\">Animation avant le d\u00e9part, concours putting, tournoi v\u00e9gas, animation sur le parcours et souper et remise de prix!<\/span><\/p>\n<p><span style=\"font-weight: 400;\">Une belle journ\u00e9e attend les golfeuses!<\/span><\/p>\n<p><span style=\"font-weight: 400;\">Inscription : inscris-toi avec tes ami(es) ou seul et on te cr\u00e9er ton \u00e9quipe!<\/span><\/p>\n","protected":false},"excerpt":{"rendered":"<p><span style=\"font-weight: 400;\">Un \u00e9v\u00e9nement consacr\u00e9 exclusivement aux golfeuses organis\u00e9 par FlexiGolf : la coupe des femmes!<\/span><\/p>\n<ul>\n<li><span style=\"font-weight: 400;\">O\u00f9 : Club de golf Dorchester, Chaudi\u00e8re-Appalaches<\/span><\/li>\n<li><span style=\"font-weight: 400;\">Quand : 13 septembre 2026<\/span><\/li>\n<li><span style=\"font-weight: 400;\">Formule : V\u00e9gas \u00e0 4 (meilleure balle)<\/span><\/li>\n<\/ul>\n<p><span style=\"font-weight: 400;\">Vient de mettre au d\u00e9fi le temps d\u2019un v\u00e9gas \u00e0 4! C\u2019est une belle fa\u00e7on de c\u00e9l\u00e9brer le plaisir de jouer au golf en \u00e9quipe ensemble!<\/span><\/p>\n<p><span style=\"font-weight: 400;\">Objectif : se rassembler entre femmes autour de notre passion le golf pour le plaisir de jouer ensemble et de faire nos pires ou meilleurs coups! Fous rires et plaisir garanti \ud83d\ude42<\/span><\/p>\n<p><span style=\"font-weight: 400;\">Animation avant le d\u00e9part, concours, tournoi v\u00e9gas, animation sur le parcours et souper et remise de prix!<\/span><\/p>\n<p><span style=\"font-weight: 400;\">Une belle journ\u00e9e attend les golfeuses!<\/span><\/p>\n<p><span style=\"font-weight: 400;\">Inscription : inscris-toi avec tes amies ou seul et on te cr\u00e9er une \u00e9quipe!<\/span><\/p>\n<p><b>L\u2019\u00e9v\u00e9nement inclus :<\/b><\/p>\n<ul>\n<li style=\"font-weight: 400;\" aria-level=\"1\"><span style=\"font-weight: 400;\">Concours avant la partie avec animation<\/span><\/li>\n<li style=\"font-weight: 400;\" aria-level=\"1\"><span style=\"font-weight: 400;\">Golf &amp; Voiturette : Format Vegas \u00e0 4<\/span><\/li>\n<li style=\"font-weight: 400;\" aria-level=\"1\"><span style=\"font-weight: 400;\">Concours sur le terrain<\/span><\/li>\n<li style=\"font-weight: 400;\" aria-level=\"1\"><span style=\"font-weight: 400;\">Prix de pr\u00e9sence<\/span><\/li>\n<li style=\"font-weight: 400;\" aria-level=\"1\"><span style=\"font-weight: 400;\">Prix pour les gagnantes<\/span><\/li>\n<li style=\"font-weight: 400;\" aria-level=\"1\"><span style=\"font-weight: 400;\">Buffet froid apr\u00e8s la partie\u00a0<\/span><\/li>\n<li style=\"font-weight: 400;\" aria-level=\"1\"><span style=\"font-weight: 400;\">5$ \u00e0 la Fondation FlexiGolf par participation<\/span><\/li>\n<\/ul>\n<p><b>Horaire :\u00a0<\/b><\/p>\n<ul>\n<li style=\"font-weight: 400;\" aria-level=\"1\"><span style=\"font-weight: 400;\">11h00 D\u00e9but Accueil<\/span><\/li>\n<li style=\"font-weight: 400;\" aria-level=\"1\"><span style=\"font-weight: 400;\">11h30 Activit\u00e9s avant d\u00e9part<\/span><\/li>\n<li style=\"font-weight: 400;\" aria-level=\"1\"><span style=\"font-weight: 400;\">13h00 D\u00e9part en shotgun<\/span><\/li>\n<li style=\"font-weight: 400;\" aria-level=\"1\"><span style=\"font-weight: 400;\">18h30 Souper et remise des prix<\/span><\/li>\n<\/ul>\n","protected":false},"featured_media":290694,"template":"","meta":{"_et_pb_use_builder":"","_et_pb_old_content":"","_et_gb_content_width":""},"product_brand":[],"product_cat":[1173,3767,3807,1595],"product_tag":[],"class_list":{"0":"post-290407","1":"product","2":"type-product","3":"status-publish","4":"has-post-thumbnail","6":"product_cat-chaudiere-appalaches","7":"product_cat-club-de-golf-dorchester","8":"product_cat-evenement-femmes","9":"product_cat-evenements","11":"first","12":"instock","13":"taxable","14":"shipping-taxable","15":"purchasable","16":"product-type-variable"},"_links":{"self":[{"href":"https:\/\/flexigolf.ca\/en\/wp-json\/wp\/v2\/product\/290407","targetHints":{"allow":["GET"]}}],"collection":[{"href":"https:\/\/flexigolf.ca\/en\/wp-json\/wp\/v2\/product"}],"about":[{"href":"https:\/\/flexigolf.ca\/en\/wp-json\/wp\/v2\/types\/product"}],"wp:featuredmedia":[{"embeddable":true,"href":"https:\/\/flexigolf.ca\/en\/wp-json\/wp\/v2\/media\/290694"}],"wp:attachment":[{"href":"https:\/\/flexigolf.ca\/en\/wp-json\/wp\/v2\/media?parent=290407"}],"wp:term":[{"taxonomy":"product_brand","embeddable":true,"href":"https:\/\/flexigolf.ca\/en\/wp-json\/wp\/v2\/product_brand?post=290407"},{"taxonomy":"product_cat","embeddable":true,"href":"https:\/\/flexigolf.ca\/en\/wp-json\/wp\/v2\/product_cat?post=290407"},{"taxonomy":"product_tag","embeddable":true,"href":"https:\/\/flexigolf.ca\/en\/wp-json\/wp\/v2\/product_tag?post=290407"}],"curies":[{"name":"wp","href":"https:\/\/api.w.org\/{rel}","templated":true}]}}