{"id":290412,"date":"2026-02-27T11:28:04","date_gmt":"2026-02-27T16:28:04","guid":{"rendered":"https:\/\/flexigolf.ca\/?post_type=product&#038;p=290412"},"modified":"2026-04-17T13:42:29","modified_gmt":"2026-04-17T17:42:29","slug":"2-aout-coupe-des-sexes-au-club-de-golf-laurier","status":"publish","type":"product","link":"https:\/\/flexigolf.ca\/en\/product\/2-aout-coupe-des-sexes-au-club-de-golf-laurier\/","title":{"rendered":"2 ao\u00fbt &#8211; Coupe des sexes au club de golf Laurier"},"content":{"rendered":"<p><span style=\"font-weight: 400;\">Un \u00e9v\u00e9nement de golf qui met au d\u00e9fi les gars contre les filles, comme \u00e0 la Fureur! Qui mettra la main sur le troph\u00e9e pour la 4e \u00e9dition? En 2025, les filles ont remport\u00e9s leur premi\u00e8re victoire!<\/span><\/p>\n<p><span style=\"font-weight: 400;\">Inscris-toi seul, entres ami(e)s ou en couple(s)!\u00a0<\/span><\/p>\n<ul>\n<li style=\"font-weight: 400;\" aria-level=\"1\"><span style=\"font-weight: 400;\">Cible : tous les golfeurs et golfeuses\u00a0<\/span><\/li>\n<li style=\"font-weight: 400;\" aria-level=\"1\"><span style=\"font-weight: 400;\">O\u00f9 : Club de golf Laurier (centre-du-qu\u00e9bec)<\/span><\/li>\n<li style=\"font-weight: 400;\" aria-level=\"1\"><span style=\"font-weight: 400;\">Date : 2 ao\u00fbt<\/span><\/li>\n<li style=\"font-weight: 400;\" aria-level=\"1\"><span style=\"font-weight: 400;\">Formule de jeu : v\u00e9gas \u00e0 4 &#8211; avec formule de points (\u00e9quipe gars vs \u00e9quipe fille)\u00a0<\/span><\/li>\n<\/ul>\n<p><span style=\"font-weight: 400;\">D\u00e9part : <\/span><b>\u00a0crois\u00e9 \u00e0 12 :00<\/b><\/p>\n<p><span style=\"font-weight: 400;\">Seulement 80 places disponibles &#8211; 40 gars vs 40 filles dans une formule de novatrice qui sollicite toutes les facettes du jeu.<\/span><\/p>\n<p><span style=\"font-weight: 400;\">Avant la partie, des concours ont lieu pour faire gagner des points \u00e0 votre \u00e9quipe respective. Durant la partie, vous jouez une formule de jeu en v\u00e9gas avec un syst\u00e8me de pointage.\u00a0<\/span><\/p>\n<p><span style=\"font-weight: 400;\">On d\u00e9voile le pointage dans une formule ludique pour cr\u00e9er un suspens! Ambiance garantie!<\/span><\/p>\n<p><span style=\"font-weight: 400;\">Viens te mettre au d\u00e9fi avec ta partenaire, ta gang d\u2019amis, les gars et les filles s\u2019affrontent sur le terrain!\u00a0 Chaque \u00e9quipe accumule des points tout au long de la journ\u00e9e avec les d\u00e9fis avant la partie et durant la partie.\u00a0<\/span><\/p>\n<p><span style=\"font-weight: 400;\">Inscris-toi seul, entres ami(e)s ou en couple(s)!\u00a0<\/span><\/p>\n","protected":false},"excerpt":{"rendered":"<p><span style=\"font-weight: 400;\">Un \u00e9v\u00e9nement de golf qui met au d\u00e9fi les gars contre les filles, comme \u00e0 la Fureur! Qui mettra la main sur le troph\u00e9e pour la 4e \u00e9dition? En 2025, les filles ont remport\u00e9s leur premi\u00e8re victoire!<\/span><\/p>\n<p><span style=\"font-weight: 400;\">Inscris-toi seul, entres ami(e)s ou en couple(s)!\u00a0<\/span><\/p>\n<ul>\n<li style=\"font-weight: 400;\" aria-level=\"1\"><span style=\"font-weight: 400;\">Cible : tous les golfeurs et golfeuses\u00a0<\/span><\/li>\n<li style=\"font-weight: 400;\" aria-level=\"1\"><span style=\"font-weight: 400;\">O\u00f9 : Club de golf Laurier (centre-du-qu\u00e9bec)<\/span><\/li>\n<li style=\"font-weight: 400;\" aria-level=\"1\"><span style=\"font-weight: 400;\">Date : 2 ao\u00fbt<\/span><\/li>\n<li style=\"font-weight: 400;\" aria-level=\"1\"><span style=\"font-weight: 400;\">Formule de jeu : v\u00e9gas \u00e0 4 &#8211; avec formule de points (\u00e9quipe gars vs \u00e9quipe fille)\u00a0<\/span><\/li>\n<\/ul>\n<p><span style=\"font-weight: 400;\">D\u00e9part : <\/span><b>\u00a0crois\u00e9 \u00e0 12 :00<\/b><\/p>\n<p><span style=\"font-weight: 400;\">Seulement 80 places disponibles &#8211; 40 gars vs 40 filles dans une formule de novatrice qui sollicite toutes les facettes du jeu.<\/span><\/p>\n<p><span style=\"font-weight: 400;\">Avant la partie, des concours ont lieu pour faire gagner des points \u00e0 votre \u00e9quipe respective. Durant la partie, vous jouez une formule de jeu en v\u00e9gas avec un syst\u00e8me de pointage.\u00a0<\/span><\/p>\n<p><span style=\"font-weight: 400;\">On d\u00e9voile le pointage dans une formule ludique pour cr\u00e9er un suspens! Ambiance garantie!<\/span><\/p>\n<p><span style=\"font-weight: 400;\">Viens te mettre au d\u00e9fi avec ta partenaire, ta gang d\u2019amis, les gars et les filles s\u2019affrontent sur le terrain!\u00a0 Chaque \u00e9quipe accumule des points tout au long de la journ\u00e9e avec les d\u00e9fis avant la partie et durant la partie. <\/span><\/p>\n<p><b>Votre participation inclus :\u00a0<\/b><\/p>\n<ul>\n<li style=\"font-weight: 400;\" aria-level=\"1\"><span style=\"font-weight: 400;\">Activit\u00e9s et animation avant la parties (3 stations pour accumulez des points pour votre \u00e9quipe)<\/span><\/li>\n<li style=\"font-weight: 400;\" aria-level=\"1\"><span style=\"font-weight: 400;\">18 trous avec voiturette<\/span><\/li>\n<li style=\"font-weight: 400;\" aria-level=\"1\"><span style=\"font-weight: 400;\">Prix de participation<\/span><\/li>\n<li aria-level=\"1\">Prix pour les membres de l&#8217;\u00e9quipe gagnante<\/li>\n<li style=\"font-weight: 400;\" aria-level=\"1\"><span style=\"font-weight: 400;\">Buffet froid <\/span><\/li>\n<li aria-level=\"1\">Balles pour la chaloupe (extra point!)<\/li>\n<li style=\"font-weight: 400;\" aria-level=\"1\"><span style=\"font-weight: 400;\">Plaisir garanti!<\/span><\/li>\n<li style=\"font-weight: 400;\" aria-level=\"1\"><span style=\"font-weight: 400;\">5$ \u00e0 la Fondation FlexiGolf par participation<\/span><\/li>\n<\/ul>\n<p><b>Horaire :\u00a0<\/b><\/p>\n<ul>\n<li style=\"font-weight: 400;\" aria-level=\"1\"><span style=\"font-weight: 400;\">10:00 Accueil\u00a0<\/span><\/li>\n<li style=\"font-weight: 400;\" aria-level=\"1\"><span style=\"font-weight: 400;\">10:15 Ouverture des 3 stations de d\u00e9fis \u00e0 faire<\/span><\/li>\n<li style=\"font-weight: 400;\" aria-level=\"1\"><span style=\"font-weight: 400;\">12:00 D\u00e9but des d\u00e9parts en crois\u00e9<\/span><\/li>\n<li style=\"font-weight: 400;\" aria-level=\"1\"><span style=\"font-weight: 400;\">17:30 Remise de prix<\/span><\/li>\n<\/ul>\n","protected":false},"featured_media":290702,"template":"","meta":{"_et_pb_use_builder":"","_et_pb_old_content":"","_et_gb_content_width":""},"product_brand":[],"product_cat":[1175,1208,3899,1595,1606],"product_tag":[],"class_list":{"0":"post-290412","1":"product","2":"type-product","3":"status-publish","4":"has-post-thumbnail","6":"product_cat-18-trous","7":"product_cat-centre-du-quebec","8":"product_cat-club-de-golf-laurier","9":"product_cat-evenements","10":"product_cat-tournois-de-golf","12":"first","13":"instock","14":"taxable","15":"shipping-taxable","16":"purchasable","17":"product-type-variable"},"_links":{"self":[{"href":"https:\/\/flexigolf.ca\/en\/wp-json\/wp\/v2\/product\/290412","targetHints":{"allow":["GET"]}}],"collection":[{"href":"https:\/\/flexigolf.ca\/en\/wp-json\/wp\/v2\/product"}],"about":[{"href":"https:\/\/flexigolf.ca\/en\/wp-json\/wp\/v2\/types\/product"}],"wp:featuredmedia":[{"embeddable":true,"href":"https:\/\/flexigolf.ca\/en\/wp-json\/wp\/v2\/media\/290702"}],"wp:attachment":[{"href":"https:\/\/flexigolf.ca\/en\/wp-json\/wp\/v2\/media?parent=290412"}],"wp:term":[{"taxonomy":"product_brand","embeddable":true,"href":"https:\/\/flexigolf.ca\/en\/wp-json\/wp\/v2\/product_brand?post=290412"},{"taxonomy":"product_cat","embeddable":true,"href":"https:\/\/flexigolf.ca\/en\/wp-json\/wp\/v2\/product_cat?post=290412"},{"taxonomy":"product_tag","embeddable":true,"href":"https:\/\/flexigolf.ca\/en\/wp-json\/wp\/v2\/product_tag?post=290412"}],"curies":[{"name":"wp","href":"https:\/\/api.w.org\/{rel}","templated":true}]}}