{"id":290418,"date":"2026-03-03T12:25:16","date_gmt":"2026-03-03T17:25:16","guid":{"rendered":"https:\/\/flexigolf.ca\/?post_type=product&#038;p=290418"},"modified":"2026-04-20T18:53:59","modified_gmt":"2026-04-20T22:53:59","slug":"9-aout-tournoi-de-golf-funky-au-club-de-golf-thetford-mines","status":"publish","type":"product","link":"https:\/\/flexigolf.ca\/en\/product\/9-aout-tournoi-de-golf-funky-au-club-de-golf-thetford-mines\/","title":{"rendered":"9 ao\u00fbt &#8211; Tournoi de golf funky au club de golf Thetford mines"},"content":{"rendered":"<p><span style=\"font-weight: 400;\">Tournoi de golf Funky !<\/span><\/p>\n<p><span style=\"font-weight: 400;\">Tu as toujours r\u00eav\u00e9 d\u2019un tournoi de golf ax\u00e9 sur le plaisir de jouer? On te propose un concept fly\u00e9 pour une 3e \u00e9dition!\u00a0<\/span><\/p>\n<p><span style=\"font-weight: 400;\">Chaque trou aura une formule de golf diff\u00e9rente pour mettre au d\u00e9fi les membres de ton \u00e9quipe! Ce sera l\u2019occasion de cr\u00e9er une strat\u00e9gie adapt\u00e9e sur chaque trou!<\/span><\/p>\n<p><span style=\"font-weight: 400;\">Vient te mettre au d\u00e9fi pour le plaisir de jouer au golf d\u2019une autre fa\u00e7on!\u00a0<\/span><\/p>\n<p><span style=\"font-weight: 400;\">Formule :V\u00e9gas \u00e0 4 .. mais avec des d\u00e9fis sur chaque trous.<\/span><\/p>\n<p><span style=\"font-weight: 400;\">tu dois \u00eatre pr\u00e9sent pour le voir \ud83d\ude09\u00a0<\/span><\/p>\n<p><span style=\"font-weight: 400;\">Inscris-toi seul ou en \u00e9quipe!<\/span><\/p>\n","protected":false},"excerpt":{"rendered":"<p><span style=\"font-weight: 400;\">Tournoi de golf Funky ! <\/span><span style=\"font-weight: 400;\">Tu as toujours r\u00eav\u00e9 d\u2019un tournoi de golf ax\u00e9 sur le plaisir de jouer? On te propose un concept fly\u00e9 pour une 3e \u00e9dition!\u00a0<\/span><\/p>\n<p><span style=\"font-weight: 400;\">Chaque trou aura une formule de golf diff\u00e9rente pour mettre au d\u00e9fi les membres de ton \u00e9quipe! Ce sera l\u2019occasion de cr\u00e9er une strat\u00e9gie adapt\u00e9e sur chaque trou!<\/span><\/p>\n<p><span style=\"font-weight: 400;\">Vient te mettre au d\u00e9fi pour le plaisir de jouer au golf d\u2019une autre fa\u00e7on!\u00a0<\/span><\/p>\n<p><span style=\"font-weight: 400;\">Formule :V\u00e9gas \u00e0 4 .. mais avec des d\u00e9fis sur chaque trous.<\/span><\/p>\n<p><span style=\"font-weight: 400;\">tu dois \u00eatre pr\u00e9sent pour le voir \ud83d\ude09\u00a0<\/span><\/p>\n<p><span style=\"font-weight: 400;\">Inscris-toi seul ou en \u00e9quipe!<\/span><\/p>\n<ul>\n<li style=\"font-weight: 400;\" aria-level=\"1\"><span style=\"font-weight: 400;\">Cible : tous les golfeurs et golfeuses\u00a0<\/span><\/li>\n<li style=\"font-weight: 400;\" aria-level=\"1\"><span style=\"font-weight: 400;\">Objectif : c\u00e9l\u00e9brer le plaisir de jouer au golf<\/span><\/li>\n<li style=\"font-weight: 400;\" aria-level=\"1\"><span style=\"font-weight: 400;\">O\u00f9 : Club de golf Thetford Mines, Chaudi\u00e8re-Appalaches<\/span><\/li>\n<li style=\"font-weight: 400;\" aria-level=\"1\"><span style=\"font-weight: 400;\">Date : 9 ao\u00fbt\u00a0<\/span><\/li>\n<li style=\"font-weight: 400;\" aria-level=\"1\"><span style=\"font-weight: 400;\">Formule de jeu : v\u00e9gas \u00e0 4 avec des formules de jeu diff\u00e9rentes sur chaque trou<\/span><\/li>\n<li style=\"font-weight: 400;\" aria-level=\"1\"><span style=\"font-weight: 400;\">D\u00e9part : Simultan\u00e9 \u00e0 13h00<\/span><\/li>\n<\/ul>\n<p><span style=\"font-weight: 400;\">Horaire :\u00a0<\/span><\/p>\n<ul>\n<li style=\"font-weight: 400;\" aria-level=\"1\"><span style=\"font-weight: 400;\">Accueil 11h00<\/span><\/li>\n<li style=\"font-weight: 400;\" aria-level=\"1\"><span style=\"font-weight: 400;\">Activit\u00e9s avant le d\u00e9part 11h30<\/span><\/li>\n<li style=\"font-weight: 400;\" aria-level=\"1\"><span style=\"font-weight: 400;\">Explication des trous 12h30<\/span><\/li>\n<li style=\"font-weight: 400;\" aria-level=\"1\"><span style=\"font-weight: 400;\">D\u00e9but du tournoi 13h00<\/span><\/li>\n<li style=\"font-weight: 400;\" aria-level=\"1\"><span style=\"font-weight: 400;\">Buffet froid et remise de prix 18h00<\/span><\/li>\n<\/ul>\n<p><span style=\"font-weight: 400;\">Votre billet inclut \u00a0:\u00a0<\/span><\/p>\n<ul>\n<li style=\"font-weight: 400;\" aria-level=\"1\"><span style=\"font-weight: 400;\">Activit\u00e9s et animation sur le parcours<\/span><\/li>\n<li style=\"font-weight: 400;\" aria-level=\"1\"><span style=\"font-weight: 400;\">18 trous avec voiturette<\/span><\/li>\n<li style=\"font-weight: 400;\" aria-level=\"1\"><span style=\"font-weight: 400;\">Prix de participation<\/span><\/li>\n<li style=\"font-weight: 400;\" aria-level=\"1\"><span style=\"font-weight: 400;\">Buffet froid apr\u00e8s la partie<\/span><\/li>\n<li style=\"font-weight: 400;\" aria-level=\"1\"><span style=\"font-weight: 400;\">Plaisir garanti!<\/span><\/li>\n<li style=\"font-weight: 400;\" aria-level=\"1\"><span style=\"font-weight: 400;\">5$ \u00e0 la Fondation FlexiGolf par participation<\/span><\/li>\n<\/ul>\n","protected":false},"featured_media":290728,"template":"","meta":{"_et_pb_use_builder":"","_et_pb_old_content":"","_et_gb_content_width":""},"product_brand":[],"product_cat":[1173,3821,1595,1606],"product_tag":[],"class_list":{"0":"post-290418","1":"product","2":"type-product","3":"status-publish","4":"has-post-thumbnail","6":"product_cat-chaudiere-appalaches","7":"product_cat-club-de-golf-curling-thetford","8":"product_cat-evenements","9":"product_cat-tournois-de-golf","11":"first","12":"instock","13":"taxable","14":"shipping-taxable","15":"purchasable","16":"product-type-variable"},"_links":{"self":[{"href":"https:\/\/flexigolf.ca\/en\/wp-json\/wp\/v2\/product\/290418","targetHints":{"allow":["GET"]}}],"collection":[{"href":"https:\/\/flexigolf.ca\/en\/wp-json\/wp\/v2\/product"}],"about":[{"href":"https:\/\/flexigolf.ca\/en\/wp-json\/wp\/v2\/types\/product"}],"wp:featuredmedia":[{"embeddable":true,"href":"https:\/\/flexigolf.ca\/en\/wp-json\/wp\/v2\/media\/290728"}],"wp:attachment":[{"href":"https:\/\/flexigolf.ca\/en\/wp-json\/wp\/v2\/media?parent=290418"}],"wp:term":[{"taxonomy":"product_brand","embeddable":true,"href":"https:\/\/flexigolf.ca\/en\/wp-json\/wp\/v2\/product_brand?post=290418"},{"taxonomy":"product_cat","embeddable":true,"href":"https:\/\/flexigolf.ca\/en\/wp-json\/wp\/v2\/product_cat?post=290418"},{"taxonomy":"product_tag","embeddable":true,"href":"https:\/\/flexigolf.ca\/en\/wp-json\/wp\/v2\/product_tag?post=290418"}],"curies":[{"name":"wp","href":"https:\/\/api.w.org\/{rel}","templated":true}]}}