{"id":290467,"date":"2026-03-06T12:08:06","date_gmt":"2026-03-06T17:08:06","guid":{"rendered":"https:\/\/flexigolf.ca\/?post_type=product&#038;p=290467"},"modified":"2026-04-11T19:54:59","modified_gmt":"2026-04-11T23:54:59","slug":"bic-sur-mer-2-joueurs-avec-voiturette-14-septembre-a-la-fermeture-saison-2026","status":"publish","type":"product","link":"https:\/\/flexigolf.ca\/en\/product\/bic-sur-mer-2-joueurs-avec-voiturette-14-septembre-a-la-fermeture-saison-2026\/","title":{"rendered":"Bic sur Mer &#8211; 2 joueurs avec voiturette (14 septembre \u00e0 la fermeture saison 2026)"},"content":{"rendered":"<h1>Bic Sur Mer, Bas-St-Laurent<\/h1>\n<h2>18 trous, normale 71<\/h2>\n<p>Situ\u00e9 au bord du fleuve St-Laurent depuis 1932, Bic sur Mer, anciennement Club de Golf du Bic, est un terrain de golf qui sait vous en faire voir. Les d\u00e9nivel\u00e9s de son parcours de 18 trous vous d\u00e9fient pendant que ses vues \u00e0 couper le souffle vous r\u00e9compensent.<\/p>\n<p>Consid\u00e9r\u00e9 comme l&#8217;un des plus beaux parcours du Qu\u00e9bec avec ces vues pittoresques.<\/p>\n<p>D\u00e9couvrez ce magnfiques club de golf et humer l&#8217;air marin en pratiquant votre sport pr\u00e9f\u00e9r\u00e9!<\/p>\n","protected":false},"excerpt":{"rendered":"<p>D\u00e9couvrez cette destination pris\u00e9e et unique au Qu\u00e9bec, le <span class=\"il\">Bic<\/span> sur Mer\u00a0pour vivre une exp\u00e9rience unique au pied des falaises et au bord du fleuve.<\/p>\n<p>L\u2019offre inclus :<\/p>\n<ul>\n<li>2 joueurs ronde de 18 trous<\/li>\n<li>avec voiturette<\/li>\n<\/ul>\n<p><strong>Utilisable en tout temps du 14 septembre \u00e0 la fermeture saison 2026.<\/strong><\/p>\n<p>Vous pouvez r\u00e9server votre d\u00e9part l&#8217;avance.<\/p>\n<p><strong>L&#8217;offre est en ligne jusqu&#8217;au 30 avril uniquement!<\/strong><\/p>\n<p>&nbsp;<\/p>\n","protected":false},"featured_media":249878,"template":"","meta":{"_et_pb_use_builder":"","_et_pb_old_content":"","_et_gb_content_width":""},"product_brand":[],"product_cat":[1175,3515,1805,1531,3941,1189],"product_tag":[3826],"class_list":{"0":"post-290467","1":"product","2":"type-product","3":"status-publish","4":"has-post-thumbnail","6":"product_cat-18-trous","7":"product_cat-2-joueurs","8":"product_cat-avec-voiturette","9":"product_cat-bas-st-laurent","10":"product_cat-bic-sur-mer","11":"product_cat-promotion","12":"product_tag-debut-de-saison","14":"first","15":"instock","16":"sale","17":"downloadable","18":"taxable","19":"shipping-taxable","20":"purchasable","21":"product-type-simple"},"_links":{"self":[{"href":"https:\/\/flexigolf.ca\/en\/wp-json\/wp\/v2\/product\/290467","targetHints":{"allow":["GET"]}}],"collection":[{"href":"https:\/\/flexigolf.ca\/en\/wp-json\/wp\/v2\/product"}],"about":[{"href":"https:\/\/flexigolf.ca\/en\/wp-json\/wp\/v2\/types\/product"}],"wp:featuredmedia":[{"embeddable":true,"href":"https:\/\/flexigolf.ca\/en\/wp-json\/wp\/v2\/media\/249878"}],"wp:attachment":[{"href":"https:\/\/flexigolf.ca\/en\/wp-json\/wp\/v2\/media?parent=290467"}],"wp:term":[{"taxonomy":"product_brand","embeddable":true,"href":"https:\/\/flexigolf.ca\/en\/wp-json\/wp\/v2\/product_brand?post=290467"},{"taxonomy":"product_cat","embeddable":true,"href":"https:\/\/flexigolf.ca\/en\/wp-json\/wp\/v2\/product_cat?post=290467"},{"taxonomy":"product_tag","embeddable":true,"href":"https:\/\/flexigolf.ca\/en\/wp-json\/wp\/v2\/product_tag?post=290467"}],"curies":[{"name":"wp","href":"https:\/\/api.w.org\/{rel}","templated":true}]}}