{"id":290716,"date":"2026-03-09T15:23:51","date_gmt":"2026-03-09T19:23:51","guid":{"rendered":"https:\/\/flexigolf.ca\/?post_type=product&#038;p=290716"},"modified":"2026-04-17T13:43:35","modified_gmt":"2026-04-17T17:43:35","slug":"30-aout-vegas-a-2-de-flexigolf-au-club-de-golf-le-marthelinois","status":"publish","type":"product","link":"https:\/\/flexigolf.ca\/en\/product\/30-aout-vegas-a-2-de-flexigolf-au-club-de-golf-le-marthelinois\/","title":{"rendered":"30 ao\u00fbt &#8211; V\u00e9gas \u00e0 2 de FlexiGolf au Club de golf Le Marthelinois"},"content":{"rendered":"<p>Vient c\u00e9l\u00e9brer le golf entre amis pour le plaisir de jouer au golf! Tente ta chance au premier V\u00e9gas \u00e0 2 de FlexiGolf!<\/p>\n<ul>\n<li style=\"font-weight: 400;\" aria-level=\"1\"><span style=\"font-weight: 400;\">O\u00f9 : Golf Club de golf Le Marthelinois<\/span><\/li>\n<li style=\"font-weight: 400;\" aria-level=\"1\"><b>La Formule<\/b> <b>de jeu<\/b><span style=\"font-weight: 400;\"> : v\u00e9gas \u00e0 2 (meilleure balle)<\/span><\/li>\n<li aria-level=\"1\">Quand : 30 ao\u00fbt<\/li>\n<\/ul>\n<p><span style=\"font-weight: 400;\">L\u2019\u00e9v\u00e9nement tant recherch\u00e9 par les golfeurs et golfeuses pour se mettre au d\u00e9fi en formule v\u00e9gas \u00e0 4 dans une ambiance amicale! Tu aimes te mettre au d\u00e9fi avec tes amis golfeurs dans une ambiance de plaisir? Nos v\u00e9gas des golfeurs nomades sont parfaits pour toi! L\u2019\u00e9v\u00e9nement est ouvert \u00e0 tous les golfeurs et golfeuses. Vous partez des jalons de vos handicaps respectifs.\u00a0<\/span><\/p>\n<p><span style=\"font-weight: 400;\">L\u2019objectif de cet \u00e9v\u00e9nement est de vous offrir une exp\u00e9rience de comp\u00e9tition amicale en \u00e9quipe. Inscris-toi et viens passer une belle journ\u00e9e entre ami(e)s sur un golf!<\/span><\/p>\n<p><span style=\"font-weight: 400;\">Activit\u00e9s avant le d\u00e9part et concours sur le terrain.\u00a0<\/span><\/p>\n<p><span style=\"font-weight: 400;\">Viens rencontrer des golfeurs et golfeuses tout en mettant ton \u00e9quipe en comp\u00e9tition amicale contre les autres!<\/span><\/p>\n<p><i><span>Inscription possible en solo on formera les duos.\u00a0<\/span><\/i><\/p>\n<p><b>Le jalons de d\u00e9parts :\u00a0<\/b><\/p>\n<ul>\n<li style=\"font-weight: 400;\" aria-level=\"1\"><span style=\"font-weight: 400;\">Les hommes handicap 8 et &#8211; : Or (6207 verges)<\/span><\/li>\n<li style=\"font-weight: 400;\" aria-level=\"1\"><span style=\"font-weight: 400;\">Handicap 9 et + : Bleu (5846 verges)<\/span><\/li>\n<li style=\"font-weight: 400;\" aria-level=\"1\"><span style=\"font-weight: 400;\">Les femmes : Blanc-rouge (5029 verges)<\/span><\/li>\n<\/ul>\n<p><strong><i>Inscription possible en solo (on forme les \u00e9quipes), en duo et en quatuor. <\/i><\/strong><\/p>\n","protected":false},"excerpt":{"rendered":"<p>Vient c\u00e9l\u00e9brer le golf entre amis pour le plaisir de jouer au golf! Tente ta chance au 1er Vegas \u00a0\u00e0 2 de FlexiGolf !<\/p>\n<ul>\n<li style=\"font-weight: 400;\" aria-level=\"1\"><span style=\"font-weight: 400;\">O\u00f9 : Golf Club de golf Le Marthelinois<\/span><\/li>\n<li style=\"font-weight: 400;\" aria-level=\"1\"><b>La Formule<\/b> <b>de jeu<\/b><span style=\"font-weight: 400;\"> : v\u00e9gas \u00e0 2 (meilleure balle)<\/span><\/li>\n<li aria-level=\"1\">Quand : 30 ao\u00fbt<\/li>\n<\/ul>\n<p><span style=\"font-weight: 400;\">L\u2019\u00e9v\u00e9nement tant recherch\u00e9 par les golfeurs et golfeuses pour se mettre au d\u00e9fi en formule v\u00e9gas \u00e0 4 dans une ambiance amicale! Tu aimes te mettre au d\u00e9fi avec tes amis golfeurs dans une ambiance de plaisir? Nos v\u00e9gas des golfeurs nomades sont parfaits pour toi! L\u2019\u00e9v\u00e9nement est ouvert \u00e0 tous les golfeurs et golfeuses. Vous partez des jalons de vos handicaps respectifs.\u00a0<\/span><\/p>\n<p><span style=\"font-weight: 400;\">L\u2019objectif de cet \u00e9v\u00e9nement est de vous offrir une exp\u00e9rience de comp\u00e9tition amicale en \u00e9quipe. Inscris-toi et viens passer une belle journ\u00e9e entre ami(e)s sur un golf!<\/span><\/p>\n<p><span style=\"font-weight: 400;\">Activit\u00e9s avant le d\u00e9part et concours sur le terrain. <\/span><\/p>\n<h2><span style=\"font-weight: 400;\">Votre billet inclus :\u00a0<\/span><\/h2>\n<ul>\n<li style=\"font-weight: 400;\" aria-level=\"1\"><span style=\"font-weight: 400;\">Concours avant la partie avec animation<\/span><\/li>\n<li style=\"font-weight: 400;\" aria-level=\"1\"><span style=\"font-weight: 400;\">Golf &amp; Voiturette : Format Vegas \u00e0 4<\/span><\/li>\n<li style=\"font-weight: 400;\" aria-level=\"1\"><span style=\"font-weight: 400;\">Concours sur le terrain<\/span><\/li>\n<li style=\"font-weight: 400;\" aria-level=\"1\"><span style=\"font-weight: 400;\">Prix de pr\u00e9sence<\/span><\/li>\n<li style=\"font-weight: 400;\" aria-level=\"1\"><span style=\"font-weight: 400;\">Prix pour les gagnants<\/span><\/li>\n<li style=\"font-weight: 400;\" aria-level=\"1\"><span style=\"font-weight: 400;\">Buffet froid apr\u00e8s la partie<\/span><\/li>\n<li style=\"font-weight: 400;\" aria-level=\"1\"><span style=\"font-weight: 400;\">5$ \u00e0 la Fondation FlexiGolf\u00a0<\/span><\/li>\n<\/ul>\n<p><b>Horaire :\u00a0<\/b><\/p>\n<ul>\n<li style=\"font-weight: 400;\" aria-level=\"1\"><span style=\"font-weight: 400;\">11h00 D\u00e9but Accueil<\/span><\/li>\n<li style=\"font-weight: 400;\" aria-level=\"1\"><span style=\"font-weight: 400;\">11h30 Activit\u00e9s avant d\u00e9part<\/span><\/li>\n<li style=\"font-weight: 400;\" aria-level=\"1\"><span style=\"font-weight: 400;\">13h00 D\u00e9part en shotgun<\/span><\/li>\n<li style=\"font-weight: 400;\" aria-level=\"1\"><span style=\"font-weight: 400;\">18h30 Souper et remise des prix<\/span><\/li>\n<\/ul>\n<p><i><span style=\"font-weight: 400;\"><strong>Inscription possible en solo (on forme les \u00e9quipes), en duo et en quatuor.<\/strong> <\/span><\/i><\/p>\n","protected":false},"featured_media":290717,"template":"","meta":{"_et_pb_use_builder":"","_et_pb_old_content":"","_et_gb_content_width":""},"product_brand":[],"product_cat":[3957,3861,1595,1465],"product_tag":[],"class_list":{"0":"post-290716","1":"product","2":"type-product","3":"status-publish","4":"has-post-thumbnail","6":"product_cat-club-de-golf-le-marthelinois","7":"product_cat-coupe-des-golfeurs-nomades","8":"product_cat-evenements","9":"product_cat-mauricie","11":"first","12":"instock","13":"downloadable","14":"taxable","15":"shipping-taxable","16":"purchasable","17":"product-type-simple"},"_links":{"self":[{"href":"https:\/\/flexigolf.ca\/en\/wp-json\/wp\/v2\/product\/290716","targetHints":{"allow":["GET"]}}],"collection":[{"href":"https:\/\/flexigolf.ca\/en\/wp-json\/wp\/v2\/product"}],"about":[{"href":"https:\/\/flexigolf.ca\/en\/wp-json\/wp\/v2\/types\/product"}],"wp:featuredmedia":[{"embeddable":true,"href":"https:\/\/flexigolf.ca\/en\/wp-json\/wp\/v2\/media\/290717"}],"wp:attachment":[{"href":"https:\/\/flexigolf.ca\/en\/wp-json\/wp\/v2\/media?parent=290716"}],"wp:term":[{"taxonomy":"product_brand","embeddable":true,"href":"https:\/\/flexigolf.ca\/en\/wp-json\/wp\/v2\/product_brand?post=290716"},{"taxonomy":"product_cat","embeddable":true,"href":"https:\/\/flexigolf.ca\/en\/wp-json\/wp\/v2\/product_cat?post=290716"},{"taxonomy":"product_tag","embeddable":true,"href":"https:\/\/flexigolf.ca\/en\/wp-json\/wp\/v2\/product_tag?post=290716"}],"curies":[{"name":"wp","href":"https:\/\/api.w.org\/{rel}","templated":true}]}}