{"id":292225,"date":"2026-04-02T15:18:36","date_gmt":"2026-04-02T19:18:36","guid":{"rendered":"https:\/\/flexigolf.ca\/?post_type=product&#038;p=292225"},"modified":"2026-04-03T12:48:56","modified_gmt":"2026-04-03T16:48:56","slug":"defi-solstice-25-juin-2026-golf-les-boises-de-joly","status":"publish","type":"product","link":"https:\/\/flexigolf.ca\/en\/product\/defi-solstice-25-juin-2026-golf-les-boises-de-joly\/","title":{"rendered":"D\u00e9fi Solstice  &#8211; 25 juin 2026 &#8211; Golf Les Bois\u00e9s de Joly"},"content":{"rendered":"<p>Tu fais parties des privil\u00e9gi\u00e9s .. tu re\u00e7ois cette invitation exclusive pour le d\u00e9fi solstice 2026. Un nombre tr\u00e8s limit\u00e9es de place est disponibles.<\/p>\n<p>Seul les personnes qui ont fait l&#8217;\u00e9v\u00e9nement en 2025 ont le droit d&#8217;acheter des billets pour cet \u00e9dition 2026.<\/p>\n","protected":false},"excerpt":{"rendered":"<p>Voici les informations pour le solstice 2026.<\/p>\n<p style=\"font-weight: 400;\"><strong><u>Infos pour les joueurs<\/u><\/strong><\/p>\n<ul>\n<li style=\"font-weight: 400;\">Aucune formule sp\u00e9cifique , le but est de survivre \u00e0 72 trous et de le faire \u00e0 pieds !!<\/li>\n<\/ul>\n<p style=\"font-weight: 400;\"><strong><u>READY GOLF POUR AVOIR LE TEMPS DE TERMINER <\/u><\/strong><\/p>\n<ul>\n<li style=\"font-weight: 400;\">Heure d\u2019arriv\u00e9e au golf \u00e0 3h45 maximum pour donner les infos \u00e0 tous et pour avoir le temps de se rendre aux trous. Le d\u00e9part est \u00e0 4h15 pour tous<\/li>\n<li style=\"font-weight: 400;\">Voiturettes \u00e9lectriques <strong><u>disponibles \u00e0 partir de 11h00 seulement<\/u><\/strong> payable \u00e0 la boutique, Cart pour 2 pers(37,50$+ taxes) Cart pour personne seule (24,00$+ taxes) R\u00e9servations \u00e0 l\u2019avance 418-415-0615 poste 210<\/li>\n<li style=\"font-weight: 400;\">1 bo\u00eete \u00e0 lunch par joueur \u00e0 prendre quand ils veulent \u00e0 partir de 6h30 au restaurant.<\/li>\n<\/ul>\n<p style=\"font-weight: 400;\"><strong><u>Apr\u00e8s les 72 trous<\/u><\/strong><\/p>\n<ul>\n<li style=\"font-weight: 400;\">1 grande assiette bois\u00e9s de Joly par quatuor ( style ailes poulet , b\u00e2tonnets fromage , chips chaudes , crudit\u00e9s et + )<\/li>\n<li style=\"font-weight: 400;\">1 consommation par personne (Pourboire non inclus)<\/li>\n<li style=\"font-weight: 400;\">Prix de pr\u00e9sence<\/li>\n<\/ul>\n","protected":false},"featured_media":0,"template":"","meta":{"_et_pb_use_builder":"","_et_pb_old_content":"","_et_gb_content_width":""},"product_brand":[],"product_cat":[2202],"product_tag":[],"class_list":{"0":"post-292225","1":"product","2":"type-product","3":"status-publish","5":"product_cat-club-de-golf-joly","7":"first","8":"outofstock","9":"downloadable","10":"taxable","11":"shipping-taxable","12":"purchasable","13":"product-type-simple"},"_links":{"self":[{"href":"https:\/\/flexigolf.ca\/en\/wp-json\/wp\/v2\/product\/292225","targetHints":{"allow":["GET"]}}],"collection":[{"href":"https:\/\/flexigolf.ca\/en\/wp-json\/wp\/v2\/product"}],"about":[{"href":"https:\/\/flexigolf.ca\/en\/wp-json\/wp\/v2\/types\/product"}],"wp:attachment":[{"href":"https:\/\/flexigolf.ca\/en\/wp-json\/wp\/v2\/media?parent=292225"}],"wp:term":[{"taxonomy":"product_brand","embeddable":true,"href":"https:\/\/flexigolf.ca\/en\/wp-json\/wp\/v2\/product_brand?post=292225"},{"taxonomy":"product_cat","embeddable":true,"href":"https:\/\/flexigolf.ca\/en\/wp-json\/wp\/v2\/product_cat?post=292225"},{"taxonomy":"product_tag","embeddable":true,"href":"https:\/\/flexigolf.ca\/en\/wp-json\/wp\/v2\/product_tag?post=292225"}],"curies":[{"name":"wp","href":"https:\/\/api.w.org\/{rel}","templated":true}]}}