{"id":292833,"date":"2026-04-10T08:20:03","date_gmt":"2026-04-10T12:20:03","guid":{"rendered":"https:\/\/flexigolf.ca\/?post_type=product&#038;p=292833"},"modified":"2026-04-10T08:24:54","modified_gmt":"2026-04-10T12:24:54","slug":"golf-les-boises-de-joly-2-joueur-en-voiturette-tous-les-jours-apres-13h00valide-saison-2026","status":"publish","type":"product","link":"https:\/\/flexigolf.ca\/en\/product\/golf-les-boises-de-joly-2-joueur-en-voiturette-tous-les-jours-apres-13h00valide-saison-2026\/","title":{"rendered":"Golf Les Bois\u00e9s de Joly &#8211; 2 joueur en voiturette tous les jours apr\u00e8s 13h00(Valide saison 2026)"},"content":{"rendered":"<h1>&#x26f3; Golf Les bois\u00e9s de Joly, Chaudi\u00e8re-Appalaches<\/h1>\n<h1>18 trous, normale 72<\/h1>\n<p>Le club de golf Les Bois\u00e9e de Joly est un parcours de 18 trous situ\u00e9 \u00e0 Joly, et ce \u00e0 seulement 35 minutes de ponts de Qu\u00e9bec, vers Montr\u00e9al. Avec une longueur de 6662 verges, il sera un d\u00e9fi pour tout amateur de golf, peu importe son niveau. Les trappes de sables sont bien plac\u00e9es, elles prot\u00e8gent bien les acc\u00e8s au vert et que dire de la pr\u00e9sence du f\u00e9tuq? C&#8217;est magnifique au coup d&#8217;oeil, mais tragique pour votre score \ud83d\ude09 . Les verts sont impeccables et vous offre tout un d\u00e9fi golfique! Une belle partie de golf assur\u00e9e!<\/p>\n<p>Pour davantage d&#8217;information, visitez leur profil.\u00a0<a href='https:\/\/flexigolf.ca\/project\/club-de-golf-joly\/' class='small-button smallsilver'>D\u00e9couvrir le club<\/a><\/p>\n","protected":false},"excerpt":{"rendered":"<p>Cette offre inclus :<\/p>\n<ul>\n<li><span style=\"font-weight: 400;\">\u00a0<\/span>2 joueurs ronde de 18 trous en voiturette<\/li>\n<\/ul>\n<p>Utilisable tous les jours <u>apr\u00e8s 13h00 <\/u>(Valide saison 2026). \u00a0R\u00e9servation possible 5 jours \u00e0 l\u2019avance \u00e0 partir de midi. Non-valide pour tournoi. Non-Jumelable \u00e0 d\u2019autres promotions.<\/p>\n","protected":false},"featured_media":87099,"template":"","meta":{"_et_pb_use_builder":"","_et_pb_old_content":"","_et_gb_content_width":""},"product_brand":[],"product_cat":[2202,1175,3515,1805,1173],"product_tag":[],"class_list":{"0":"post-292833","1":"product","2":"type-product","3":"status-publish","4":"has-post-thumbnail","6":"product_cat-club-de-golf-joly","7":"product_cat-18-trous","8":"product_cat-2-joueurs","9":"product_cat-avec-voiturette","10":"product_cat-chaudiere-appalaches","12":"first","13":"instock","14":"downloadable","15":"taxable","16":"shipping-taxable","17":"purchasable","18":"product-type-simple"},"_links":{"self":[{"href":"https:\/\/flexigolf.ca\/en\/wp-json\/wp\/v2\/product\/292833","targetHints":{"allow":["GET"]}}],"collection":[{"href":"https:\/\/flexigolf.ca\/en\/wp-json\/wp\/v2\/product"}],"about":[{"href":"https:\/\/flexigolf.ca\/en\/wp-json\/wp\/v2\/types\/product"}],"wp:featuredmedia":[{"embeddable":true,"href":"https:\/\/flexigolf.ca\/en\/wp-json\/wp\/v2\/media\/87099"}],"wp:attachment":[{"href":"https:\/\/flexigolf.ca\/en\/wp-json\/wp\/v2\/media?parent=292833"}],"wp:term":[{"taxonomy":"product_brand","embeddable":true,"href":"https:\/\/flexigolf.ca\/en\/wp-json\/wp\/v2\/product_brand?post=292833"},{"taxonomy":"product_cat","embeddable":true,"href":"https:\/\/flexigolf.ca\/en\/wp-json\/wp\/v2\/product_cat?post=292833"},{"taxonomy":"product_tag","embeddable":true,"href":"https:\/\/flexigolf.ca\/en\/wp-json\/wp\/v2\/product_tag?post=292833"}],"curies":[{"name":"wp","href":"https:\/\/api.w.org\/{rel}","templated":true}]}}