{"id":293197,"date":"2026-04-16T13:41:16","date_gmt":"2026-04-16T17:41:16","guid":{"rendered":"https:\/\/flexigolf.ca\/?post_type=product&#038;p=293197"},"modified":"2026-04-16T14:11:48","modified_gmt":"2026-04-16T18:11:48","slug":"club-de-golf-le-portage-9-trous-voiturette-souper-vendredi-bbq-grill-valide-les-vendredis-de-la-saison-2026","status":"publish","type":"product","link":"https:\/\/flexigolf.ca\/en\/product\/club-de-golf-le-portage-9-trous-voiturette-souper-vendredi-bbq-grill-valide-les-vendredis-de-la-saison-2026\/","title":{"rendered":"Club de golf Le Portage &#8211; 9 trous &#8211; Voiturette &#8211; Souper Vendredi BBQ Grill &#8211; Valide les vendredis de la saison 2026"},"content":{"rendered":"<h1 data-start=\"70\" data-end=\"395\">Club de golf Le Portage<\/h1>\n<h3>Lanaudi\u00e8re, 18 trous<\/h3>\n<p data-start=\"70\" data-end=\"395\">Le <strong data-start=\"73\" data-end=\"149\"><a class=\"decorated-link\" href=\"https:\/\/leportage.com\/?utm_source=chatgpt.com\" target=\"_new\" rel=\"noopener\" data-start=\"75\" data-end=\"147\">Club de <\/a>golf<a class=\"decorated-link\" href=\"https:\/\/leportage.com\/?utm_source=chatgpt.com\" target=\"_new\" rel=\"noopener\" data-start=\"75\" data-end=\"147\"> Le Portage<\/a><\/strong>, situ\u00e9 \u00e0 L\u2019Assomption dans la r\u00e9gion de Lanaudi\u00e8re (\u00e0 environ 15 minutes de Montr\u00e9al), est un club \u00e9tabli depuis <strong data-start=\"263\" data-end=\"271\">1963<\/strong> qui propose une exp\u00e9rience compl\u00e8te autant pour les membres que pour les visiteurs.<\/p>\n<p data-start=\"397\" data-end=\"611\">Il offre un <strong data-start=\"409\" data-end=\"446\">parcours de 18 trous (normale 72)<\/strong> con\u00e7u par l\u2019architecte Howard Watson, avec plusieurs jalons de d\u00e9part permettant de s\u2019adapter \u00e0 tous les niveaux de joueurs.<\/p>\n<p data-start=\"613\" data-end=\"642\">Le terrain se distingue par :<\/p>\n<ul data-start=\"643\" data-end=\"839\">\n<li data-section-id=\"1jtcn4x\" data-start=\"643\" data-end=\"684\">des <strong data-start=\"649\" data-end=\"684\">all\u00e9es bord\u00e9es d\u2019arbres matures<\/strong><\/li>\n<li data-section-id=\"koevon\" data-start=\"685\" data-end=\"752\">un parcours <strong data-start=\"699\" data-end=\"752\">\u00e9quilibr\u00e9 avec deux neuf diff\u00e9rents en difficult\u00e9<\/strong><\/li>\n<li data-section-id=\"uvq2q4\" data-start=\"753\" data-end=\"839\">une <strong data-start=\"759\" data-end=\"799\">qualit\u00e9 de jeu reconnue et constante<\/strong><\/li>\n<\/ul>\n<p data-start=\"841\" data-end=\"893\">Le club propose aussi une exp\u00e9rience compl\u00e8te avec :<\/p>\n<ul data-start=\"894\" data-end=\"1077\">\n<li data-section-id=\"sod2ai\" data-start=\"894\" data-end=\"937\">un <strong data-start=\"899\" data-end=\"935\">restaurant-bar gourmet (Le Hook)<\/strong><\/li>\n<li data-section-id=\"14insls\" data-start=\"938\" data-end=\"970\">des <strong data-start=\"944\" data-end=\"970\">\u00e9v\u00e9nements et tournois<\/strong><\/li>\n<li data-section-id=\"u4e671\" data-start=\"971\" data-end=\"1077\">des <strong data-start=\"977\" data-end=\"1037\">forfaits et programmes pour joueurs r\u00e9guliers et juniors<\/strong><\/li>\n<\/ul>\n<p data-start=\"1079\" data-end=\"1327\">&#x1f449; En r\u00e9sum\u00e9 : Le Portage est un <strong data-start=\"1112\" data-end=\"1158\">club accessible, bien \u00e9tabli et polyvalent<\/strong>, qui combine un parcours int\u00e9ressant avec une ambiance chaleureuse et des installations modernes \u2014 id\u00e9al autant pour une partie entre amis que pour des \u00e9v\u00e9nements golf.<\/p>\n","protected":false},"excerpt":{"rendered":"<p>Forfait golf et souper au Club de golf Le Portage et \u00e0 son restaurant le Hook !<\/p>\n<p>Ce forfait inclus :<\/p>\n<ul>\n<li>1 ronde de 9 trous avec voiturette (<em>ronde apr\u00e8s 15h00<\/em>)<\/li>\n<li>1 forfait golf et souper au Hook Bar Gourmet\n<ul>\n<li>Th\u00e9matique : les vendredis BBQ Grill. Buffet de grillades \u00e0 volont\u00e9 (voir menu photo)<\/li>\n<\/ul>\n<\/li>\n<\/ul>\n<p><strong>Valide le vendredi pour la saison 2026<\/strong>* (sauf lors \u00e9v\u00e9nement priv\u00e9). R\u00e9servation 5 jours \u00e0 l&#8217;avance possible (doit r\u00e9server sa place au restaurant sur <a href=\"https:\/\/booking.libroreserve.com\/6185a3831c0cb\/QC017156256298\/seat\">Libro)<\/a><\/p>\n<p>*Tous les vendredis \u00e0 partir du 15 mai d\u00e8s 17h30 &#8211; jusqu&#8217;au 11 septembre 2026.<\/p>\n<p>Pas valide lors de tournoi. Pourboire non-inclus.<\/p>\n","protected":false},"featured_media":293214,"template":"","meta":{"_et_pb_use_builder":"","_et_pb_old_content":"","_et_gb_content_width":""},"product_brand":[],"product_cat":[3531,1200,1806,3956,1605],"product_tag":[],"class_list":{"0":"post-293197","1":"product","2":"type-product","3":"status-publish","4":"has-post-thumbnail","6":"product_cat-1-joueur-nombre-de-joueur","7":"product_cat-9-trous","8":"product_cat-voiturette-et-restauration","9":"product_cat-club-de-golf-le-portage","10":"product_cat-lanaudiere","12":"first","13":"instock","14":"sale","15":"downloadable","16":"taxable","17":"shipping-taxable","18":"purchasable","19":"product-type-simple"},"_links":{"self":[{"href":"https:\/\/flexigolf.ca\/en\/wp-json\/wp\/v2\/product\/293197","targetHints":{"allow":["GET"]}}],"collection":[{"href":"https:\/\/flexigolf.ca\/en\/wp-json\/wp\/v2\/product"}],"about":[{"href":"https:\/\/flexigolf.ca\/en\/wp-json\/wp\/v2\/types\/product"}],"wp:featuredmedia":[{"embeddable":true,"href":"https:\/\/flexigolf.ca\/en\/wp-json\/wp\/v2\/media\/293214"}],"wp:attachment":[{"href":"https:\/\/flexigolf.ca\/en\/wp-json\/wp\/v2\/media?parent=293197"}],"wp:term":[{"taxonomy":"product_brand","embeddable":true,"href":"https:\/\/flexigolf.ca\/en\/wp-json\/wp\/v2\/product_brand?post=293197"},{"taxonomy":"product_cat","embeddable":true,"href":"https:\/\/flexigolf.ca\/en\/wp-json\/wp\/v2\/product_cat?post=293197"},{"taxonomy":"product_tag","embeddable":true,"href":"https:\/\/flexigolf.ca\/en\/wp-json\/wp\/v2\/product_tag?post=293197"}],"curies":[{"name":"wp","href":"https:\/\/api.w.org\/{rel}","templated":true}]}}