{"id":293936,"date":"2026-04-23T10:20:57","date_gmt":"2026-04-23T14:20:57","guid":{"rendered":"https:\/\/flexigolf.ca\/?post_type=product&#038;p=293936"},"modified":"2026-04-23T10:21:00","modified_gmt":"2026-04-23T14:21:00","slug":"evenement-parent-enfant-au-parcours-du-vieux-village-12-juillet-2026","status":"publish","type":"product","link":"https:\/\/flexigolf.ca\/en\/product\/evenement-parent-enfant-au-parcours-du-vieux-village-12-juillet-2026\/","title":{"rendered":"\u00c9v\u00e9nement Parent-Enfant au Parcours du vieux Village &#8211; 12 juillet 2026"},"content":{"rendered":"<p><span style=\"font-weight: 400;\">Un \u00e9v\u00e9nement pour les familles au sens large! Le golf est un sport rassembleur et c\u2019est l\u2019objectif de cet \u00e9v\u00e9nement.\u00a0<\/span><\/p>\n<p><span style=\"font-weight: 400;\">O\u00f9 : Parcours du vieux village, Estrie<\/span><\/p>\n<p><span style=\"font-weight: 400;\">Quand : 12 juillet 2026<\/span><\/p>\n<p><span style=\"font-weight: 400;\">Pour cet \u00e9v\u00e9nement, il y a diff\u00e9rentes cat\u00e9gories :\u00a0<\/span><\/p>\n<ul>\n<li style=\"font-weight: 400;\" aria-level=\"1\"><span style=\"font-weight: 400;\">V\u00e9gas \u00e0 4 &#8211; 2 adultes et 2 enfants (moins de 18 ans)<\/span><\/li>\n<li style=\"font-weight: 400;\" aria-level=\"1\"><span style=\"font-weight: 400;\">V\u00e9gas \u00e0 4\u00a0 &#8211; 2 adultes et 2 enfants (adulte)<\/span><\/li>\n<li style=\"font-weight: 400;\" aria-level=\"1\"><span style=\"font-weight: 400;\">V\u00e9gas \u00e0 2 &#8211; 1 adulte et 1 enfant (moins de 18 ans)<\/span><\/li>\n<li style=\"font-weight: 400;\" aria-level=\"1\"><span style=\"font-weight: 400;\">V\u00e9gas \u00e0 2 &#8211; 1 adulte et 1 enfant (adulte)<\/span><\/li>\n<\/ul>\n<p><span style=\"font-weight: 400;\">II y aura un classement pour chaque cat\u00e9gorie, pour le plaisir de jouer au golf en famille!<\/span><\/p>\n<p><span style=\"font-weight: 400;\">Animation avant le d\u00e9part, concours putting, tournoi v\u00e9gas, animation sur le parcours et souper et remise de prix!<\/span><\/p>\n<p><span style=\"font-weight: 400;\">Une belle journ\u00e9e attend les golfeuses!<\/span><\/p>\n<p><b>L\u2019\u00e9v\u00e9nement inclus :<\/b><\/p>\n<ul>\n<li style=\"font-weight: 400;\" aria-level=\"1\"><span style=\"font-weight: 400;\">Concours avant la partie avec animation<\/span><\/li>\n<li style=\"font-weight: 400;\" aria-level=\"1\"><span style=\"font-weight: 400;\">Golf &amp; Voiturette :\u00a0<\/span><\/li>\n<li style=\"font-weight: 400;\" aria-level=\"1\"><span style=\"font-weight: 400;\">Concours sur le terrain<\/span><\/li>\n<li style=\"font-weight: 400;\" aria-level=\"1\"><span style=\"font-weight: 400;\">Prix de pr\u00e9sence<\/span><\/li>\n<li style=\"font-weight: 400;\" aria-level=\"1\"><span style=\"font-weight: 400;\">Prix pour les gagnants<\/span><\/li>\n<li style=\"font-weight: 400;\" aria-level=\"1\"><span style=\"font-weight: 400;\">Repas \u00e0 partager apr\u00e8s la partie<\/span><\/li>\n<li style=\"font-weight: 400;\" aria-level=\"1\"><span style=\"font-weight: 400;\">5$ \u00e0 la Fondation FlexiGolf par participation<\/span><\/li>\n<\/ul>\n<p><b>Horaire :\u00a0<\/b><\/p>\n<ul>\n<li style=\"font-weight: 400;\" aria-level=\"1\"><span style=\"font-weight: 400;\">11h00 D\u00e9but Accueil<\/span><\/li>\n<li style=\"font-weight: 400;\" aria-level=\"1\"><span style=\"font-weight: 400;\">11h30 Activit\u00e9s avant d\u00e9part<\/span><\/li>\n<li style=\"font-weight: 400;\" aria-level=\"1\"><span style=\"font-weight: 400;\">13h00 D\u00e9part en shotgun<\/span><\/li>\n<li style=\"font-weight: 400;\" aria-level=\"1\"><span style=\"font-weight: 400;\">18h30 Souper et remise des prix<\/span><\/li>\n<\/ul>\n<p><span style=\"font-weight: 400;\">C\u2019est le meilleur moment pour rassembler vos \u00eatres chers pour une partie de golf en famille au magnifique parcours du vieux village.<\/span><\/p>\n","protected":false},"excerpt":{"rendered":"<p>Participez \u00e0 cet \u00e9v\u00e9nement pour c\u00e9l\u00e9brer le golf en famille! Avant l&#8217;\u00e9v\u00e9nement, nous allons envoyer un courriel pour cr\u00e9er les \u00e9quipes et vous inscrire dans la formule jeu choisie : v\u00e9gas \u00e0 2 ou v\u00e9gas \u00e0 4. \u00a0Il y a plusieurs cat\u00e9gories pour participer :<\/p>\n<ul>\n<li>Enfant + 18 ans\n<ul>\n<li>V\u00e9gas \u00e0 2<\/li>\n<li>V\u00e9gas \u00e0 4<\/li>\n<\/ul>\n<\/li>\n<li>Enfant &#8211; de 18 ans\n<ul>\n<li>V\u00e9gas \u00e0 2<\/li>\n<li>V\u00e9gas \u00e0 4<\/li>\n<\/ul>\n<\/li>\n<\/ul>\n<p>Ce forfait inclus :<\/p>\n<ul>\n<li>Ronde de golf 18 trous pour 2 avec voiturette<\/li>\n<li>Souper pour 2 personnes<\/li>\n<li>Animations et concours avant la partie<\/li>\n<li>Prix \u00e0 gagner<\/li>\n<li>Prix de participation<\/li>\n<\/ul>\n<p>Choisir la bonne cat\u00e9gorie d&#8217;\u00e2ge pour l&#8217;achat de votre forfait. Si vous \u00eates un famille de 4 (2 adultes &#8211; 2 enfants moins de 18 ans, prenez 2 forfaits 1 adultes et 1 enfant 17 ans et -). Pour une famille de 4 avec enfant adulte, prenez celui 1 adulte et 1 enfant +18 ans.<\/p>\n<p>Si vous \u00eates une \u00e9quipe de 2, vous allez pouvoir choisir de faire le v\u00e9gas \u00e0 2 ou encore le v\u00e9gas \u00e0 4. On s&#8217;occupe de jumeler les \u00e9quipes.<\/p>\n","protected":false},"featured_media":293946,"template":"","meta":{"_et_pb_use_builder":"","_et_pb_old_content":"","_et_gb_content_width":""},"product_brand":[],"product_cat":[3864,1199,1595,1440],"product_tag":[],"class_list":{"0":"post-293936","1":"product","2":"type-product","3":"status-publish","4":"has-post-thumbnail","6":"product_cat-coupe-familiale","7":"product_cat-estrie","8":"product_cat-evenements","9":"product_cat-parcours-du-vieux-village","11":"first","12":"instock","13":"taxable","14":"shipping-taxable","15":"purchasable","16":"product-type-variable"},"_links":{"self":[{"href":"https:\/\/flexigolf.ca\/en\/wp-json\/wp\/v2\/product\/293936","targetHints":{"allow":["GET"]}}],"collection":[{"href":"https:\/\/flexigolf.ca\/en\/wp-json\/wp\/v2\/product"}],"about":[{"href":"https:\/\/flexigolf.ca\/en\/wp-json\/wp\/v2\/types\/product"}],"wp:featuredmedia":[{"embeddable":true,"href":"https:\/\/flexigolf.ca\/en\/wp-json\/wp\/v2\/media\/293946"}],"wp:attachment":[{"href":"https:\/\/flexigolf.ca\/en\/wp-json\/wp\/v2\/media?parent=293936"}],"wp:term":[{"taxonomy":"product_brand","embeddable":true,"href":"https:\/\/flexigolf.ca\/en\/wp-json\/wp\/v2\/product_brand?post=293936"},{"taxonomy":"product_cat","embeddable":true,"href":"https:\/\/flexigolf.ca\/en\/wp-json\/wp\/v2\/product_cat?post=293936"},{"taxonomy":"product_tag","embeddable":true,"href":"https:\/\/flexigolf.ca\/en\/wp-json\/wp\/v2\/product_tag?post=293936"}],"curies":[{"name":"wp","href":"https:\/\/api.w.org\/{rel}","templated":true}]}}