{"id":44123,"date":"2021-06-07T12:13:18","date_gmt":"2021-06-07T16:13:18","guid":{"rendered":"https:\/\/flexigolf.ca\/?post_type=product&#038;p=44123"},"modified":"2022-03-13T18:22:38","modified_gmt":"2022-03-13T22:22:38","slug":"tuque-or-flexigolf","status":"publish","type":"product","link":"https:\/\/flexigolf.ca\/en\/product\/tuque-or-flexigolf\/","title":{"rendered":"Tuque Or FlexiGolf"},"content":{"rendered":"<h1 style=\"text-align: center;\">Repr\u00e9sentez FlexiGolf partout o\u00f9 vous aller et surtout encouragez la Fondation FlexiGolf<\/h1>\n<p>La fondation Flexigolf a pour mission d<span style=\"font-weight: 400;\">\u00e9mocratiser le golf afin d\u2019initier les moins privil\u00e9gi\u00e9s de la soci\u00e9t\u00e9 \u00e0 ce sport et soutenir la rel\u00e8ve qui souhaite pousser plus loin leur passion, mais dont les moyens manquent.<\/span><\/p>\n<p style=\"text-align: center;\"><a href=\"https:\/\/fondation.flexigolf.ca\/\">https:\/\/fondation.flexigolf.ca\/<\/a><\/p>\n","protected":false},"excerpt":{"rendered":"<h2 style=\"text-align: center;\">Tuque Or FlexiGolf<\/h2>\n<p>Une seule grandeur et une seule couleur!<\/p>\n<p>Un look parfait pour les golfeurs nomades avec style \ud83d\ude42 Gardez vous au chaud avec FlexiGolf!<\/p>\n<p><strong>Avec l&#8217;achat, 2$ est remis \u00e0 la Fondation FlexiGolf! <\/strong><\/p>\n<p><em>Co\u00fbt de livraison : 10$ &#8211; Achat plus de 75$, la livraison est gratuite!<\/em><\/p>\n","protected":false},"featured_media":130753,"template":"","meta":{"_et_pb_use_builder":"","_et_pb_old_content":"","_et_gb_content_width":""},"product_brand":[],"product_cat":[3487],"product_tag":[],"class_list":{"0":"post-44123","1":"product","2":"type-product","3":"status-publish","4":"has-post-thumbnail","6":"product_cat-articles-promotionnels","7":"product_shipping_class-tuques","9":"first","10":"instock","11":"taxable","12":"shipping-taxable","13":"purchasable","14":"product-type-simple"},"_links":{"self":[{"href":"https:\/\/flexigolf.ca\/en\/wp-json\/wp\/v2\/product\/44123","targetHints":{"allow":["GET"]}}],"collection":[{"href":"https:\/\/flexigolf.ca\/en\/wp-json\/wp\/v2\/product"}],"about":[{"href":"https:\/\/flexigolf.ca\/en\/wp-json\/wp\/v2\/types\/product"}],"wp:featuredmedia":[{"embeddable":true,"href":"https:\/\/flexigolf.ca\/en\/wp-json\/wp\/v2\/media\/130753"}],"wp:attachment":[{"href":"https:\/\/flexigolf.ca\/en\/wp-json\/wp\/v2\/media?parent=44123"}],"wp:term":[{"taxonomy":"product_brand","embeddable":true,"href":"https:\/\/flexigolf.ca\/en\/wp-json\/wp\/v2\/product_brand?post=44123"},{"taxonomy":"product_cat","embeddable":true,"href":"https:\/\/flexigolf.ca\/en\/wp-json\/wp\/v2\/product_cat?post=44123"},{"taxonomy":"product_tag","embeddable":true,"href":"https:\/\/flexigolf.ca\/en\/wp-json\/wp\/v2\/product_tag?post=44123"}],"curies":[{"name":"wp","href":"https:\/\/api.w.org\/{rel}","templated":true}]}}